{"id":3532,"date":"2020-03-18T20:29:37","date_gmt":"2020-03-18T20:29:37","guid":{"rendered":"https:\/\/kecheslaw.com\/?page_id=3532"},"modified":"2023-05-16T16:14:09","modified_gmt":"2023-05-16T16:14:09","slug":"covid-19","status":"publish","type":"page","link":"https:\/\/kecheslaw.com\/pt\/areas-de-pratica\/compensacao-aos-trabalhadores\/covid-19\/","title":{"rendered":"COVID-19"},"content":{"rendered":"<p>O Keches Law Group gostaria de abordar algumas quest\u00f5es comuns relativas \u00e0 remunera\u00e7\u00e3o dos trabalhadores, emprego e o coronav\u00edrus (COVID-19). Primeiro e para a maioria, chame seu m\u00e9dico se voc\u00ea acredita ter sido exposto \u00e0 COVID-19 e desenvolver uma febre e outros sintomas. Outros sintomas podem incluir tosse ou dificuldade para respirar. Estes sintomas podem surgir 2-14 dias ap\u00f3s a exposi\u00e7\u00e3o. As doen\u00e7as que foram relatadas at\u00e9 o momento variaram de sintomas leves a doen\u00e7as graves, assim como a morte.&nbsp;&nbsp;<\/p>\n\n\n\n<h2 class=\"wp-block-heading\">Remunera\u00e7\u00e3o dos trabalhadores &amp; COVID-19<\/h2>\n\n\n\n<h4 class=\"wp-block-heading\"><strong>Se eu receber a COVID-19 no trabalho, posso receber a compensa\u00e7\u00e3o dos trabalhadores?<\/strong><\/h4>\n\n\n\n<p>Se um empregado contrair o v\u00edrus por qualquer motivo relacionado ao trabalho, ele ou ela pode possivelmente ser eleg\u00edvel para a compensa\u00e7\u00e3o dos trabalhadores. Isto depender\u00e1 do local onde o empregado trabalha\/o que sua posi\u00e7\u00e3o implica. Se o empregado for um socorrista ou trabalhador de sa\u00fade, ent\u00e3o \u00e9 prov\u00e1vel que sim que ele ou ela possa ser eleg\u00edvel para a compensa\u00e7\u00e3o dos trabalhadores. Para outros trabalhadores, o pedido de indeniza\u00e7\u00e3o do trabalhador \u00e9 vi\u00e1vel, mas teria que haver v\u00e1rios fatos para apoiar a reivindica\u00e7\u00e3o.&nbsp;&nbsp;<\/p>\n\n\n\n<p>Os requerentes de indeniza\u00e7\u00e3o dos trabalhadores precisam provar que a contra\u00e7\u00e3o do v\u00edrus ocorreu no trabalho e foi causada pelo trabalho no local de trabalho do empregador. Embora a COVID-19 seja&nbsp;<strong><em>n\u00e3o&nbsp;<\/em><\/strong>um dano, \u00e9 descrito pela lei estadual para determinar se \u00e9 uma \"doen\u00e7a ocupacional\". Para que seja categorizado como uma doen\u00e7a ocupacional, um funcion\u00e1rio deve provar o seguinte:&nbsp;<\/p>\n\n\n\n<ul class=\"wp-block-list\"><li>A doen\u00e7a\/doen\u00e7a derivada do local de trabalho<\/li><li>A doen\u00e7a\/doen\u00e7a deve surgir ou ser causada por condi\u00e7\u00f5es incomuns ao trabalho e cria uma amea\u00e7a de contrair a doen\u00e7a em maior grau e de forma contrastada do que no p\u00fablico em geral. <\/li><\/ul>\n\n\n\n<p>O maior teste para descobrir se uma les\u00e3o\/doen\u00e7a \"deriva de e dentro do curso do emprego\" \u00e9 se o trabalhador estava envolvido em alguma atividade onde ele ou ela estava servindo o empregador e se estava exposto ao v\u00edrus. Como mencionado anteriormente, \u00e9 poss\u00edvel que haja mais considera\u00e7\u00e3o com os prestadores de servi\u00e7os de sa\u00fade e os primeiros socorristas, pois estes indiv\u00edduos poderiam contrair o v\u00edrus como resultado de sua ocupa\u00e7\u00e3o. <\/p>\n\n\n\n<p>Para todos os outros funcion\u00e1rios, um pedido de indeniza\u00e7\u00e3o dos trabalhadores ser\u00e1 monitorado em uma an\u00e1lise caso a caso. A ess\u00eancia chave ser\u00e1 se o trabalhador foi infectado pelo v\u00edrus no trabalho e se a contra\u00e7\u00e3o do v\u00edrus foi ou n\u00e3o \"incomum\" para seu emprego. Para qualquer funcion\u00e1rio que estiver apresentando um pedido de indeniza\u00e7\u00e3o de trabalhadores devido \u00e0 COVID-19, ele ou ela<em> <strong>deve <\/strong><\/em>ser capaz de mostrar provas m\u00e9dicas para apoiar sua reivindica\u00e7\u00e3o.<\/p>\n\n\n\n<p>Para concluir, a COVID-19 est\u00e1 se espalhando rapidamente por todos os Estados Unidos. Ser\u00e1 cada vez mais desafiador provar que o local de trabalho foi a \u00fanica fonte de exposi\u00e7\u00e3o em vez da exposi\u00e7\u00e3o do p\u00fablico. Se um funcion\u00e1rio pode provar que contratou a COVID-19 especificamente de seu ambiente de trabalho, \u00e9 importante proporcionar benef\u00edcios a esses funcion\u00e1rios durante o tempo em que estiverem em quarentena. <\/p>\n\n\n\n<h3 class=\"wp-block-heading\">Desemprego &amp; COVID-19<\/h3>\n\n\n\n<p>Em meio a tudo o que ocorre com a COVID-19, o Departamento de Assist\u00eancia ao Desemprego (DUA) e o Escrit\u00f3rio Executivo do Trabalho e Desenvolvimento da For\u00e7a de Trabalho (EOLWD) continuam a trabalhar lado a lado com o Departamento do Trabalho dos EUA (USDOL) para tomar as medidas necess\u00e1rias para ajudar os trabalhadores e empregadores.<\/p>\n\n\n\n<p>Muitas pessoas foram demitidas e continuar\u00e3o a ser demitidas devido \u00e0 pandemia em curso. Se voc\u00ea \u00e9 algu\u00e9m que perdeu seu emprego, voc\u00ea pode potencialmente se qualificar para uma renda tempor\u00e1ria para apoi\u00e1-lo por enquanto. Se voc\u00ea precisar apresentar um pedido de desemprego, por favor, fa\u00e7a-o <a href=\"https:\/\/www.mass.gov\/how-to\/apply-for-unemployment-benefits\">aqui.<\/a><\/p>\n\n\n\n<h4 class=\"wp-block-heading\"><strong>Um profissional m\u00e9dico me disse para fazer uma quarentena. Como posso ser pago?<\/strong><\/h4>\n\n\n\n<p>O Departamento de Assist\u00eancia ao Desemprego (DUA) pode potencialmente pagar o subs\u00eddio de desemprego a algu\u00e9m que tenha sido ordenado a ser colocado em quarentena por um profissional m\u00e9dico. O DUA tamb\u00e9m pode oferecer esses benef\u00edcios a indiv\u00edduos que deixam o emprego devido a risco razo\u00e1vel de exposi\u00e7\u00e3o\/infec\u00e7\u00e3o ou para cuidar de um membro da fam\u00edlia. O funcion\u00e1rio faz <strong><em>n\u00e3o <\/em><\/strong>t\u00eam que ter documenta\u00e7\u00e3o m\u00e9dica e podem voltar ao trabalho quando estiverem aptos a faz\u00ea-lo.<\/p>\n\n\n\n<p>Para ajudar aqueles que <strong><em>n\u00e3o pode <\/em><\/strong>trabalho devido ao impacto que o coronav\u00edrus est\u00e1 tendo atualmente, o gabinete do governador apresentou um ato de emerg\u00eancia que conceder\u00e1 novas reivindica\u00e7\u00f5es a serem pagas mais rapidamente. O per\u00edodo de uma semana de espera para o subs\u00eddio de desemprego ser\u00e1 dispensado.  Dito isto, a DUA ter\u00e1 que pagar benef\u00edcios (sem qualquer per\u00edodo de espera) aos indiv\u00edduos que:<\/p>\n\n\n\n<ul class=\"wp-block-list\"><li>Perderam seu emprego devido a demiss\u00f5es ou fechamento de empresas<\/li><li>Pedidos de quarentena<\/li><li>Doen\u00e7as que os pro\u00edbem de sair de suas casas<\/li><li>Ter que ficar em casa para cuidar de um membro da fam\u00edlia doente\/de quarentena<\/li><\/ul>\n\n\n\n<h4 class=\"wp-block-heading\"><strong>Meu trabalho foi temporariamente interrompido. Como serei compensado?<\/strong>&nbsp;<\/h4>\n\n\n\n<p>Houve provid\u00eancias de emerg\u00eancia para que as pessoas que foram afetadas por este v\u00edrus possam receber o subs\u00eddio de desemprego se seu trabalho tiver sido temporariamente interrompido. Quer voc\u00ea seja um funcion\u00e1rio em tempo integral ou parcial e seu local de trabalho tenha sido encerrado, isto se aplica a voc\u00ea. Se voc\u00ea precisar apresentar uma solicita\u00e7\u00e3o de desemprego, por favor, fa\u00e7a-o online, <a href=\"https:\/\/www.mass.gov\/how-to\/apply-for-unemployment-benefits\">aqui.<\/a> <\/p>\n\n\n\n<p>\u00c9 necess\u00e1rio que voc\u00ea permane\u00e7a em contato com seu empregador durante todo o per\u00edodo de paralisa\u00e7\u00e3o. \u00c9 importante que voc\u00ea permane\u00e7a dispon\u00edvel para qualquer trabalho que seu empregador possa lhe dar. <\/p>\n\n\n\n<h4 class=\"wp-block-heading\"><strong>Como posso requerer o subs\u00eddio de desemprego?<\/strong><\/h4>\n\n\n\n<p>Para ajudar a controlar a propaga\u00e7\u00e3o da COVID-19, todos os servi\u00e7os presenciais para as \u00e1reas de desemprego est\u00e3o atualmente indispon\u00edveis. Como descrito acima, a forma mais segura e r\u00e1pida de apresentar uma reivindica\u00e7\u00e3o durante este tempo sem precedentes \u00e9 <a href=\"https:\/\/www.mass.gov\/how-to\/apply-for-unemployment-benefits\">online.<\/a> Se voc\u00ea rolar para 'downloads' e clicar em 'COVID-19 Manual do Desemprego (Reclama\u00e7\u00f5es iniciais apresentadas em ou ap\u00f3s 15 de mar\u00e7o de 2020)', h\u00e1 um passo a passo em PowerPoint sobre como solicitar o subs\u00eddio de desemprego. <\/p>\n\n\n\n<h4 class=\"wp-block-heading\"><strong>Informa\u00e7\u00f5es necess\u00e1rias ao se candidatar ao desemprego:<\/strong><\/h4>\n\n\n\n<ul class=\"wp-block-list\"><li>N\u00famero do Seguro Social<\/li><li>DOB<\/li><li>Endere\u00e7o residencial<\/li><li>Endere\u00e7o de e-mail<\/li><li>N\u00famero de telefone<\/li><li>Informa\u00e7\u00f5es sobre emprego<ul><li>Nomes de todos os empregadores, endere\u00e7os e n\u00fameros de telefone<\/li><li>Raz\u00f5es para deixar cada trabalho<\/li><li>Datas de in\u00edcio e t\u00e9rmino do emprego<\/li><li>Data de recall (demitido, mas tenha uma data em que voc\u00ea voltar\u00e1 ao trabalho)<\/li><\/ul><\/li><\/ul>\n\n\n\n<h4 class=\"wp-block-heading\"><strong>\u00c0s vezes voc\u00ea pode precisar de mais informa\u00e7\u00f5es, inclusive:<\/strong><\/h4>\n\n\n\n<ul class=\"wp-block-list\"><li>N\u00famero de registro de estrangeiro (se voc\u00ea for <strong>n\u00e3o <\/strong>um cidad\u00e3o dos EUA)<\/li><li>DOB e n\u00fameros do Seguro Social de seus filhos<\/li><li>Nome do Sindicato e n\u00famero local (se voc\u00ea estiver separado do Sindicato)<\/li><li>DD-214 Formul\u00e1rio de Membro 4 (se voc\u00ea estivesse no ex\u00e9rcito)<\/li><li>Formul\u00e1rio SF8 - opcional (se voc\u00ea trabalhou para o governo federal)<\/li><\/ul>\n\n\n\n<p><em>Nota: se voc\u00ea desejar receber pagamentos de dep\u00f3sito direto, voc\u00ea precisar\u00e1 fornecer seu nome banc\u00e1rio, n\u00famero de conta e n\u00famero de roteamento. <\/em><\/p>\n\n\n\n<h4 class=\"wp-block-heading\"><strong>C<\/strong>um I<strong> ficar em casa sob a FMLA para evitar a COVID-19?<\/strong><\/h4>\n\n\n\n<p>A Lei de Licen\u00e7a Familiar e M\u00e9dica (FMLA) protege os indiv\u00edduos que s\u00e3o deficientes e t\u00eam um grave problema de sa\u00fade. Este pode ser o caso quando algu\u00e9m contrata o coronav\u00edrus. Isto tamb\u00e9m inclui aqueles que s\u00e3o necess\u00e1rios em casa para cuidar de um membro coberto da fam\u00edlia com este v\u00edrus.<\/p>\n\n\n\n<p>O FMLA n\u00e3o o cobrir\u00e1 se voc\u00ea deixar o trabalho apenas para evitar a exposi\u00e7\u00e3o ao v\u00edrus. Dito isto, \u00e9 importante que os empregadores incentivem seus trabalhadores a permanecerem em casa se estiverem doentes ou se estiverem expostos a algu\u00e9m que esteja doente. Os empregadores devem ter pol\u00edticas flex\u00edveis de licen\u00e7a para os funcion\u00e1rios sob tais circunst\u00e2ncias.<\/p>","protected":false},"excerpt":{"rendered":"<p>O Keches Law Group gostaria de responder a algumas perguntas comuns sobre indeniza\u00e7\u00e3o de trabalhadores, emprego e o coronav\u00edrus (COVID-19). Em primeiro lugar, e acima de tudo, ligue para o seu m\u00e9dico se voc\u00ea acredita ter sido exposto \u00e0 COVID-19 e apresentar febre e outros sintomas. Outros sintomas podem incluir tosse ou dificuldade para respirar. Esses sintomas podem aparecer de 2 a 14 dias ap\u00f3s a exposi\u00e7\u00e3o. As doen\u00e7as relatadas at\u00e9 o momento variam de ...<\/p>","protected":false},"author":2,"featured_media":0,"parent":2077,"menu_order":0,"comment_status":"closed","ping_status":"closed","template":"","meta":{"_genesis_hide_title":false,"_genesis_hide_breadcrumbs":false,"_genesis_hide_singular_image":false,"_genesis_hide_footer_widgets":false,"_genesis_custom_body_class":"","_genesis_custom_post_class":"","_genesis_layout":"","footnotes":""},"class_list":{"0":"post-3532","1":"page","2":"type-page","3":"status-publish","5":"entry"},"yoast_head":"<!-- This site is optimized with the Yoast SEO Premium plugin v20.6 (Yoast SEO v20.6) - https:\/\/yoast.com\/wordpress\/plugins\/seo\/ -->\n<title>COVID-19 - Keches Law Group<\/title>\n<meta name=\"description\" content=\"Keches Law Group is the largest injury law firm in New England. We are here to help you through your COVID-19 legal situation.\" \/>\n<meta name=\"robots\" content=\"index, follow, max-snippet:-1, max-image-preview:large, max-video-preview:-1\" \/>\n<link rel=\"canonical\" href=\"https:\/\/kecheslaw.com\/pt\/areas-de-pratica\/compensacao-aos-trabalhadores\/covid-19\/\" \/>\n<meta property=\"og:locale\" content=\"pt_BR\" \/>\n<meta property=\"og:type\" content=\"article\" \/>\n<meta property=\"og:title\" content=\"COVID-19\" \/>\n<meta property=\"og:description\" content=\"Keches Law Group is the largest injury law firm in New England. We are here to help you through your COVID-19 legal situation.\" \/>\n<meta property=\"og:url\" content=\"https:\/\/kecheslaw.com\/pt\/areas-de-pratica\/compensacao-aos-trabalhadores\/covid-19\/\" \/>\n<meta property=\"og:site_name\" content=\"Keches Law Group\" \/>\n<meta property=\"article:publisher\" content=\"https:\/\/www.facebook.com\/kecheslaw\/\" \/>\n<meta property=\"article:modified_time\" content=\"2023-05-16T16:14:09+00:00\" \/>\n<meta name=\"twitter:card\" content=\"summary_large_image\" \/>\n<meta name=\"twitter:site\" content=\"@kecheslaw\" \/>\n<meta name=\"twitter:label1\" content=\"Est. tempo de leitura\" \/>\n\t<meta name=\"twitter:data1\" content=\"6 minutos\" \/>\n<script type=\"application\/ld+json\" class=\"yoast-schema-graph\">{\"@context\":\"https:\/\/schema.org\",\"@graph\":[{\"@type\":\"WebPage\",\"@id\":\"https:\/\/kecheslaw.com\/practice-areas\/workers-compensation\/covid-19\/\",\"url\":\"https:\/\/kecheslaw.com\/practice-areas\/workers-compensation\/covid-19\/\",\"name\":\"COVID-19 - Keches Law Group\",\"isPartOf\":{\"@id\":\"https:\/\/kecheslaw.com\/#website\"},\"datePublished\":\"2020-03-18T20:29:37+00:00\",\"dateModified\":\"2023-05-16T16:14:09+00:00\",\"description\":\"Keches Law Group is the largest injury law firm in New England. We are here to help you through your COVID-19 legal situation.\",\"breadcrumb\":{\"@id\":\"https:\/\/kecheslaw.com\/practice-areas\/workers-compensation\/covid-19\/#breadcrumb\"},\"inLanguage\":\"pt-BR\",\"potentialAction\":[{\"@type\":\"ReadAction\",\"target\":[\"https:\/\/kecheslaw.com\/practice-areas\/workers-compensation\/covid-19\/\"]}]},{\"@type\":\"BreadcrumbList\",\"@id\":\"https:\/\/kecheslaw.com\/practice-areas\/workers-compensation\/covid-19\/#breadcrumb\",\"itemListElement\":[{\"@type\":\"ListItem\",\"position\":1,\"name\":\"Practice Areas\",\"item\":\"https:\/\/kecheslaw.com\/practice-areas\/\"},{\"@type\":\"ListItem\",\"position\":2,\"name\":\"Workers&#8217; Compensation Lawyers\",\"item\":\"https:\/\/kecheslaw.com\/practice-areas\/workers-compensation\/\"},{\"@type\":\"ListItem\",\"position\":3,\"name\":\"COVID-19\"}]},{\"@type\":\"WebSite\",\"@id\":\"https:\/\/kecheslaw.com\/#website\",\"url\":\"https:\/\/kecheslaw.com\/\",\"name\":\"Keches Law Group\",\"description\":\"Workers&#039; Compensation and Injury Lawyers\",\"publisher\":{\"@id\":\"https:\/\/kecheslaw.com\/#organization\"},\"potentialAction\":[{\"@type\":\"SearchAction\",\"target\":{\"@type\":\"EntryPoint\",\"urlTemplate\":\"https:\/\/kecheslaw.com\/?s={search_term_string}\"},\"query-input\":\"required name=search_term_string\"}],\"inLanguage\":\"pt-BR\"},{\"@type\":\"Organization\",\"@id\":\"https:\/\/kecheslaw.com\/#organization\",\"name\":\"Keches Law Group\",\"url\":\"https:\/\/kecheslaw.com\/\",\"logo\":{\"@type\":\"ImageObject\",\"inLanguage\":\"pt-BR\",\"@id\":\"https:\/\/kecheslaw.com\/#\/schema\/logo\/image\/\",\"url\":\"https:\/\/kecheslaw.com\/wp-content\/uploads\/2018\/12\/sitefavicon.png\",\"contentUrl\":\"https:\/\/kecheslaw.com\/wp-content\/uploads\/2018\/12\/sitefavicon.png\",\"width\":512,\"height\":512,\"caption\":\"Keches Law Group\"},\"image\":{\"@id\":\"https:\/\/kecheslaw.com\/#\/schema\/logo\/image\/\"},\"sameAs\":[\"https:\/\/www.facebook.com\/kecheslaw\/\",\"https:\/\/twitter.com\/kecheslaw\",\"http:\/\/instagram.com\/kecheslaw\",\"https:\/\/www.linkedin.com\/company\/keches-law-group-pc\/about\/\",\"https:\/\/www.youtube.com\/channel\/UCtgkXK4oA0WNIO8HYmVIE9A\"]}]}<\/script>\n<!-- \/ Yoast SEO Premium plugin. -->","yoast_head_json":{"title":"COVID-19 - Keches Law Group","description":"Keches Law Group is the largest injury law firm in New England. We are here to help you through your COVID-19 legal situation.","robots":{"index":"index","follow":"follow","max-snippet":"max-snippet:-1","max-image-preview":"max-image-preview:large","max-video-preview":"max-video-preview:-1"},"canonical":"https:\/\/kecheslaw.com\/pt\/areas-de-pratica\/compensacao-aos-trabalhadores\/covid-19\/","og_locale":"pt_BR","og_type":"article","og_title":"COVID-19","og_description":"Keches Law Group is the largest injury law firm in New England. We are here to help you through your COVID-19 legal situation.","og_url":"https:\/\/kecheslaw.com\/pt\/areas-de-pratica\/compensacao-aos-trabalhadores\/covid-19\/","og_site_name":"Keches Law Group","article_publisher":"https:\/\/www.facebook.com\/kecheslaw\/","article_modified_time":"2023-05-16T16:14:09+00:00","twitter_card":"summary_large_image","twitter_site":"@kecheslaw","twitter_misc":{"Est. tempo de leitura":"6 minutos"},"schema":{"@context":"https:\/\/schema.org","@graph":[{"@type":"WebPage","@id":"https:\/\/kecheslaw.com\/practice-areas\/workers-compensation\/covid-19\/","url":"https:\/\/kecheslaw.com\/practice-areas\/workers-compensation\/covid-19\/","name":"COVID-19 - Keches Law Group","isPartOf":{"@id":"https:\/\/kecheslaw.com\/#website"},"datePublished":"2020-03-18T20:29:37+00:00","dateModified":"2023-05-16T16:14:09+00:00","description":"Keches Law Group is the largest injury law firm in New England. We are here to help you through your COVID-19 legal situation.","breadcrumb":{"@id":"https:\/\/kecheslaw.com\/practice-areas\/workers-compensation\/covid-19\/#breadcrumb"},"inLanguage":"pt-BR","potentialAction":[{"@type":"ReadAction","target":["https:\/\/kecheslaw.com\/practice-areas\/workers-compensation\/covid-19\/"]}]},{"@type":"BreadcrumbList","@id":"https:\/\/kecheslaw.com\/practice-areas\/workers-compensation\/covid-19\/#breadcrumb","itemListElement":[{"@type":"ListItem","position":1,"name":"Practice Areas","item":"https:\/\/kecheslaw.com\/practice-areas\/"},{"@type":"ListItem","position":2,"name":"Workers&#8217; Compensation Lawyers","item":"https:\/\/kecheslaw.com\/practice-areas\/workers-compensation\/"},{"@type":"ListItem","position":3,"name":"COVID-19"}]},{"@type":"WebSite","@id":"https:\/\/kecheslaw.com\/#website","url":"https:\/\/kecheslaw.com\/","name":"Keches Law Group","description":"Workers&#039; Compensation and Injury Lawyers","publisher":{"@id":"https:\/\/kecheslaw.com\/#organization"},"potentialAction":[{"@type":"SearchAction","target":{"@type":"EntryPoint","urlTemplate":"https:\/\/kecheslaw.com\/?s={search_term_string}"},"query-input":"required name=search_term_string"}],"inLanguage":"pt-BR"},{"@type":"Organization","@id":"https:\/\/kecheslaw.com\/#organization","name":"Keches Law Group","url":"https:\/\/kecheslaw.com\/","logo":{"@type":"ImageObject","inLanguage":"pt-BR","@id":"https:\/\/kecheslaw.com\/#\/schema\/logo\/image\/","url":"https:\/\/kecheslaw.com\/wp-content\/uploads\/2018\/12\/sitefavicon.png","contentUrl":"https:\/\/kecheslaw.com\/wp-content\/uploads\/2018\/12\/sitefavicon.png","width":512,"height":512,"caption":"Keches Law Group"},"image":{"@id":"https:\/\/kecheslaw.com\/#\/schema\/logo\/image\/"},"sameAs":["https:\/\/www.facebook.com\/kecheslaw\/","https:\/\/twitter.com\/kecheslaw","http:\/\/instagram.com\/kecheslaw","https:\/\/www.linkedin.com\/company\/keches-law-group-pc\/about\/","https:\/\/www.youtube.com\/channel\/UCtgkXK4oA0WNIO8HYmVIE9A"]}]}},"_links":{"self":[{"href":"https:\/\/kecheslaw.com\/pt\/wp-json\/wp\/v2\/pages\/3532","targetHints":{"allow":["GET"]}}],"collection":[{"href":"https:\/\/kecheslaw.com\/pt\/wp-json\/wp\/v2\/pages"}],"about":[{"href":"https:\/\/kecheslaw.com\/pt\/wp-json\/wp\/v2\/types\/page"}],"author":[{"embeddable":true,"href":"https:\/\/kecheslaw.com\/pt\/wp-json\/wp\/v2\/users\/2"}],"replies":[{"embeddable":true,"href":"https:\/\/kecheslaw.com\/pt\/wp-json\/wp\/v2\/comments?post=3532"}],"version-history":[{"count":0,"href":"https:\/\/kecheslaw.com\/pt\/wp-json\/wp\/v2\/pages\/3532\/revisions"}],"up":[{"embeddable":true,"href":"https:\/\/kecheslaw.com\/pt\/wp-json\/wp\/v2\/pages\/2077"}],"wp:attachment":[{"href":"https:\/\/kecheslaw.com\/pt\/wp-json\/wp\/v2\/media?parent=3532"}],"curies":[{"name":"wp","href":"https:\/\/api.w.org\/{rel}","templated":true}]}}