{"id":3252,"date":"2020-01-13T20:43:37","date_gmt":"2020-01-13T20:43:37","guid":{"rendered":"https:\/\/kecheslaw.com\/?page_id=3252"},"modified":"2020-02-07T20:02:58","modified_gmt":"2020-02-07T20:02:58","slug":"what-percentage-of-your-pay-does-workers-compensation-pay","status":"publish","type":"page","link":"https:\/\/kecheslaw.com\/pt\/areas-de-pratica\/compensacao-aos-trabalhadores\/faqs\/que-porcentagem-dos-seus-pagadores-trabalhadores-pagadores-compensacao-pagamento\/","title":{"rendered":"Qual \u00e9 a porcentagem de seu sal\u00e1rio que a remunera\u00e7\u00e3o dos trabalhadores paga?"},"content":{"rendered":"<h2 class=\"wp-block-heading\">Benef\u00edcios de Incapacidade Total Tempor\u00e1ria:<\/h2>\n\n\n\n<p>Se voc\u00ea n\u00e3o puder trabalhar por 6 ou mais dias completos (n\u00e3o precisam ser consecutivos) devido a uma les\u00e3o ou doen\u00e7a, ent\u00e3o voc\u00ea se qualifica para <a href=\"https:\/\/kecheslaw.com\/pt\/areas-de-pratica\/compensacao-aos-trabalhadores\/faqs\/arquivar-a-reivindicacao\/\">remunera\u00e7\u00e3o dos trabalhadores<\/a>. Voc\u00ea receber\u00e1 60% de seu sal\u00e1rio semanal m\u00e9dio bruto das 52 semanas anteriores \u00e0 data da les\u00e3o. A quantia m\u00e1xima que voc\u00ea pode receber a cada semana \u00e9 o sal\u00e1rio semanal m\u00e9dio do estado no momento em que ocorreu seu ferimento. Voc\u00ea tem direito a receber estes benef\u00edcios por at\u00e9 156 semanas. O pagamento da indeniza\u00e7\u00e3o come\u00e7ar\u00e1 no seu 6\u00ba dia de incapacidade para o trabalho. Voc\u00ea <strong>n\u00e3o<\/strong> ser pago pelos primeiros 5 dias de trabalho que voc\u00ea perder, a menos que voc\u00ea n\u00e3o possa trabalhar por 21 dias de calend\u00e1rio ou mais. <\/p>\n\n\n\n<h2 class=\"wp-block-heading\">Benef\u00edcios de Incapacidade Parcial Tempor\u00e1ria:<\/h2>\n\n\n\n<p>Se voc\u00ea for capaz de trabalhar mas ganhar menos renda devido a sua les\u00e3o ou doen\u00e7a, ent\u00e3o voc\u00ea pode se qualificar para os benef\u00edcios de incapacidade parcial tempor\u00e1ria. Tais les\u00f5es incluem quaisquer que o obriguem a manter um emprego que ofere\u00e7a um sal\u00e1rio mais baixo ou mesmo trabalhar menos horas. Os trabalhadores parcialmente incapacitados recebem 60% da diferen\u00e7a entre seu sal\u00e1rio semanal anterior \u00e0 les\u00e3o e seu sal\u00e1rio semanal ap\u00f3s uma les\u00e3o no trabalho. Se voc\u00ea n\u00e3o sofrer uma perda no sal\u00e1rio, ent\u00e3o n\u00e3o ter\u00e1 direito a um benef\u00edcio semanal. O m\u00e1ximo que voc\u00ea pode receber a cada semana \u00e9 75% de sua taxa semanal de incapacidade tempor\u00e1ria total (que \u00e9 60% do seu sal\u00e1rio semanal m\u00e9dio bruto).<\/p>\n\n\n\n<ul class=\"wp-block-list\"><li>Por exemplo, se voc\u00ea recebesse $600 por semana como um benef\u00edcio tempor\u00e1rio total, o m\u00e1ximo que poderia obter (se voc\u00ea recebesse benef\u00edcios parciais) seria $450 a cada semana ($600 x .75 = $450).<\/li><\/ul>\n\n\n\n<p>Voc\u00ea pode potencialmente receber estes benef\u00edcios por at\u00e9 260 semanas.<\/p>\n\n\n\n<h2 class=\"wp-block-heading\">Benef\u00edcios de Incapacidade Permanente e Total:<\/h2>\n\n\n\n<p>Voc\u00ea pode se qualificar para tais benef\u00edcios se estiver completa e permanentemente incapaz de realizar qualquer tipo de trabalho por causa de um acidente de trabalho ou doen\u00e7a que tenha encontrado. Voc\u00ea n\u00e3o \u00e9 obrigado a descontinuar seus benef\u00edcios tempor\u00e1rios antes de solicitar benef\u00edcios permanentes. Os benef\u00edcios incluem:<\/p>\n\n\n\n<ul class=\"wp-block-list\"><li>662\/3% de seu sal\u00e1rio semanal m\u00e9dio bruto<\/li><li>Voc\u00ea tamb\u00e9m pode receber um Ajuste Anual de Custo de Vida (COLA) se seu ferimento ocorreu pelo menos 24 meses antes da data de revis\u00e3o.<\/li><\/ul>\n\n\n\n<h2 class=\"wp-block-heading\">Benef\u00edcios m\u00e9dicos:<\/h2>\n\n\n\n<p>Voc\u00ea pode se qualificar para os benef\u00edcios m\u00e9dicos se experimentar uma les\u00e3o ou doen\u00e7a relacionada ao trabalho onde a aten\u00e7\u00e3o m\u00e9dica \u00e9 necess\u00e1ria. Al\u00e9m do tratamento m\u00e9dico, voc\u00ea tamb\u00e9m pode receber reembolso por prescri\u00e7\u00f5es e reembolso por viagens de ida e volta \u00e0s consultas m\u00e9dicas.<\/p>\n\n\n\n<ul class=\"wp-block-list\"><li>Voc\u00ea tem o direito de consultar o m\u00e9dico de sua escolha ap\u00f3s ter sido visto pelo prestador de servi\u00e7os de sa\u00fade de seu empregador<ul><li>Seu empregador tem o direito de envi\u00e1-lo a um m\u00e9dico de sua escolha para sua primeira visita m\u00e9dica ou hospital<\/li><li>A seguradora est\u00e1 autorizada a envi\u00e1-lo regularmente ao m\u00e9dico de sua escolha para uma avalia\u00e7\u00e3o <\/li><\/ul><\/li><\/ul>\n\n\n\n<p>Estes benef\u00edcios durar\u00e3o enquanto for necess\u00e1ria assist\u00eancia m\u00e9dica devido ao ferimento ou doen\u00e7a de que voc\u00ea est\u00e1 sofrendo. A seguradora pode contestar o tratamento a qualquer momento, se acreditar que ele n\u00e3o \u00e9 mais necess\u00e1rio. Se isto acontecer, voc\u00ea pode recorrer da nega\u00e7\u00e3o de tratamento com o DIA. <\/p>\n\n\n\n<h2 class=\"wp-block-heading\">Cicatriza\u00e7\u00e3o e perda permanente da fun\u00e7\u00e3o ou desconfigura\u00e7\u00e3o<\/h2>\n\n\n\n<p>Voc\u00ea pode se qualificar para cicatrizes e\/ou perda permanente da fun\u00e7\u00e3o se sofrer de uma les\u00e3o ou doen\u00e7a relacionada ao trabalho que resulte na perda permanente de qualquer fun\u00e7\u00e3o f\u00edsica. Para receber um benef\u00edcio cicatricial, a cicatriz deve estar localizada em seu rosto, pesco\u00e7o ou m\u00e3os. Este \u00e9 um benef\u00edcio que voc\u00ea s\u00f3 pode receber uma vez. Naturalmente, a quantia que voc\u00ea recebe depende da gravidade de seus ferimentos. <\/p>\n\n\n\n<p>N\u00e3o lhe custa absolutamente nada falar com um advogado para uma consulta sobre seu caso. Grupo Jur\u00eddico Keches <a href=\"https:\/\/kecheslaw.com\/pt\/injury-attorneys\/\">advogados<\/a> est\u00e3o em p\u00e9 sete dias por semana, em todas as horas do dia, prontos para fornecer consultas gratuitas, para inform\u00e1-lo de seus direitos e para discutir como nossos advogados podem ajud\u00e1-lo.  Um advogado do Keches Law Group pode ajud\u00e1-lo a descansar com a certeza de que voc\u00ea ter\u00e1 uma assist\u00eancia competente caso algum dia surja um problema. <a href=\"https:\/\/kecheslaw.com\/pt\/contato-us\/\">Contate-nos<\/a> hoje para seu <strong>consulta gratuita.<\/strong><\/p>","protected":false},"excerpt":{"rendered":"<p>Benef\u00edcios de Incapacidade Total Tempor\u00e1ria: Se voc\u00ea n\u00e3o puder trabalhar por 6 ou mais dias completos de calend\u00e1rio (n\u00e3o precisam ser consecutivos) devido a um ferimento ou doen\u00e7a, ent\u00e3o voc\u00ea se qualifica para a compensa\u00e7\u00e3o dos trabalhadores. Voc\u00ea receber\u00e1 60% de seu sal\u00e1rio semanal m\u00e9dio bruto das 52 semanas anteriores \u00e0 data de ...<\/p>","protected":false},"author":2,"featured_media":0,"parent":2325,"menu_order":0,"comment_status":"closed","ping_status":"closed","template":"","meta":{"_genesis_hide_title":false,"_genesis_hide_breadcrumbs":false,"_genesis_hide_singular_image":false,"_genesis_hide_footer_widgets":false,"_genesis_custom_body_class":"","_genesis_custom_post_class":"","_genesis_layout":"","footnotes":""},"class_list":{"0":"post-3252","1":"page","2":"type-page","3":"status-publish","5":"entry"},"yoast_head":"<!-- This site is optimized with the Yoast SEO Premium plugin v20.6 (Yoast SEO v20.6) - https:\/\/yoast.com\/wordpress\/plugins\/seo\/ -->\n<title>What Percentage of your Pay Does Workers&#039; Compensation Pay? - Keches Law Group<\/title>\n<meta name=\"description\" content=\"The percentage you receive for workers&#039; compensation depends on what type of disability you have. An attorney from Keches Law Group can answer any questions you may have.\" \/>\n<meta name=\"robots\" content=\"index, follow, max-snippet:-1, max-image-preview:large, max-video-preview:-1\" \/>\n<link rel=\"canonical\" href=\"https:\/\/kecheslaw.com\/pt\/areas-de-pratica\/compensacao-aos-trabalhadores\/faqs\/que-porcentagem-dos-seus-pagadores-trabalhadores-pagadores-compensacao-pagamento\/\" \/>\n<meta property=\"og:locale\" content=\"pt_BR\" \/>\n<meta property=\"og:type\" content=\"article\" \/>\n<meta property=\"og:title\" content=\"What Percentage of your Pay Does Workers&#039; Compensation Pay?\" \/>\n<meta property=\"og:description\" content=\"The percentage you receive for workers&#039; compensation depends on what type of disability you have. An attorney from Keches Law Group can answer any questions you may have.\" \/>\n<meta property=\"og:url\" content=\"https:\/\/kecheslaw.com\/pt\/areas-de-pratica\/compensacao-aos-trabalhadores\/faqs\/que-porcentagem-dos-seus-pagadores-trabalhadores-pagadores-compensacao-pagamento\/\" \/>\n<meta property=\"og:site_name\" content=\"Keches Law Group\" \/>\n<meta property=\"article:publisher\" content=\"https:\/\/www.facebook.com\/kecheslaw\/\" \/>\n<meta property=\"article:modified_time\" content=\"2020-02-07T20:02:58+00:00\" \/>\n<meta name=\"twitter:card\" content=\"summary_large_image\" \/>\n<meta name=\"twitter:site\" content=\"@kecheslaw\" \/>\n<meta name=\"twitter:label1\" content=\"Est. tempo de leitura\" \/>\n\t<meta name=\"twitter:data1\" content=\"3 minutos\" \/>\n<script type=\"application\/ld+json\" class=\"yoast-schema-graph\">{\"@context\":\"https:\/\/schema.org\",\"@graph\":[{\"@type\":\"WebPage\",\"@id\":\"https:\/\/kecheslaw.com\/pt\/areas-de-pratica\/compensacao-aos-trabalhadores\/faqs\/que-porcentagem-dos-seus-pagadores-trabalhadores-pagadores-compensacao-pagamento\/\",\"url\":\"https:\/\/kecheslaw.com\/pt\/areas-de-pratica\/compensacao-aos-trabalhadores\/faqs\/que-porcentagem-dos-seus-pagadores-trabalhadores-pagadores-compensacao-pagamento\/\",\"name\":\"What Percentage of your Pay Does Workers' Compensation Pay? - Keches Law Group\",\"isPartOf\":{\"@id\":\"https:\/\/kecheslaw.com\/#website\"},\"datePublished\":\"2020-01-13T20:43:37+00:00\",\"dateModified\":\"2020-02-07T20:02:58+00:00\",\"description\":\"The percentage you receive for workers' compensation depends on what type of disability you have. An attorney from Keches Law Group can answer any questions you may have.\",\"breadcrumb\":{\"@id\":\"https:\/\/kecheslaw.com\/pt\/areas-de-pratica\/compensacao-aos-trabalhadores\/faqs\/que-porcentagem-dos-seus-pagadores-trabalhadores-pagadores-compensacao-pagamento\/#breadcrumb\"},\"inLanguage\":\"pt-BR\",\"potentialAction\":[{\"@type\":\"ReadAction\",\"target\":[\"https:\/\/kecheslaw.com\/pt\/areas-de-pratica\/compensacao-aos-trabalhadores\/faqs\/que-porcentagem-dos-seus-pagadores-trabalhadores-pagadores-compensacao-pagamento\/\"]}]},{\"@type\":\"BreadcrumbList\",\"@id\":\"https:\/\/kecheslaw.com\/pt\/areas-de-pratica\/compensacao-aos-trabalhadores\/faqs\/que-porcentagem-dos-seus-pagadores-trabalhadores-pagadores-compensacao-pagamento\/#breadcrumb\",\"itemListElement\":[{\"@type\":\"ListItem\",\"position\":1,\"name\":\"Practice Areas\",\"item\":\"https:\/\/kecheslaw.com\/practice-areas\/\"},{\"@type\":\"ListItem\",\"position\":2,\"name\":\"Workers&#8217; Compensation Lawyers\",\"item\":\"https:\/\/kecheslaw.com\/practice-areas\/workers-compensation\/\"},{\"@type\":\"ListItem\",\"position\":3,\"name\":\"Workers&#8217; Compensation FAQs\",\"item\":\"https:\/\/kecheslaw.com\/practice-areas\/workers-compensation\/faqs\/\"},{\"@type\":\"ListItem\",\"position\":4,\"name\":\"What Percentage of your Pay Does Workers&#8217; Compensation Pay?\"}]},{\"@type\":\"WebSite\",\"@id\":\"https:\/\/kecheslaw.com\/#website\",\"url\":\"https:\/\/kecheslaw.com\/\",\"name\":\"Keches Law Group\",\"description\":\"Workers&#039; Compensation and Injury Lawyers\",\"publisher\":{\"@id\":\"https:\/\/kecheslaw.com\/#organization\"},\"potentialAction\":[{\"@type\":\"SearchAction\",\"target\":{\"@type\":\"EntryPoint\",\"urlTemplate\":\"https:\/\/kecheslaw.com\/?s={search_term_string}\"},\"query-input\":\"required name=search_term_string\"}],\"inLanguage\":\"pt-BR\"},{\"@type\":\"Organization\",\"@id\":\"https:\/\/kecheslaw.com\/#organization\",\"name\":\"Keches Law Group\",\"url\":\"https:\/\/kecheslaw.com\/\",\"logo\":{\"@type\":\"ImageObject\",\"inLanguage\":\"pt-BR\",\"@id\":\"https:\/\/kecheslaw.com\/#\/schema\/logo\/image\/\",\"url\":\"https:\/\/kecheslaw.com\/wp-content\/uploads\/2018\/12\/sitefavicon.png\",\"contentUrl\":\"https:\/\/kecheslaw.com\/wp-content\/uploads\/2018\/12\/sitefavicon.png\",\"width\":512,\"height\":512,\"caption\":\"Keches Law Group\"},\"image\":{\"@id\":\"https:\/\/kecheslaw.com\/#\/schema\/logo\/image\/\"},\"sameAs\":[\"https:\/\/www.facebook.com\/kecheslaw\/\",\"https:\/\/twitter.com\/kecheslaw\",\"http:\/\/instagram.com\/kecheslaw\",\"https:\/\/www.linkedin.com\/company\/keches-law-group-pc\/about\/\",\"https:\/\/www.youtube.com\/channel\/UCtgkXK4oA0WNIO8HYmVIE9A\"]}]}<\/script>\n<!-- \/ Yoast SEO Premium plugin. -->","yoast_head_json":{"title":"What Percentage of your Pay Does Workers' Compensation Pay? - Keches Law Group","description":"The percentage you receive for workers' compensation depends on what type of disability you have. An attorney from Keches Law Group can answer any questions you may have.","robots":{"index":"index","follow":"follow","max-snippet":"max-snippet:-1","max-image-preview":"max-image-preview:large","max-video-preview":"max-video-preview:-1"},"canonical":"https:\/\/kecheslaw.com\/pt\/areas-de-pratica\/compensacao-aos-trabalhadores\/faqs\/que-porcentagem-dos-seus-pagadores-trabalhadores-pagadores-compensacao-pagamento\/","og_locale":"pt_BR","og_type":"article","og_title":"What Percentage of your Pay Does Workers' Compensation Pay?","og_description":"The percentage you receive for workers' compensation depends on what type of disability you have. An attorney from Keches Law Group can answer any questions you may have.","og_url":"https:\/\/kecheslaw.com\/pt\/areas-de-pratica\/compensacao-aos-trabalhadores\/faqs\/que-porcentagem-dos-seus-pagadores-trabalhadores-pagadores-compensacao-pagamento\/","og_site_name":"Keches Law Group","article_publisher":"https:\/\/www.facebook.com\/kecheslaw\/","article_modified_time":"2020-02-07T20:02:58+00:00","twitter_card":"summary_large_image","twitter_site":"@kecheslaw","twitter_misc":{"Est. tempo de leitura":"3 minutos"},"schema":{"@context":"https:\/\/schema.org","@graph":[{"@type":"WebPage","@id":"https:\/\/kecheslaw.com\/pt\/areas-de-pratica\/compensacao-aos-trabalhadores\/faqs\/que-porcentagem-dos-seus-pagadores-trabalhadores-pagadores-compensacao-pagamento\/","url":"https:\/\/kecheslaw.com\/pt\/areas-de-pratica\/compensacao-aos-trabalhadores\/faqs\/que-porcentagem-dos-seus-pagadores-trabalhadores-pagadores-compensacao-pagamento\/","name":"What Percentage of your Pay Does Workers' Compensation Pay? - Keches Law Group","isPartOf":{"@id":"https:\/\/kecheslaw.com\/#website"},"datePublished":"2020-01-13T20:43:37+00:00","dateModified":"2020-02-07T20:02:58+00:00","description":"The percentage you receive for workers' compensation depends on what type of disability you have. An attorney from Keches Law Group can answer any questions you may have.","breadcrumb":{"@id":"https:\/\/kecheslaw.com\/pt\/areas-de-pratica\/compensacao-aos-trabalhadores\/faqs\/que-porcentagem-dos-seus-pagadores-trabalhadores-pagadores-compensacao-pagamento\/#breadcrumb"},"inLanguage":"pt-BR","potentialAction":[{"@type":"ReadAction","target":["https:\/\/kecheslaw.com\/pt\/areas-de-pratica\/compensacao-aos-trabalhadores\/faqs\/que-porcentagem-dos-seus-pagadores-trabalhadores-pagadores-compensacao-pagamento\/"]}]},{"@type":"BreadcrumbList","@id":"https:\/\/kecheslaw.com\/pt\/areas-de-pratica\/compensacao-aos-trabalhadores\/faqs\/que-porcentagem-dos-seus-pagadores-trabalhadores-pagadores-compensacao-pagamento\/#breadcrumb","itemListElement":[{"@type":"ListItem","position":1,"name":"Practice Areas","item":"https:\/\/kecheslaw.com\/practice-areas\/"},{"@type":"ListItem","position":2,"name":"Workers&#8217; Compensation Lawyers","item":"https:\/\/kecheslaw.com\/practice-areas\/workers-compensation\/"},{"@type":"ListItem","position":3,"name":"Workers&#8217; Compensation FAQs","item":"https:\/\/kecheslaw.com\/practice-areas\/workers-compensation\/faqs\/"},{"@type":"ListItem","position":4,"name":"What Percentage of your Pay Does Workers&#8217; Compensation Pay?"}]},{"@type":"WebSite","@id":"https:\/\/kecheslaw.com\/#website","url":"https:\/\/kecheslaw.com\/","name":"Keches Law Group","description":"Workers&#039; Compensation and Injury Lawyers","publisher":{"@id":"https:\/\/kecheslaw.com\/#organization"},"potentialAction":[{"@type":"SearchAction","target":{"@type":"EntryPoint","urlTemplate":"https:\/\/kecheslaw.com\/?s={search_term_string}"},"query-input":"required name=search_term_string"}],"inLanguage":"pt-BR"},{"@type":"Organization","@id":"https:\/\/kecheslaw.com\/#organization","name":"Keches Law Group","url":"https:\/\/kecheslaw.com\/","logo":{"@type":"ImageObject","inLanguage":"pt-BR","@id":"https:\/\/kecheslaw.com\/#\/schema\/logo\/image\/","url":"https:\/\/kecheslaw.com\/wp-content\/uploads\/2018\/12\/sitefavicon.png","contentUrl":"https:\/\/kecheslaw.com\/wp-content\/uploads\/2018\/12\/sitefavicon.png","width":512,"height":512,"caption":"Keches Law Group"},"image":{"@id":"https:\/\/kecheslaw.com\/#\/schema\/logo\/image\/"},"sameAs":["https:\/\/www.facebook.com\/kecheslaw\/","https:\/\/twitter.com\/kecheslaw","http:\/\/instagram.com\/kecheslaw","https:\/\/www.linkedin.com\/company\/keches-law-group-pc\/about\/","https:\/\/www.youtube.com\/channel\/UCtgkXK4oA0WNIO8HYmVIE9A"]}]}},"_links":{"self":[{"href":"https:\/\/kecheslaw.com\/pt\/wp-json\/wp\/v2\/pages\/3252","targetHints":{"allow":["GET"]}}],"collection":[{"href":"https:\/\/kecheslaw.com\/pt\/wp-json\/wp\/v2\/pages"}],"about":[{"href":"https:\/\/kecheslaw.com\/pt\/wp-json\/wp\/v2\/types\/page"}],"author":[{"embeddable":true,"href":"https:\/\/kecheslaw.com\/pt\/wp-json\/wp\/v2\/users\/2"}],"replies":[{"embeddable":true,"href":"https:\/\/kecheslaw.com\/pt\/wp-json\/wp\/v2\/comments?post=3252"}],"version-history":[{"count":0,"href":"https:\/\/kecheslaw.com\/pt\/wp-json\/wp\/v2\/pages\/3252\/revisions"}],"up":[{"embeddable":true,"href":"https:\/\/kecheslaw.com\/pt\/wp-json\/wp\/v2\/pages\/2325"}],"wp:attachment":[{"href":"https:\/\/kecheslaw.com\/pt\/wp-json\/wp\/v2\/media?parent=3252"}],"curies":[{"name":"wp","href":"https:\/\/api.w.org\/{rel}","templated":true}]}}