{"id":3250,"date":"2020-01-13T19:54:48","date_gmt":"2020-01-13T19:54:48","guid":{"rendered":"https:\/\/kecheslaw.com\/?page_id=3250"},"modified":"2020-02-07T18:08:15","modified_gmt":"2020-02-07T18:08:15","slug":"what-does-memorializing-a-work-injury-in-court-mean","status":"publish","type":"page","link":"https:\/\/kecheslaw.com\/pt\/areas-de-pratica\/compensacao-aos-trabalhadores\/faqs\/o-que-faz-memorializar-um-trabalho-em-juridico-em-court-significa\/","title":{"rendered":"O que significa Memorializar um Dano de Trabalho no Tribunal?"},"content":{"rendered":"<p>Quando um acordo de estipula\u00e7\u00e3o \u00e9 arranjado entre o transportador e o reclamante, ele \u00e9 memorializado por escrito e colocado nos autos pelo Juiz. Este acordo \u00e9 usado para medir e decidir sobre a perda de uso, incapacidade, reembolsos ao empregador, e\/ou seu <a href=\"https:\/\/kecheslaw.com\/pt\/areas-de-pratica\/compensacao-aos-trabalhadores\/faqs\/salario-medio-semanal\/\">benef\u00edcios de indeniza\u00e7\u00e3o semanais.<\/a><\/p>","protected":false},"excerpt":{"rendered":"<p>Quando um acordo de estipula\u00e7\u00e3o \u00e9 arranjado entre o transportador e o reclamante, ele \u00e9 memorializado por escrito e colocado no registro pelo Juiz. Este acordo \u00e9 usado para medir e decidir sobre a perda de uso, incapacidade, reembolsos ao empregador e\/ou seus benef\u00edcios semanais de indeniza\u00e7\u00e3o.<\/p>","protected":false},"author":2,"featured_media":0,"parent":2325,"menu_order":0,"comment_status":"closed","ping_status":"closed","template":"","meta":{"_genesis_hide_title":false,"_genesis_hide_breadcrumbs":false,"_genesis_hide_singular_image":false,"_genesis_hide_footer_widgets":false,"_genesis_custom_body_class":"","_genesis_custom_post_class":"","_genesis_layout":"","footnotes":""},"class_list":{"0":"post-3250","1":"page","2":"type-page","3":"status-publish","5":"entry"},"yoast_head":"<!-- This site is optimized with the Yoast SEO Premium plugin v20.6 (Yoast SEO v20.6) - https:\/\/yoast.com\/wordpress\/plugins\/seo\/ -->\n<title>What does Memorializing a Work Injury in Court Mean? - Keches Law Group<\/title>\n<meta name=\"description\" content=\"When a stipulation agreement is arranged between the carrier and claimant, it is memorialized in writing and placed on the record by the Judge.\" \/>\n<meta name=\"robots\" content=\"index, follow, max-snippet:-1, max-image-preview:large, max-video-preview:-1\" \/>\n<link rel=\"canonical\" href=\"https:\/\/kecheslaw.com\/pt\/areas-de-pratica\/compensacao-aos-trabalhadores\/faqs\/o-que-faz-memorializar-um-trabalho-em-juridico-em-court-significa\/\" \/>\n<meta property=\"og:locale\" content=\"pt_BR\" \/>\n<meta property=\"og:type\" content=\"article\" \/>\n<meta property=\"og:title\" content=\"What does Memorializing a Work Injury in Court Mean?\" \/>\n<meta property=\"og:description\" content=\"When a stipulation agreement is arranged between the carrier and claimant, it is memorialized in writing and placed on the record by the Judge.\" \/>\n<meta property=\"og:url\" content=\"https:\/\/kecheslaw.com\/pt\/areas-de-pratica\/compensacao-aos-trabalhadores\/faqs\/o-que-faz-memorializar-um-trabalho-em-juridico-em-court-significa\/\" \/>\n<meta property=\"og:site_name\" content=\"Keches Law Group\" \/>\n<meta property=\"article:publisher\" content=\"https:\/\/www.facebook.com\/kecheslaw\/\" \/>\n<meta property=\"article:modified_time\" content=\"2020-02-07T18:08:15+00:00\" \/>\n<meta name=\"twitter:card\" content=\"summary_large_image\" \/>\n<meta name=\"twitter:site\" content=\"@kecheslaw\" \/>\n<script type=\"application\/ld+json\" class=\"yoast-schema-graph\">{\"@context\":\"https:\/\/schema.org\",\"@graph\":[{\"@type\":\"WebPage\",\"@id\":\"https:\/\/kecheslaw.com\/pt\/areas-de-pratica\/compensacao-aos-trabalhadores\/faqs\/o-que-faz-memorializar-um-trabalho-em-juridico-em-court-significa\/\",\"url\":\"https:\/\/kecheslaw.com\/pt\/areas-de-pratica\/compensacao-aos-trabalhadores\/faqs\/o-que-faz-memorializar-um-trabalho-em-juridico-em-court-significa\/\",\"name\":\"What does Memorializing a Work Injury in Court Mean? - Keches Law Group\",\"isPartOf\":{\"@id\":\"https:\/\/kecheslaw.com\/#website\"},\"datePublished\":\"2020-01-13T19:54:48+00:00\",\"dateModified\":\"2020-02-07T18:08:15+00:00\",\"description\":\"When a stipulation agreement is arranged between the carrier and claimant, it is memorialized in writing and placed on the record by the Judge.\",\"breadcrumb\":{\"@id\":\"https:\/\/kecheslaw.com\/pt\/areas-de-pratica\/compensacao-aos-trabalhadores\/faqs\/o-que-faz-memorializar-um-trabalho-em-juridico-em-court-significa\/#breadcrumb\"},\"inLanguage\":\"pt-BR\",\"potentialAction\":[{\"@type\":\"ReadAction\",\"target\":[\"https:\/\/kecheslaw.com\/pt\/areas-de-pratica\/compensacao-aos-trabalhadores\/faqs\/o-que-faz-memorializar-um-trabalho-em-juridico-em-court-significa\/\"]}]},{\"@type\":\"BreadcrumbList\",\"@id\":\"https:\/\/kecheslaw.com\/pt\/areas-de-pratica\/compensacao-aos-trabalhadores\/faqs\/o-que-faz-memorializar-um-trabalho-em-juridico-em-court-significa\/#breadcrumb\",\"itemListElement\":[{\"@type\":\"ListItem\",\"position\":1,\"name\":\"Practice Areas\",\"item\":\"https:\/\/kecheslaw.com\/practice-areas\/\"},{\"@type\":\"ListItem\",\"position\":2,\"name\":\"Workers&#8217; Compensation Lawyers\",\"item\":\"https:\/\/kecheslaw.com\/practice-areas\/workers-compensation\/\"},{\"@type\":\"ListItem\",\"position\":3,\"name\":\"Workers&#8217; Compensation FAQs\",\"item\":\"https:\/\/kecheslaw.com\/practice-areas\/workers-compensation\/faqs\/\"},{\"@type\":\"ListItem\",\"position\":4,\"name\":\"What does Memorializing a Work Injury in Court Mean?\"}]},{\"@type\":\"WebSite\",\"@id\":\"https:\/\/kecheslaw.com\/#website\",\"url\":\"https:\/\/kecheslaw.com\/\",\"name\":\"Keches Law Group\",\"description\":\"Workers&#039; Compensation and Injury Lawyers\",\"publisher\":{\"@id\":\"https:\/\/kecheslaw.com\/#organization\"},\"potentialAction\":[{\"@type\":\"SearchAction\",\"target\":{\"@type\":\"EntryPoint\",\"urlTemplate\":\"https:\/\/kecheslaw.com\/?s={search_term_string}\"},\"query-input\":\"required name=search_term_string\"}],\"inLanguage\":\"pt-BR\"},{\"@type\":\"Organization\",\"@id\":\"https:\/\/kecheslaw.com\/#organization\",\"name\":\"Keches Law Group\",\"url\":\"https:\/\/kecheslaw.com\/\",\"logo\":{\"@type\":\"ImageObject\",\"inLanguage\":\"pt-BR\",\"@id\":\"https:\/\/kecheslaw.com\/#\/schema\/logo\/image\/\",\"url\":\"https:\/\/kecheslaw.com\/wp-content\/uploads\/2018\/12\/sitefavicon.png\",\"contentUrl\":\"https:\/\/kecheslaw.com\/wp-content\/uploads\/2018\/12\/sitefavicon.png\",\"width\":512,\"height\":512,\"caption\":\"Keches Law Group\"},\"image\":{\"@id\":\"https:\/\/kecheslaw.com\/#\/schema\/logo\/image\/\"},\"sameAs\":[\"https:\/\/www.facebook.com\/kecheslaw\/\",\"https:\/\/twitter.com\/kecheslaw\",\"http:\/\/instagram.com\/kecheslaw\",\"https:\/\/www.linkedin.com\/company\/keches-law-group-pc\/about\/\",\"https:\/\/www.youtube.com\/channel\/UCtgkXK4oA0WNIO8HYmVIE9A\"]}]}<\/script>\n<!-- \/ Yoast SEO Premium plugin. -->","yoast_head_json":{"title":"What does Memorializing a Work Injury in Court Mean? - Keches Law Group","description":"When a stipulation agreement is arranged between the carrier and claimant, it is memorialized in writing and placed on the record by the Judge.","robots":{"index":"index","follow":"follow","max-snippet":"max-snippet:-1","max-image-preview":"max-image-preview:large","max-video-preview":"max-video-preview:-1"},"canonical":"https:\/\/kecheslaw.com\/pt\/areas-de-pratica\/compensacao-aos-trabalhadores\/faqs\/o-que-faz-memorializar-um-trabalho-em-juridico-em-court-significa\/","og_locale":"pt_BR","og_type":"article","og_title":"What does Memorializing a Work Injury in Court Mean?","og_description":"When a stipulation agreement is arranged between the carrier and claimant, it is memorialized in writing and placed on the record by the Judge.","og_url":"https:\/\/kecheslaw.com\/pt\/areas-de-pratica\/compensacao-aos-trabalhadores\/faqs\/o-que-faz-memorializar-um-trabalho-em-juridico-em-court-significa\/","og_site_name":"Keches Law Group","article_publisher":"https:\/\/www.facebook.com\/kecheslaw\/","article_modified_time":"2020-02-07T18:08:15+00:00","twitter_card":"summary_large_image","twitter_site":"@kecheslaw","schema":{"@context":"https:\/\/schema.org","@graph":[{"@type":"WebPage","@id":"https:\/\/kecheslaw.com\/pt\/areas-de-pratica\/compensacao-aos-trabalhadores\/faqs\/o-que-faz-memorializar-um-trabalho-em-juridico-em-court-significa\/","url":"https:\/\/kecheslaw.com\/pt\/areas-de-pratica\/compensacao-aos-trabalhadores\/faqs\/o-que-faz-memorializar-um-trabalho-em-juridico-em-court-significa\/","name":"What does Memorializing a Work Injury in Court Mean? - Keches Law Group","isPartOf":{"@id":"https:\/\/kecheslaw.com\/#website"},"datePublished":"2020-01-13T19:54:48+00:00","dateModified":"2020-02-07T18:08:15+00:00","description":"When a stipulation agreement is arranged between the carrier and claimant, it is memorialized in writing and placed on the record by the Judge.","breadcrumb":{"@id":"https:\/\/kecheslaw.com\/pt\/areas-de-pratica\/compensacao-aos-trabalhadores\/faqs\/o-que-faz-memorializar-um-trabalho-em-juridico-em-court-significa\/#breadcrumb"},"inLanguage":"pt-BR","potentialAction":[{"@type":"ReadAction","target":["https:\/\/kecheslaw.com\/pt\/areas-de-pratica\/compensacao-aos-trabalhadores\/faqs\/o-que-faz-memorializar-um-trabalho-em-juridico-em-court-significa\/"]}]},{"@type":"BreadcrumbList","@id":"https:\/\/kecheslaw.com\/pt\/areas-de-pratica\/compensacao-aos-trabalhadores\/faqs\/o-que-faz-memorializar-um-trabalho-em-juridico-em-court-significa\/#breadcrumb","itemListElement":[{"@type":"ListItem","position":1,"name":"Practice Areas","item":"https:\/\/kecheslaw.com\/practice-areas\/"},{"@type":"ListItem","position":2,"name":"Workers&#8217; Compensation Lawyers","item":"https:\/\/kecheslaw.com\/practice-areas\/workers-compensation\/"},{"@type":"ListItem","position":3,"name":"Workers&#8217; Compensation FAQs","item":"https:\/\/kecheslaw.com\/practice-areas\/workers-compensation\/faqs\/"},{"@type":"ListItem","position":4,"name":"What does Memorializing a Work Injury in Court Mean?"}]},{"@type":"WebSite","@id":"https:\/\/kecheslaw.com\/#website","url":"https:\/\/kecheslaw.com\/","name":"Keches Law Group","description":"Workers&#039; Compensation and Injury Lawyers","publisher":{"@id":"https:\/\/kecheslaw.com\/#organization"},"potentialAction":[{"@type":"SearchAction","target":{"@type":"EntryPoint","urlTemplate":"https:\/\/kecheslaw.com\/?s={search_term_string}"},"query-input":"required name=search_term_string"}],"inLanguage":"pt-BR"},{"@type":"Organization","@id":"https:\/\/kecheslaw.com\/#organization","name":"Keches Law Group","url":"https:\/\/kecheslaw.com\/","logo":{"@type":"ImageObject","inLanguage":"pt-BR","@id":"https:\/\/kecheslaw.com\/#\/schema\/logo\/image\/","url":"https:\/\/kecheslaw.com\/wp-content\/uploads\/2018\/12\/sitefavicon.png","contentUrl":"https:\/\/kecheslaw.com\/wp-content\/uploads\/2018\/12\/sitefavicon.png","width":512,"height":512,"caption":"Keches Law Group"},"image":{"@id":"https:\/\/kecheslaw.com\/#\/schema\/logo\/image\/"},"sameAs":["https:\/\/www.facebook.com\/kecheslaw\/","https:\/\/twitter.com\/kecheslaw","http:\/\/instagram.com\/kecheslaw","https:\/\/www.linkedin.com\/company\/keches-law-group-pc\/about\/","https:\/\/www.youtube.com\/channel\/UCtgkXK4oA0WNIO8HYmVIE9A"]}]}},"_links":{"self":[{"href":"https:\/\/kecheslaw.com\/pt\/wp-json\/wp\/v2\/pages\/3250","targetHints":{"allow":["GET"]}}],"collection":[{"href":"https:\/\/kecheslaw.com\/pt\/wp-json\/wp\/v2\/pages"}],"about":[{"href":"https:\/\/kecheslaw.com\/pt\/wp-json\/wp\/v2\/types\/page"}],"author":[{"embeddable":true,"href":"https:\/\/kecheslaw.com\/pt\/wp-json\/wp\/v2\/users\/2"}],"replies":[{"embeddable":true,"href":"https:\/\/kecheslaw.com\/pt\/wp-json\/wp\/v2\/comments?post=3250"}],"version-history":[{"count":0,"href":"https:\/\/kecheslaw.com\/pt\/wp-json\/wp\/v2\/pages\/3250\/revisions"}],"up":[{"embeddable":true,"href":"https:\/\/kecheslaw.com\/pt\/wp-json\/wp\/v2\/pages\/2325"}],"wp:attachment":[{"href":"https:\/\/kecheslaw.com\/pt\/wp-json\/wp\/v2\/media?parent=3250"}],"curies":[{"name":"wp","href":"https:\/\/api.w.org\/{rel}","templated":true}]}}