{"id":3234,"date":"2020-01-13T14:54:01","date_gmt":"2020-01-13T14:54:01","guid":{"rendered":"https:\/\/kecheslaw.com\/?page_id=3234"},"modified":"2020-02-07T16:50:12","modified_gmt":"2020-02-07T16:50:12","slug":"what-is-the-appeal-period-for-workers-compensation-claims-in-ma","status":"publish","type":"page","link":"https:\/\/kecheslaw.com\/pt\/areas-de-pratica\/compensacao-aos-trabalhadores\/faqs\/o-que-e-e-apelo-periodo-para-os-trabalhadores-compensacao-em-ma\/","title":{"rendered":"Qual \u00e9 o Per\u00edodo de Apela\u00e7\u00e3o para Pedidos de Indeniza\u00e7\u00e3o dos Trabalhadores no MA?"},"content":{"rendered":"<p>Voc\u00ea tem 30 dias para recorrer a um <a href=\"https:\/\/kecheslaw.com\/pt\/areas-de-pratica\/compensacao-aos-trabalhadores\/faqs\/o-que-se-meus-trabalhadores-reclamam-a-compensacao-e-negado\/\">nega\u00e7\u00e3o de indeniza\u00e7\u00e3o aos trabalhadores<\/a> caso. Recomenda-se que se voc\u00ea decidir prosseguir com seu caso ap\u00f3s a nega\u00e7\u00e3o, voc\u00ea encontre apoio jur\u00eddico antes de seguir adiante. Se houver qualquer confus\u00e3o sobre a origem do dano, \u00e9 prov\u00e1vel que o empregador\/segurador tente negar o pedido, mas com a ajuda de um <a href=\"https:\/\/kecheslaw.com\/pt\/injury-attorneys\/\">advogado<\/a>Voc\u00ea poder\u00e1 provar seu caso. <\/p>","protected":false},"excerpt":{"rendered":"<p>Voc\u00ea tem 30 dias para recorrer de um caso de indeniza\u00e7\u00e3o de trabalhadores negado. Recomenda-se que se voc\u00ea decidir prosseguir com seu caso ap\u00f3s a nega\u00e7\u00e3o, voc\u00ea encontre apoio jur\u00eddico antes de seguir adiante. Se houver alguma confus\u00e3o sobre a origem do dano, \u00e9 prov\u00e1vel que o empregador\/segurador tente negar a reivindica\u00e7\u00e3o, ...<\/p>","protected":false},"author":2,"featured_media":0,"parent":2325,"menu_order":0,"comment_status":"closed","ping_status":"closed","template":"","meta":{"_genesis_hide_title":false,"_genesis_hide_breadcrumbs":false,"_genesis_hide_singular_image":false,"_genesis_hide_footer_widgets":false,"_genesis_custom_body_class":"","_genesis_custom_post_class":"","_genesis_layout":"","footnotes":""},"class_list":{"0":"post-3234","1":"page","2":"type-page","3":"status-publish","5":"entry"},"yoast_head":"<!-- This site is optimized with the Yoast SEO Premium plugin v20.6 (Yoast SEO v20.6) - https:\/\/yoast.com\/wordpress\/plugins\/seo\/ -->\n<title>What is the Appeal Period for Workers&#039; Compensation Claims in MA? - Keches Law Group<\/title>\n<meta name=\"description\" content=\"You are given a certain amount of time to appeal a denied workers&#039; compensation claim. Contact us today for a free confidential consultation.\" \/>\n<meta name=\"robots\" content=\"index, follow, max-snippet:-1, max-image-preview:large, max-video-preview:-1\" \/>\n<link rel=\"canonical\" href=\"https:\/\/kecheslaw.com\/pt\/areas-de-pratica\/compensacao-aos-trabalhadores\/faqs\/o-que-e-e-apelo-periodo-para-os-trabalhadores-compensacao-em-ma\/\" \/>\n<meta property=\"og:locale\" content=\"pt_BR\" \/>\n<meta property=\"og:type\" content=\"article\" \/>\n<meta property=\"og:title\" content=\"What is the Appeal Period for Workers&#039; Compensation Claims in MA?\" \/>\n<meta property=\"og:description\" content=\"You are given a certain amount of time to appeal a denied workers&#039; compensation claim. Contact us today for a free confidential consultation.\" \/>\n<meta property=\"og:url\" content=\"https:\/\/kecheslaw.com\/pt\/areas-de-pratica\/compensacao-aos-trabalhadores\/faqs\/o-que-e-e-apelo-periodo-para-os-trabalhadores-compensacao-em-ma\/\" \/>\n<meta property=\"og:site_name\" content=\"Keches Law Group\" \/>\n<meta property=\"article:publisher\" content=\"https:\/\/www.facebook.com\/kecheslaw\/\" \/>\n<meta property=\"article:modified_time\" content=\"2020-02-07T16:50:12+00:00\" \/>\n<meta name=\"twitter:card\" content=\"summary_large_image\" \/>\n<meta name=\"twitter:site\" content=\"@kecheslaw\" \/>\n<script type=\"application\/ld+json\" class=\"yoast-schema-graph\">{\"@context\":\"https:\/\/schema.org\",\"@graph\":[{\"@type\":\"WebPage\",\"@id\":\"https:\/\/kecheslaw.com\/pt\/areas-de-pratica\/compensacao-aos-trabalhadores\/faqs\/o-que-e-e-apelo-periodo-para-os-trabalhadores-compensacao-em-ma\/\",\"url\":\"https:\/\/kecheslaw.com\/pt\/areas-de-pratica\/compensacao-aos-trabalhadores\/faqs\/o-que-e-e-apelo-periodo-para-os-trabalhadores-compensacao-em-ma\/\",\"name\":\"What is the Appeal Period for Workers' Compensation Claims in MA? - Keches Law Group\",\"isPartOf\":{\"@id\":\"https:\/\/kecheslaw.com\/#website\"},\"datePublished\":\"2020-01-13T14:54:01+00:00\",\"dateModified\":\"2020-02-07T16:50:12+00:00\",\"description\":\"You are given a certain amount of time to appeal a denied workers' compensation claim. Contact us today for a free confidential consultation.\",\"breadcrumb\":{\"@id\":\"https:\/\/kecheslaw.com\/pt\/areas-de-pratica\/compensacao-aos-trabalhadores\/faqs\/o-que-e-e-apelo-periodo-para-os-trabalhadores-compensacao-em-ma\/#breadcrumb\"},\"inLanguage\":\"pt-BR\",\"potentialAction\":[{\"@type\":\"ReadAction\",\"target\":[\"https:\/\/kecheslaw.com\/pt\/areas-de-pratica\/compensacao-aos-trabalhadores\/faqs\/o-que-e-e-apelo-periodo-para-os-trabalhadores-compensacao-em-ma\/\"]}]},{\"@type\":\"BreadcrumbList\",\"@id\":\"https:\/\/kecheslaw.com\/pt\/areas-de-pratica\/compensacao-aos-trabalhadores\/faqs\/o-que-e-e-apelo-periodo-para-os-trabalhadores-compensacao-em-ma\/#breadcrumb\",\"itemListElement\":[{\"@type\":\"ListItem\",\"position\":1,\"name\":\"Practice Areas\",\"item\":\"https:\/\/kecheslaw.com\/practice-areas\/\"},{\"@type\":\"ListItem\",\"position\":2,\"name\":\"Workers&#8217; Compensation Lawyers\",\"item\":\"https:\/\/kecheslaw.com\/practice-areas\/workers-compensation\/\"},{\"@type\":\"ListItem\",\"position\":3,\"name\":\"Workers&#8217; Compensation FAQs\",\"item\":\"https:\/\/kecheslaw.com\/practice-areas\/workers-compensation\/faqs\/\"},{\"@type\":\"ListItem\",\"position\":4,\"name\":\"What is the Appeal Period for Workers&#8217; Compensation Claims in MA?\"}]},{\"@type\":\"WebSite\",\"@id\":\"https:\/\/kecheslaw.com\/#website\",\"url\":\"https:\/\/kecheslaw.com\/\",\"name\":\"Keches Law Group\",\"description\":\"Workers&#039; Compensation and Injury Lawyers\",\"publisher\":{\"@id\":\"https:\/\/kecheslaw.com\/#organization\"},\"potentialAction\":[{\"@type\":\"SearchAction\",\"target\":{\"@type\":\"EntryPoint\",\"urlTemplate\":\"https:\/\/kecheslaw.com\/?s={search_term_string}\"},\"query-input\":\"required name=search_term_string\"}],\"inLanguage\":\"pt-BR\"},{\"@type\":\"Organization\",\"@id\":\"https:\/\/kecheslaw.com\/#organization\",\"name\":\"Keches Law Group\",\"url\":\"https:\/\/kecheslaw.com\/\",\"logo\":{\"@type\":\"ImageObject\",\"inLanguage\":\"pt-BR\",\"@id\":\"https:\/\/kecheslaw.com\/#\/schema\/logo\/image\/\",\"url\":\"https:\/\/kecheslaw.com\/wp-content\/uploads\/2018\/12\/sitefavicon.png\",\"contentUrl\":\"https:\/\/kecheslaw.com\/wp-content\/uploads\/2018\/12\/sitefavicon.png\",\"width\":512,\"height\":512,\"caption\":\"Keches Law Group\"},\"image\":{\"@id\":\"https:\/\/kecheslaw.com\/#\/schema\/logo\/image\/\"},\"sameAs\":[\"https:\/\/www.facebook.com\/kecheslaw\/\",\"https:\/\/twitter.com\/kecheslaw\",\"http:\/\/instagram.com\/kecheslaw\",\"https:\/\/www.linkedin.com\/company\/keches-law-group-pc\/about\/\",\"https:\/\/www.youtube.com\/channel\/UCtgkXK4oA0WNIO8HYmVIE9A\"]}]}<\/script>\n<!-- \/ Yoast SEO Premium plugin. -->","yoast_head_json":{"title":"What is the Appeal Period for Workers' Compensation Claims in MA? - Keches Law Group","description":"You are given a certain amount of time to appeal a denied workers' compensation claim. Contact us today for a free confidential consultation.","robots":{"index":"index","follow":"follow","max-snippet":"max-snippet:-1","max-image-preview":"max-image-preview:large","max-video-preview":"max-video-preview:-1"},"canonical":"https:\/\/kecheslaw.com\/pt\/areas-de-pratica\/compensacao-aos-trabalhadores\/faqs\/o-que-e-e-apelo-periodo-para-os-trabalhadores-compensacao-em-ma\/","og_locale":"pt_BR","og_type":"article","og_title":"What is the Appeal Period for Workers' Compensation Claims in MA?","og_description":"You are given a certain amount of time to appeal a denied workers' compensation claim. Contact us today for a free confidential consultation.","og_url":"https:\/\/kecheslaw.com\/pt\/areas-de-pratica\/compensacao-aos-trabalhadores\/faqs\/o-que-e-e-apelo-periodo-para-os-trabalhadores-compensacao-em-ma\/","og_site_name":"Keches Law Group","article_publisher":"https:\/\/www.facebook.com\/kecheslaw\/","article_modified_time":"2020-02-07T16:50:12+00:00","twitter_card":"summary_large_image","twitter_site":"@kecheslaw","schema":{"@context":"https:\/\/schema.org","@graph":[{"@type":"WebPage","@id":"https:\/\/kecheslaw.com\/pt\/areas-de-pratica\/compensacao-aos-trabalhadores\/faqs\/o-que-e-e-apelo-periodo-para-os-trabalhadores-compensacao-em-ma\/","url":"https:\/\/kecheslaw.com\/pt\/areas-de-pratica\/compensacao-aos-trabalhadores\/faqs\/o-que-e-e-apelo-periodo-para-os-trabalhadores-compensacao-em-ma\/","name":"What is the Appeal Period for Workers' Compensation Claims in MA? - Keches Law Group","isPartOf":{"@id":"https:\/\/kecheslaw.com\/#website"},"datePublished":"2020-01-13T14:54:01+00:00","dateModified":"2020-02-07T16:50:12+00:00","description":"You are given a certain amount of time to appeal a denied workers' compensation claim. Contact us today for a free confidential consultation.","breadcrumb":{"@id":"https:\/\/kecheslaw.com\/pt\/areas-de-pratica\/compensacao-aos-trabalhadores\/faqs\/o-que-e-e-apelo-periodo-para-os-trabalhadores-compensacao-em-ma\/#breadcrumb"},"inLanguage":"pt-BR","potentialAction":[{"@type":"ReadAction","target":["https:\/\/kecheslaw.com\/pt\/areas-de-pratica\/compensacao-aos-trabalhadores\/faqs\/o-que-e-e-apelo-periodo-para-os-trabalhadores-compensacao-em-ma\/"]}]},{"@type":"BreadcrumbList","@id":"https:\/\/kecheslaw.com\/pt\/areas-de-pratica\/compensacao-aos-trabalhadores\/faqs\/o-que-e-e-apelo-periodo-para-os-trabalhadores-compensacao-em-ma\/#breadcrumb","itemListElement":[{"@type":"ListItem","position":1,"name":"Practice Areas","item":"https:\/\/kecheslaw.com\/practice-areas\/"},{"@type":"ListItem","position":2,"name":"Workers&#8217; Compensation Lawyers","item":"https:\/\/kecheslaw.com\/practice-areas\/workers-compensation\/"},{"@type":"ListItem","position":3,"name":"Workers&#8217; Compensation FAQs","item":"https:\/\/kecheslaw.com\/practice-areas\/workers-compensation\/faqs\/"},{"@type":"ListItem","position":4,"name":"What is the Appeal Period for Workers&#8217; Compensation Claims in MA?"}]},{"@type":"WebSite","@id":"https:\/\/kecheslaw.com\/#website","url":"https:\/\/kecheslaw.com\/","name":"Keches Law Group","description":"Workers&#039; Compensation and Injury Lawyers","publisher":{"@id":"https:\/\/kecheslaw.com\/#organization"},"potentialAction":[{"@type":"SearchAction","target":{"@type":"EntryPoint","urlTemplate":"https:\/\/kecheslaw.com\/?s={search_term_string}"},"query-input":"required name=search_term_string"}],"inLanguage":"pt-BR"},{"@type":"Organization","@id":"https:\/\/kecheslaw.com\/#organization","name":"Keches Law Group","url":"https:\/\/kecheslaw.com\/","logo":{"@type":"ImageObject","inLanguage":"pt-BR","@id":"https:\/\/kecheslaw.com\/#\/schema\/logo\/image\/","url":"https:\/\/kecheslaw.com\/wp-content\/uploads\/2018\/12\/sitefavicon.png","contentUrl":"https:\/\/kecheslaw.com\/wp-content\/uploads\/2018\/12\/sitefavicon.png","width":512,"height":512,"caption":"Keches Law Group"},"image":{"@id":"https:\/\/kecheslaw.com\/#\/schema\/logo\/image\/"},"sameAs":["https:\/\/www.facebook.com\/kecheslaw\/","https:\/\/twitter.com\/kecheslaw","http:\/\/instagram.com\/kecheslaw","https:\/\/www.linkedin.com\/company\/keches-law-group-pc\/about\/","https:\/\/www.youtube.com\/channel\/UCtgkXK4oA0WNIO8HYmVIE9A"]}]}},"_links":{"self":[{"href":"https:\/\/kecheslaw.com\/pt\/wp-json\/wp\/v2\/pages\/3234","targetHints":{"allow":["GET"]}}],"collection":[{"href":"https:\/\/kecheslaw.com\/pt\/wp-json\/wp\/v2\/pages"}],"about":[{"href":"https:\/\/kecheslaw.com\/pt\/wp-json\/wp\/v2\/types\/page"}],"author":[{"embeddable":true,"href":"https:\/\/kecheslaw.com\/pt\/wp-json\/wp\/v2\/users\/2"}],"replies":[{"embeddable":true,"href":"https:\/\/kecheslaw.com\/pt\/wp-json\/wp\/v2\/comments?post=3234"}],"version-history":[{"count":0,"href":"https:\/\/kecheslaw.com\/pt\/wp-json\/wp\/v2\/pages\/3234\/revisions"}],"up":[{"embeddable":true,"href":"https:\/\/kecheslaw.com\/pt\/wp-json\/wp\/v2\/pages\/2325"}],"wp:attachment":[{"href":"https:\/\/kecheslaw.com\/pt\/wp-json\/wp\/v2\/media?parent=3234"}],"curies":[{"name":"wp","href":"https:\/\/api.w.org\/{rel}","templated":true}]}}