{"id":3223,"date":"2020-01-10T20:42:42","date_gmt":"2020-01-10T20:42:42","guid":{"rendered":"https:\/\/kecheslaw.com\/?page_id=3223"},"modified":"2020-02-07T16:19:55","modified_gmt":"2020-02-07T16:19:55","slug":"what-can-i-do-if-the-insurer-denies-my-claim-or-terminates-my-benefit-before-the-180-day-period-ends","status":"publish","type":"page","link":"https:\/\/kecheslaw.com\/pt\/areas-de-pratica\/compensacao-aos-trabalhadores\/faqs\/o-que-pode-fazer-se-a-seguradora-e-recusar-me-ou-terminar-me-ou-terminar-me-o-seu-beneficio-antes-do-periodo-de-180-dias\/","title":{"rendered":"O que posso fazer se a Seguradora negar meu sinistro ou cancelar meu benef\u00edcio antes que o per\u00edodo de 180 dias termine?"},"content":{"rendered":"<p>Se sua seguradora negar seu sinistro ou encerrar seus benef\u00edcios no <a href=\"https:\/\/kecheslaw.com\/pt\/areas-de-pratica\/compensacao-aos-trabalhadores\/faqs\/should-i-sign-form-105-what-is-pay-with-prejudice-pwop\/\">Per\u00edodo de Pagamento Sem Preconceito<\/a> (6 meses ap\u00f3s o in\u00edcio de sua defici\u00eancia), voc\u00ea pode apresentar uma reclama\u00e7\u00e3o e argumentar seu caso diante de um Juiz que voc\u00ea ainda \u00e9 deficiente. <\/p>\n\n\n\n<p>O t\u00e9rmino dos benef\u00edcios durante o Per\u00edodo de Pagamento Sem Preconceito ocorre muito. Por favor, ligue para um <a href=\"https:\/\/kecheslaw.com\/pt\/injury-attorneys\/\">advogado<\/a> imediatamente e eles podem acompanh\u00e1-lo atrav\u00e9s dos pr\u00f3ximos passos. <\/p>","protected":false},"excerpt":{"rendered":"<p>Se sua seguradora negar seu sinistro ou encerrar seus benef\u00edcios no Per\u00edodo de Pagamento Sem Preconceito (6 meses ap\u00f3s o in\u00edcio de sua incapacidade), voc\u00ea pode apresentar um pedido de indeniza\u00e7\u00e3o e argumentar seu caso diante de um Juiz que voc\u00ea ainda est\u00e1 incapacitado. A rescis\u00e3o dos benef\u00edcios durante o Per\u00edodo de Pagamento Sem Preconceito ocorre muito. Por favor, chame um ...<\/p>","protected":false},"author":2,"featured_media":0,"parent":2325,"menu_order":0,"comment_status":"closed","ping_status":"closed","template":"","meta":{"_genesis_hide_title":false,"_genesis_hide_breadcrumbs":false,"_genesis_hide_singular_image":false,"_genesis_hide_footer_widgets":false,"_genesis_custom_body_class":"","_genesis_custom_post_class":"","_genesis_layout":"","footnotes":""},"class_list":{"0":"post-3223","1":"page","2":"type-page","3":"status-publish","5":"entry"},"yoast_head":"<!-- This site is optimized with the Yoast SEO Premium plugin v20.6 (Yoast SEO v20.6) - https:\/\/yoast.com\/wordpress\/plugins\/seo\/ -->\n<title>What Can I do if the Insurer Denies My Claim or Terminates My Benefit Before the 180-day Period Ends? - Keches Law Group<\/title>\n<meta name=\"description\" content=\"If your insurer denies your claim or terminates your benefits in the Payment-Without-Prejudice Period, you can file a claim and argue your case.\" \/>\n<meta name=\"robots\" content=\"index, follow, max-snippet:-1, max-image-preview:large, max-video-preview:-1\" \/>\n<link rel=\"canonical\" href=\"https:\/\/kecheslaw.com\/pt\/areas-de-practica\/indemnizacion-de-los-trabajadores\/faqs-2\/que-puedo-hacer-si-la-aseguradora-deniega-mi-solicitud-o-suspende-mi-prestacion-antes-del-periodo-de-180-dias\/\" \/>\n<meta property=\"og:locale\" content=\"pt_BR\" \/>\n<meta property=\"og:type\" content=\"article\" \/>\n<meta property=\"og:title\" content=\"What Can I do if the Insurer Denies My Claim or Terminates My Benefit Before the 180-day Period Ends?\" \/>\n<meta property=\"og:description\" content=\"If your insurer denies your claim or terminates your benefits in the Payment-Without-Prejudice Period, you can file a claim and argue your case.\" \/>\n<meta property=\"og:url\" content=\"https:\/\/kecheslaw.com\/pt\/areas-de-practica\/indemnizacion-de-los-trabajadores\/faqs-2\/que-puedo-hacer-si-la-aseguradora-deniega-mi-solicitud-o-suspende-mi-prestacion-antes-del-periodo-de-180-dias\/\" \/>\n<meta property=\"og:site_name\" content=\"Keches Law Group\" \/>\n<meta property=\"article:publisher\" content=\"https:\/\/www.facebook.com\/kecheslaw\/\" \/>\n<meta property=\"article:modified_time\" content=\"2020-02-07T16:19:55+00:00\" \/>\n<meta name=\"twitter:card\" content=\"summary_large_image\" \/>\n<meta name=\"twitter:site\" content=\"@kecheslaw\" \/>\n<script type=\"application\/ld+json\" class=\"yoast-schema-graph\">{\"@context\":\"https:\/\/schema.org\",\"@graph\":[{\"@type\":\"WebPage\",\"@id\":\"https:\/\/kecheslaw.com\/es\/areas-de-practica\/indemnizacion-de-los-trabajadores\/faqs-2\/que-puedo-hacer-si-la-aseguradora-deniega-mi-solicitud-o-suspende-mi-prestacion-antes-del-periodo-de-180-dias\/\",\"url\":\"https:\/\/kecheslaw.com\/es\/areas-de-practica\/indemnizacion-de-los-trabajadores\/faqs-2\/que-puedo-hacer-si-la-aseguradora-deniega-mi-solicitud-o-suspende-mi-prestacion-antes-del-periodo-de-180-dias\/\",\"name\":\"What Can I do if the Insurer Denies My Claim or Terminates My Benefit Before the 180-day Period Ends? - Keches Law Group\",\"isPartOf\":{\"@id\":\"https:\/\/kecheslaw.com\/#website\"},\"datePublished\":\"2020-01-10T20:42:42+00:00\",\"dateModified\":\"2020-02-07T16:19:55+00:00\",\"description\":\"If your insurer denies your claim or terminates your benefits in the Payment-Without-Prejudice Period, you can file a claim and argue your case.\",\"breadcrumb\":{\"@id\":\"https:\/\/kecheslaw.com\/es\/areas-de-practica\/indemnizacion-de-los-trabajadores\/faqs-2\/que-puedo-hacer-si-la-aseguradora-deniega-mi-solicitud-o-suspende-mi-prestacion-antes-del-periodo-de-180-dias\/#breadcrumb\"},\"inLanguage\":\"pt-BR\",\"potentialAction\":[{\"@type\":\"ReadAction\",\"target\":[\"https:\/\/kecheslaw.com\/es\/areas-de-practica\/indemnizacion-de-los-trabajadores\/faqs-2\/que-puedo-hacer-si-la-aseguradora-deniega-mi-solicitud-o-suspende-mi-prestacion-antes-del-periodo-de-180-dias\/\"]}]},{\"@type\":\"BreadcrumbList\",\"@id\":\"https:\/\/kecheslaw.com\/es\/areas-de-practica\/indemnizacion-de-los-trabajadores\/faqs-2\/que-puedo-hacer-si-la-aseguradora-deniega-mi-solicitud-o-suspende-mi-prestacion-antes-del-periodo-de-180-dias\/#breadcrumb\",\"itemListElement\":[{\"@type\":\"ListItem\",\"position\":1,\"name\":\"Practice Areas\",\"item\":\"https:\/\/kecheslaw.com\/practice-areas\/\"},{\"@type\":\"ListItem\",\"position\":2,\"name\":\"Workers&#8217; Compensation Lawyers\",\"item\":\"https:\/\/kecheslaw.com\/practice-areas\/workers-compensation\/\"},{\"@type\":\"ListItem\",\"position\":3,\"name\":\"Workers&#8217; Compensation FAQs\",\"item\":\"https:\/\/kecheslaw.com\/practice-areas\/workers-compensation\/faqs\/\"},{\"@type\":\"ListItem\",\"position\":4,\"name\":\"What Can I do if the Insurer Denies My Claim or Terminates My Benefit Before the 180-day Period Ends?\"}]},{\"@type\":\"WebSite\",\"@id\":\"https:\/\/kecheslaw.com\/#website\",\"url\":\"https:\/\/kecheslaw.com\/\",\"name\":\"Keches Law Group\",\"description\":\"Workers&#039; Compensation and Injury Lawyers\",\"publisher\":{\"@id\":\"https:\/\/kecheslaw.com\/#organization\"},\"potentialAction\":[{\"@type\":\"SearchAction\",\"target\":{\"@type\":\"EntryPoint\",\"urlTemplate\":\"https:\/\/kecheslaw.com\/?s={search_term_string}\"},\"query-input\":\"required name=search_term_string\"}],\"inLanguage\":\"pt-BR\"},{\"@type\":\"Organization\",\"@id\":\"https:\/\/kecheslaw.com\/#organization\",\"name\":\"Keches Law Group\",\"url\":\"https:\/\/kecheslaw.com\/\",\"logo\":{\"@type\":\"ImageObject\",\"inLanguage\":\"pt-BR\",\"@id\":\"https:\/\/kecheslaw.com\/#\/schema\/logo\/image\/\",\"url\":\"https:\/\/kecheslaw.com\/wp-content\/uploads\/2018\/12\/sitefavicon.png\",\"contentUrl\":\"https:\/\/kecheslaw.com\/wp-content\/uploads\/2018\/12\/sitefavicon.png\",\"width\":512,\"height\":512,\"caption\":\"Keches Law Group\"},\"image\":{\"@id\":\"https:\/\/kecheslaw.com\/#\/schema\/logo\/image\/\"},\"sameAs\":[\"https:\/\/www.facebook.com\/kecheslaw\/\",\"https:\/\/twitter.com\/kecheslaw\",\"http:\/\/instagram.com\/kecheslaw\",\"https:\/\/www.linkedin.com\/company\/keches-law-group-pc\/about\/\",\"https:\/\/www.youtube.com\/channel\/UCtgkXK4oA0WNIO8HYmVIE9A\"]}]}<\/script>\n<!-- \/ Yoast SEO Premium plugin. -->","yoast_head_json":{"title":"What Can I do if the Insurer Denies My Claim or Terminates My Benefit Before the 180-day Period Ends? - Keches Law Group","description":"If your insurer denies your claim or terminates your benefits in the Payment-Without-Prejudice Period, you can file a claim and argue your case.","robots":{"index":"index","follow":"follow","max-snippet":"max-snippet:-1","max-image-preview":"max-image-preview:large","max-video-preview":"max-video-preview:-1"},"canonical":"https:\/\/kecheslaw.com\/pt\/areas-de-practica\/indemnizacion-de-los-trabajadores\/faqs-2\/que-puedo-hacer-si-la-aseguradora-deniega-mi-solicitud-o-suspende-mi-prestacion-antes-del-periodo-de-180-dias\/","og_locale":"pt_BR","og_type":"article","og_title":"What Can I do if the Insurer Denies My Claim or Terminates My Benefit Before the 180-day Period Ends?","og_description":"If your insurer denies your claim or terminates your benefits in the Payment-Without-Prejudice Period, you can file a claim and argue your case.","og_url":"https:\/\/kecheslaw.com\/pt\/areas-de-practica\/indemnizacion-de-los-trabajadores\/faqs-2\/que-puedo-hacer-si-la-aseguradora-deniega-mi-solicitud-o-suspende-mi-prestacion-antes-del-periodo-de-180-dias\/","og_site_name":"Keches Law Group","article_publisher":"https:\/\/www.facebook.com\/kecheslaw\/","article_modified_time":"2020-02-07T16:19:55+00:00","twitter_card":"summary_large_image","twitter_site":"@kecheslaw","schema":{"@context":"https:\/\/schema.org","@graph":[{"@type":"WebPage","@id":"https:\/\/kecheslaw.com\/es\/areas-de-practica\/indemnizacion-de-los-trabajadores\/faqs-2\/que-puedo-hacer-si-la-aseguradora-deniega-mi-solicitud-o-suspende-mi-prestacion-antes-del-periodo-de-180-dias\/","url":"https:\/\/kecheslaw.com\/es\/areas-de-practica\/indemnizacion-de-los-trabajadores\/faqs-2\/que-puedo-hacer-si-la-aseguradora-deniega-mi-solicitud-o-suspende-mi-prestacion-antes-del-periodo-de-180-dias\/","name":"What Can I do if the Insurer Denies My Claim or Terminates My Benefit Before the 180-day Period Ends? - Keches Law Group","isPartOf":{"@id":"https:\/\/kecheslaw.com\/#website"},"datePublished":"2020-01-10T20:42:42+00:00","dateModified":"2020-02-07T16:19:55+00:00","description":"If your insurer denies your claim or terminates your benefits in the Payment-Without-Prejudice Period, you can file a claim and argue your case.","breadcrumb":{"@id":"https:\/\/kecheslaw.com\/es\/areas-de-practica\/indemnizacion-de-los-trabajadores\/faqs-2\/que-puedo-hacer-si-la-aseguradora-deniega-mi-solicitud-o-suspende-mi-prestacion-antes-del-periodo-de-180-dias\/#breadcrumb"},"inLanguage":"pt-BR","potentialAction":[{"@type":"ReadAction","target":["https:\/\/kecheslaw.com\/es\/areas-de-practica\/indemnizacion-de-los-trabajadores\/faqs-2\/que-puedo-hacer-si-la-aseguradora-deniega-mi-solicitud-o-suspende-mi-prestacion-antes-del-periodo-de-180-dias\/"]}]},{"@type":"BreadcrumbList","@id":"https:\/\/kecheslaw.com\/es\/areas-de-practica\/indemnizacion-de-los-trabajadores\/faqs-2\/que-puedo-hacer-si-la-aseguradora-deniega-mi-solicitud-o-suspende-mi-prestacion-antes-del-periodo-de-180-dias\/#breadcrumb","itemListElement":[{"@type":"ListItem","position":1,"name":"Practice Areas","item":"https:\/\/kecheslaw.com\/practice-areas\/"},{"@type":"ListItem","position":2,"name":"Workers&#8217; Compensation Lawyers","item":"https:\/\/kecheslaw.com\/practice-areas\/workers-compensation\/"},{"@type":"ListItem","position":3,"name":"Workers&#8217; Compensation FAQs","item":"https:\/\/kecheslaw.com\/practice-areas\/workers-compensation\/faqs\/"},{"@type":"ListItem","position":4,"name":"What Can I do if the Insurer Denies My Claim or Terminates My Benefit Before the 180-day Period Ends?"}]},{"@type":"WebSite","@id":"https:\/\/kecheslaw.com\/#website","url":"https:\/\/kecheslaw.com\/","name":"Keches Law Group","description":"Workers&#039; Compensation and Injury Lawyers","publisher":{"@id":"https:\/\/kecheslaw.com\/#organization"},"potentialAction":[{"@type":"SearchAction","target":{"@type":"EntryPoint","urlTemplate":"https:\/\/kecheslaw.com\/?s={search_term_string}"},"query-input":"required name=search_term_string"}],"inLanguage":"pt-BR"},{"@type":"Organization","@id":"https:\/\/kecheslaw.com\/#organization","name":"Keches Law Group","url":"https:\/\/kecheslaw.com\/","logo":{"@type":"ImageObject","inLanguage":"pt-BR","@id":"https:\/\/kecheslaw.com\/#\/schema\/logo\/image\/","url":"https:\/\/kecheslaw.com\/wp-content\/uploads\/2018\/12\/sitefavicon.png","contentUrl":"https:\/\/kecheslaw.com\/wp-content\/uploads\/2018\/12\/sitefavicon.png","width":512,"height":512,"caption":"Keches Law Group"},"image":{"@id":"https:\/\/kecheslaw.com\/#\/schema\/logo\/image\/"},"sameAs":["https:\/\/www.facebook.com\/kecheslaw\/","https:\/\/twitter.com\/kecheslaw","http:\/\/instagram.com\/kecheslaw","https:\/\/www.linkedin.com\/company\/keches-law-group-pc\/about\/","https:\/\/www.youtube.com\/channel\/UCtgkXK4oA0WNIO8HYmVIE9A"]}]}},"_links":{"self":[{"href":"https:\/\/kecheslaw.com\/pt\/wp-json\/wp\/v2\/pages\/3223","targetHints":{"allow":["GET"]}}],"collection":[{"href":"https:\/\/kecheslaw.com\/pt\/wp-json\/wp\/v2\/pages"}],"about":[{"href":"https:\/\/kecheslaw.com\/pt\/wp-json\/wp\/v2\/types\/page"}],"author":[{"embeddable":true,"href":"https:\/\/kecheslaw.com\/pt\/wp-json\/wp\/v2\/users\/2"}],"replies":[{"embeddable":true,"href":"https:\/\/kecheslaw.com\/pt\/wp-json\/wp\/v2\/comments?post=3223"}],"version-history":[{"count":0,"href":"https:\/\/kecheslaw.com\/pt\/wp-json\/wp\/v2\/pages\/3223\/revisions"}],"up":[{"embeddable":true,"href":"https:\/\/kecheslaw.com\/pt\/wp-json\/wp\/v2\/pages\/2325"}],"wp:attachment":[{"href":"https:\/\/kecheslaw.com\/pt\/wp-json\/wp\/v2\/media?parent=3223"}],"curies":[{"name":"wp","href":"https:\/\/api.w.org\/{rel}","templated":true}]}}