{"id":3209,"date":"2020-01-10T18:18:30","date_gmt":"2020-01-10T18:18:30","guid":{"rendered":"https:\/\/kecheslaw.com\/?page_id=3209"},"modified":"2020-02-07T14:34:41","modified_gmt":"2020-02-07T14:34:41","slug":"what-happens-if-my-workers-compensation-claim-is-denied","status":"publish","type":"page","link":"https:\/\/kecheslaw.com\/pt\/areas-de-pratica\/compensacao-aos-trabalhadores\/faqs\/o-que-se-meus-trabalhadores-reclamam-a-compensacao-e-negado\/","title":{"rendered":"O que acontece se meu pedido de indeniza\u00e7\u00e3o dos trabalhadores for negado?"},"content":{"rendered":"<p>Se o pedido de indeniza\u00e7\u00e3o de seus trabalhadores for negado, voc\u00ea pode recorrer de sua nega\u00e7\u00e3o atrav\u00e9s do Departamento de Acidentes Industriais. Se voc\u00ea decidir apelar, ainda precisa comunicar as seguintes informa\u00e7\u00f5es:<\/p>\n\n\n\n<ul class=\"wp-block-list\"><li>Data do ferimento<\/li><li>O 1\u00ba dia de calend\u00e1rio de trabalho faltou<\/li><li>O 5\u00ba dia de calend\u00e1rio de trabalho faltou<\/li><li>O transportador do seguro de compensa\u00e7\u00e3o dos trabalhadores<\/li><li>As partes do corpo afetadas e os tipos de ferimentos<\/li><li>Que tipo de benef\u00edcios voc\u00ea est\u00e1 procurando<\/li><li>Quanto tempo voc\u00ea pode estar desempregado (se aplic\u00e1vel)<\/li><li>Onde voc\u00ea foi inicialmente para receber tratamento<\/li><li>O nome do m\u00e9dico que o trata atualmente<\/li><\/ul>\n\n\n\n<p>Se o pedido de indeniza\u00e7\u00e3o de seus trabalhadores for negado, voc\u00ea precisar\u00e1 de 3 c\u00f3pias de <a href=\"https:\/\/kecheslaw.com\/pt\/areas-de-pratica\/compensacao-aos-trabalhadores\/faqs\/what-is-form-110\/\">Formul\u00e1rio 110<\/a>. Uma c\u00f3pia para o DIA, uma para o transportador de compensa\u00e7\u00e3o dos trabalhadores e uma para seus pr\u00f3prios registros (ou para um <a href=\"https:\/\/kecheslaw.com\/pt\/injury-attorneys\/\">advogado<\/a> que voc\u00ea mais tarde decidir contratar). Envie ao DIA seu formul\u00e1rio original assinado 110 (Reclama\u00e7\u00e3o de Empregado), bem como um dos seguintes documentos que sustentam seu caso. Tais documentos incluem:<\/p>\n\n\n\n<ul class=\"wp-block-list\"><li>Contas m\u00e9dicas n\u00e3o pagas<\/li><li>Relat\u00f3rios m\u00e9dicos<\/li><li>Quaisquer relat\u00f3rios que ap\u00f3iem a forma como o acidente ocorreu<\/li><li>Qualquer nome de testemunhas<\/li><li>Quaisquer depoimentos de testemunhas<\/li><\/ul>\n\n\n\n<p>Depois de apelar de sua reivindica\u00e7\u00e3o e envi\u00e1-la ao DIA, ela ser\u00e1 revista e eles far\u00e3o uma de duas coisas. O DIA lhe enviar\u00e1 uma carta de rejei\u00e7\u00e3o (que declara quais informa\u00e7\u00f5es est\u00e3o faltando ou incorretas) ou, se suas informa\u00e7\u00f5es estiverem corretas, voc\u00ea, seu empregador e a companhia de seguros receber\u00e3o uma notifica\u00e7\u00e3o. Esta notifica\u00e7\u00e3o \u00e9 para agendar uma reuni\u00e3o de concilia\u00e7\u00e3o para falar sobre sua reivindica\u00e7\u00e3o. Seu empregador est\u00e1 recebendo esta notifica\u00e7\u00e3o apenas por generosidade e eles n\u00e3o s\u00e3o obrigados a comparecer, a menos que a companhia de seguros diga o contr\u00e1rio.&nbsp; <br><\/p>","protected":false},"excerpt":{"rendered":"<p>Se o pedido de indeniza\u00e7\u00e3o de seus trabalhadores for negado, voc\u00ea pode recorrer de sua nega\u00e7\u00e3o atrav\u00e9s do Departamento de Acidentes Industriais. Se voc\u00ea decidir apelar, ainda precisa comunicar as seguintes informa\u00e7\u00f5es: Data do acidente O 1\u00ba dia de trabalho faltou O 5\u00ba dia de trabalho faltou A seguradora de indeniza\u00e7\u00e3o dos trabalhadores O \u00f3rg\u00e3o ...<\/p>","protected":false},"author":2,"featured_media":0,"parent":2325,"menu_order":0,"comment_status":"closed","ping_status":"closed","template":"","meta":{"_genesis_hide_title":false,"_genesis_hide_breadcrumbs":false,"_genesis_hide_singular_image":false,"_genesis_hide_footer_widgets":false,"_genesis_custom_body_class":"","_genesis_custom_post_class":"","_genesis_layout":"","footnotes":""},"class_list":{"0":"post-3209","1":"page","2":"type-page","3":"status-publish","5":"entry"},"yoast_head":"<!-- This site is optimized with the Yoast SEO Premium plugin v20.6 (Yoast SEO v20.6) - https:\/\/yoast.com\/wordpress\/plugins\/seo\/ -->\n<title>What Happens if my Workers&#039; Compensation Claim is Denied? - Keches Law Group<\/title>\n<meta name=\"description\" content=\"If your workers\u2019 compensation claim is denied, you can appeal your denial through the Department of Industrial Accidents. An attorney from Keches Law Group can help you through this process.\" \/>\n<meta name=\"robots\" content=\"index, follow, max-snippet:-1, max-image-preview:large, max-video-preview:-1\" \/>\n<link rel=\"canonical\" href=\"https:\/\/kecheslaw.com\/pt\/areas-de-practica\/indemnizacion-de-los-trabajadores\/faqs-2\/que-pasaria-si-se-denegara-la-reclamacion-del-trabajador\/\" \/>\n<meta property=\"og:locale\" content=\"pt_BR\" \/>\n<meta property=\"og:type\" content=\"article\" \/>\n<meta property=\"og:title\" content=\"What Happens if my Workers&#039; Compensation Claim is Denied?\" \/>\n<meta property=\"og:description\" content=\"If your workers\u2019 compensation claim is denied, you can appeal your denial through the Department of Industrial Accidents. An attorney from Keches Law Group can help you through this process.\" \/>\n<meta property=\"og:url\" content=\"https:\/\/kecheslaw.com\/pt\/areas-de-practica\/indemnizacion-de-los-trabajadores\/faqs-2\/que-pasaria-si-se-denegara-la-reclamacion-del-trabajador\/\" \/>\n<meta property=\"og:site_name\" content=\"Keches Law Group\" \/>\n<meta property=\"article:publisher\" content=\"https:\/\/www.facebook.com\/kecheslaw\/\" \/>\n<meta property=\"article:modified_time\" content=\"2020-02-07T14:34:41+00:00\" \/>\n<meta name=\"twitter:card\" content=\"summary_large_image\" \/>\n<meta name=\"twitter:site\" content=\"@kecheslaw\" \/>\n<meta name=\"twitter:label1\" content=\"Est. tempo de leitura\" \/>\n\t<meta name=\"twitter:data1\" content=\"1 minuto\" \/>\n<script type=\"application\/ld+json\" class=\"yoast-schema-graph\">{\"@context\":\"https:\/\/schema.org\",\"@graph\":[{\"@type\":\"WebPage\",\"@id\":\"https:\/\/kecheslaw.com\/es\/areas-de-practica\/indemnizacion-de-los-trabajadores\/faqs-2\/que-pasaria-si-se-denegara-la-reclamacion-del-trabajador\/\",\"url\":\"https:\/\/kecheslaw.com\/es\/areas-de-practica\/indemnizacion-de-los-trabajadores\/faqs-2\/que-pasaria-si-se-denegara-la-reclamacion-del-trabajador\/\",\"name\":\"What Happens if my Workers' Compensation Claim is Denied? - Keches Law Group\",\"isPartOf\":{\"@id\":\"https:\/\/kecheslaw.com\/#website\"},\"datePublished\":\"2020-01-10T18:18:30+00:00\",\"dateModified\":\"2020-02-07T14:34:41+00:00\",\"description\":\"If your workers\u2019 compensation claim is denied, you can appeal your denial through the Department of Industrial Accidents. An attorney from Keches Law Group can help you through this process.\",\"breadcrumb\":{\"@id\":\"https:\/\/kecheslaw.com\/es\/areas-de-practica\/indemnizacion-de-los-trabajadores\/faqs-2\/que-pasaria-si-se-denegara-la-reclamacion-del-trabajador\/#breadcrumb\"},\"inLanguage\":\"pt-BR\",\"potentialAction\":[{\"@type\":\"ReadAction\",\"target\":[\"https:\/\/kecheslaw.com\/es\/areas-de-practica\/indemnizacion-de-los-trabajadores\/faqs-2\/que-pasaria-si-se-denegara-la-reclamacion-del-trabajador\/\"]}]},{\"@type\":\"BreadcrumbList\",\"@id\":\"https:\/\/kecheslaw.com\/es\/areas-de-practica\/indemnizacion-de-los-trabajadores\/faqs-2\/que-pasaria-si-se-denegara-la-reclamacion-del-trabajador\/#breadcrumb\",\"itemListElement\":[{\"@type\":\"ListItem\",\"position\":1,\"name\":\"Practice Areas\",\"item\":\"https:\/\/kecheslaw.com\/practice-areas\/\"},{\"@type\":\"ListItem\",\"position\":2,\"name\":\"Workers&#8217; Compensation Lawyers\",\"item\":\"https:\/\/kecheslaw.com\/practice-areas\/workers-compensation\/\"},{\"@type\":\"ListItem\",\"position\":3,\"name\":\"Workers&#8217; Compensation FAQs\",\"item\":\"https:\/\/kecheslaw.com\/practice-areas\/workers-compensation\/faqs\/\"},{\"@type\":\"ListItem\",\"position\":4,\"name\":\"What Happens if my Workers&#8217; Compensation Claim is Denied?\"}]},{\"@type\":\"WebSite\",\"@id\":\"https:\/\/kecheslaw.com\/#website\",\"url\":\"https:\/\/kecheslaw.com\/\",\"name\":\"Keches Law Group\",\"description\":\"Workers&#039; Compensation and Injury Lawyers\",\"publisher\":{\"@id\":\"https:\/\/kecheslaw.com\/#organization\"},\"potentialAction\":[{\"@type\":\"SearchAction\",\"target\":{\"@type\":\"EntryPoint\",\"urlTemplate\":\"https:\/\/kecheslaw.com\/?s={search_term_string}\"},\"query-input\":\"required name=search_term_string\"}],\"inLanguage\":\"pt-BR\"},{\"@type\":\"Organization\",\"@id\":\"https:\/\/kecheslaw.com\/#organization\",\"name\":\"Keches Law Group\",\"url\":\"https:\/\/kecheslaw.com\/\",\"logo\":{\"@type\":\"ImageObject\",\"inLanguage\":\"pt-BR\",\"@id\":\"https:\/\/kecheslaw.com\/#\/schema\/logo\/image\/\",\"url\":\"https:\/\/kecheslaw.com\/wp-content\/uploads\/2018\/12\/sitefavicon.png\",\"contentUrl\":\"https:\/\/kecheslaw.com\/wp-content\/uploads\/2018\/12\/sitefavicon.png\",\"width\":512,\"height\":512,\"caption\":\"Keches Law Group\"},\"image\":{\"@id\":\"https:\/\/kecheslaw.com\/#\/schema\/logo\/image\/\"},\"sameAs\":[\"https:\/\/www.facebook.com\/kecheslaw\/\",\"https:\/\/twitter.com\/kecheslaw\",\"http:\/\/instagram.com\/kecheslaw\",\"https:\/\/www.linkedin.com\/company\/keches-law-group-pc\/about\/\",\"https:\/\/www.youtube.com\/channel\/UCtgkXK4oA0WNIO8HYmVIE9A\"]}]}<\/script>\n<!-- \/ Yoast SEO Premium plugin. -->","yoast_head_json":{"title":"What Happens if my Workers' Compensation Claim is Denied? - Keches Law Group","description":"If your workers\u2019 compensation claim is denied, you can appeal your denial through the Department of Industrial Accidents. An attorney from Keches Law Group can help you through this process.","robots":{"index":"index","follow":"follow","max-snippet":"max-snippet:-1","max-image-preview":"max-image-preview:large","max-video-preview":"max-video-preview:-1"},"canonical":"https:\/\/kecheslaw.com\/pt\/areas-de-practica\/indemnizacion-de-los-trabajadores\/faqs-2\/que-pasaria-si-se-denegara-la-reclamacion-del-trabajador\/","og_locale":"pt_BR","og_type":"article","og_title":"What Happens if my Workers' Compensation Claim is Denied?","og_description":"If your workers\u2019 compensation claim is denied, you can appeal your denial through the Department of Industrial Accidents. An attorney from Keches Law Group can help you through this process.","og_url":"https:\/\/kecheslaw.com\/pt\/areas-de-practica\/indemnizacion-de-los-trabajadores\/faqs-2\/que-pasaria-si-se-denegara-la-reclamacion-del-trabajador\/","og_site_name":"Keches Law Group","article_publisher":"https:\/\/www.facebook.com\/kecheslaw\/","article_modified_time":"2020-02-07T14:34:41+00:00","twitter_card":"summary_large_image","twitter_site":"@kecheslaw","twitter_misc":{"Est. tempo de leitura":"1 minuto"},"schema":{"@context":"https:\/\/schema.org","@graph":[{"@type":"WebPage","@id":"https:\/\/kecheslaw.com\/es\/areas-de-practica\/indemnizacion-de-los-trabajadores\/faqs-2\/que-pasaria-si-se-denegara-la-reclamacion-del-trabajador\/","url":"https:\/\/kecheslaw.com\/es\/areas-de-practica\/indemnizacion-de-los-trabajadores\/faqs-2\/que-pasaria-si-se-denegara-la-reclamacion-del-trabajador\/","name":"What Happens if my Workers' Compensation Claim is Denied? - Keches Law Group","isPartOf":{"@id":"https:\/\/kecheslaw.com\/#website"},"datePublished":"2020-01-10T18:18:30+00:00","dateModified":"2020-02-07T14:34:41+00:00","description":"If your workers\u2019 compensation claim is denied, you can appeal your denial through the Department of Industrial Accidents. An attorney from Keches Law Group can help you through this process.","breadcrumb":{"@id":"https:\/\/kecheslaw.com\/es\/areas-de-practica\/indemnizacion-de-los-trabajadores\/faqs-2\/que-pasaria-si-se-denegara-la-reclamacion-del-trabajador\/#breadcrumb"},"inLanguage":"pt-BR","potentialAction":[{"@type":"ReadAction","target":["https:\/\/kecheslaw.com\/es\/areas-de-practica\/indemnizacion-de-los-trabajadores\/faqs-2\/que-pasaria-si-se-denegara-la-reclamacion-del-trabajador\/"]}]},{"@type":"BreadcrumbList","@id":"https:\/\/kecheslaw.com\/es\/areas-de-practica\/indemnizacion-de-los-trabajadores\/faqs-2\/que-pasaria-si-se-denegara-la-reclamacion-del-trabajador\/#breadcrumb","itemListElement":[{"@type":"ListItem","position":1,"name":"Practice Areas","item":"https:\/\/kecheslaw.com\/practice-areas\/"},{"@type":"ListItem","position":2,"name":"Workers&#8217; Compensation Lawyers","item":"https:\/\/kecheslaw.com\/practice-areas\/workers-compensation\/"},{"@type":"ListItem","position":3,"name":"Workers&#8217; Compensation FAQs","item":"https:\/\/kecheslaw.com\/practice-areas\/workers-compensation\/faqs\/"},{"@type":"ListItem","position":4,"name":"What Happens if my Workers&#8217; Compensation Claim is Denied?"}]},{"@type":"WebSite","@id":"https:\/\/kecheslaw.com\/#website","url":"https:\/\/kecheslaw.com\/","name":"Keches Law Group","description":"Workers&#039; Compensation and Injury Lawyers","publisher":{"@id":"https:\/\/kecheslaw.com\/#organization"},"potentialAction":[{"@type":"SearchAction","target":{"@type":"EntryPoint","urlTemplate":"https:\/\/kecheslaw.com\/?s={search_term_string}"},"query-input":"required name=search_term_string"}],"inLanguage":"pt-BR"},{"@type":"Organization","@id":"https:\/\/kecheslaw.com\/#organization","name":"Keches Law Group","url":"https:\/\/kecheslaw.com\/","logo":{"@type":"ImageObject","inLanguage":"pt-BR","@id":"https:\/\/kecheslaw.com\/#\/schema\/logo\/image\/","url":"https:\/\/kecheslaw.com\/wp-content\/uploads\/2018\/12\/sitefavicon.png","contentUrl":"https:\/\/kecheslaw.com\/wp-content\/uploads\/2018\/12\/sitefavicon.png","width":512,"height":512,"caption":"Keches Law Group"},"image":{"@id":"https:\/\/kecheslaw.com\/#\/schema\/logo\/image\/"},"sameAs":["https:\/\/www.facebook.com\/kecheslaw\/","https:\/\/twitter.com\/kecheslaw","http:\/\/instagram.com\/kecheslaw","https:\/\/www.linkedin.com\/company\/keches-law-group-pc\/about\/","https:\/\/www.youtube.com\/channel\/UCtgkXK4oA0WNIO8HYmVIE9A"]}]}},"_links":{"self":[{"href":"https:\/\/kecheslaw.com\/pt\/wp-json\/wp\/v2\/pages\/3209","targetHints":{"allow":["GET"]}}],"collection":[{"href":"https:\/\/kecheslaw.com\/pt\/wp-json\/wp\/v2\/pages"}],"about":[{"href":"https:\/\/kecheslaw.com\/pt\/wp-json\/wp\/v2\/types\/page"}],"author":[{"embeddable":true,"href":"https:\/\/kecheslaw.com\/pt\/wp-json\/wp\/v2\/users\/2"}],"replies":[{"embeddable":true,"href":"https:\/\/kecheslaw.com\/pt\/wp-json\/wp\/v2\/comments?post=3209"}],"version-history":[{"count":0,"href":"https:\/\/kecheslaw.com\/pt\/wp-json\/wp\/v2\/pages\/3209\/revisions"}],"up":[{"embeddable":true,"href":"https:\/\/kecheslaw.com\/pt\/wp-json\/wp\/v2\/pages\/2325"}],"wp:attachment":[{"href":"https:\/\/kecheslaw.com\/pt\/wp-json\/wp\/v2\/media?parent=3209"}],"curies":[{"name":"wp","href":"https:\/\/api.w.org\/{rel}","templated":true}]}}