{"id":2984,"date":"2019-02-19T15:38:45","date_gmt":"2019-02-19T15:38:45","guid":{"rendered":"http:\/\/kecheslaw.wpengine.com\/?page_id=2984"},"modified":"2023-05-16T16:14:04","modified_gmt":"2023-05-16T16:14:04","slug":"ada-notice","status":"publish","type":"page","link":"https:\/\/kecheslaw.com\/pt\/ada-notice\/","title":{"rendered":"Aviso da ADA"},"content":{"rendered":"<p>A Lei Americana com Defici\u00eancia (ADA) de 1990 \u00e9 uma lei de direitos civis que exige a elimina\u00e7\u00e3o da discrimina\u00e7\u00e3o contra pessoas com uma defici\u00eancia qualificada. O Keches Law Group far\u00e1 qualquer acomoda\u00e7\u00e3o razo\u00e1vel para tornar nosso conte\u00fado e servi\u00e7os dispon\u00edveis.<\/p>\n<p>O material deste site est\u00e1 dispon\u00edvel em formatos alternativos, mediante solicita\u00e7\u00e3o. Use o <a href=\"https:\/\/kecheslaw.com\/pt\/contato-us\/\">formul\u00e1rio de contato<\/a> ou ligue para 508-822-2000 para fazer um pedido de material em um formato alternativo.<\/p>\n<p>Se voc\u00ea usar equipamento especial adapt\u00e1vel e encontrar problemas ao usar este site, por favor, informe-os usando as informa\u00e7\u00f5es de contato fornecidas no site. N\u00f3s o informaremos se as informa\u00e7\u00f5es estiverem dispon\u00edveis em um formato alternativo.<\/p>\n<p>&nbsp;<\/p>","protected":false},"excerpt":{"rendered":"<p>A Lei Americana com Defici\u00eancia (ADA) de 1990 \u00e9 uma lei de direitos civis que exige a elimina\u00e7\u00e3o da discrimina\u00e7\u00e3o contra pessoas com uma defici\u00eancia qualificada. O Keches Law Group far\u00e1 qualquer acomoda\u00e7\u00e3o razo\u00e1vel para tornar nosso conte\u00fado e servi\u00e7os dispon\u00edveis. O material deste website est\u00e1 dispon\u00edvel em formatos alternativos mediante solicita\u00e7\u00e3o. Use o contato conosco ...<\/p>","protected":false},"author":2,"featured_media":0,"parent":0,"menu_order":0,"comment_status":"closed","ping_status":"closed","template":"","meta":{"_genesis_hide_title":false,"_genesis_hide_breadcrumbs":false,"_genesis_hide_singular_image":false,"_genesis_hide_footer_widgets":false,"_genesis_custom_body_class":"","_genesis_custom_post_class":"","_genesis_layout":"","footnotes":""},"class_list":{"0":"post-2984","1":"page","2":"type-page","3":"status-publish","5":"entry"},"yoast_head":"<!-- This site is optimized with the Yoast SEO Premium plugin v20.6 (Yoast SEO v20.6) - https:\/\/yoast.com\/wordpress\/plugins\/seo\/ -->\n<title>ADA Notice - Keches Law Group<\/title>\n<meta name=\"description\" content=\"Our ADA Notice lawyers will help you understand your rights and obligations under the Americans with Disabilities Act.\" \/>\n<meta name=\"robots\" content=\"index, follow, max-snippet:-1, max-image-preview:large, max-video-preview:-1\" \/>\n<link rel=\"canonical\" href=\"https:\/\/kecheslaw.com\/pt\/ada-notice\/\" \/>\n<meta property=\"og:locale\" content=\"pt_BR\" \/>\n<meta property=\"og:type\" content=\"article\" \/>\n<meta property=\"og:title\" content=\"ADA Notice\" \/>\n<meta property=\"og:description\" content=\"Our ADA Notice lawyers will help you understand your rights and obligations under the Americans with Disabilities Act.\" \/>\n<meta property=\"og:url\" content=\"https:\/\/kecheslaw.com\/pt\/ada-notice\/\" \/>\n<meta property=\"og:site_name\" content=\"Keches Law Group\" \/>\n<meta property=\"article:publisher\" content=\"https:\/\/www.facebook.com\/kecheslaw\/\" \/>\n<meta property=\"article:modified_time\" content=\"2023-05-16T16:14:04+00:00\" \/>\n<meta name=\"twitter:card\" content=\"summary_large_image\" \/>\n<meta name=\"twitter:site\" content=\"@kecheslaw\" \/>\n<meta name=\"twitter:label1\" content=\"Est. tempo de leitura\" \/>\n\t<meta name=\"twitter:data1\" content=\"1 minuto\" \/>\n<script type=\"application\/ld+json\" class=\"yoast-schema-graph\">{\"@context\":\"https:\/\/schema.org\",\"@graph\":[{\"@type\":\"WebPage\",\"@id\":\"https:\/\/kecheslaw.com\/ada-notice\/\",\"url\":\"https:\/\/kecheslaw.com\/ada-notice\/\",\"name\":\"ADA Notice - Keches Law Group\",\"isPartOf\":{\"@id\":\"https:\/\/kecheslaw.com\/#website\"},\"datePublished\":\"2019-02-19T15:38:45+00:00\",\"dateModified\":\"2023-05-16T16:14:04+00:00\",\"description\":\"Our ADA Notice lawyers will help you understand your rights and obligations under the Americans with Disabilities Act.\",\"inLanguage\":\"pt-BR\",\"potentialAction\":[{\"@type\":\"ReadAction\",\"target\":[\"https:\/\/kecheslaw.com\/ada-notice\/\"]}]},{\"@type\":\"WebSite\",\"@id\":\"https:\/\/kecheslaw.com\/#website\",\"url\":\"https:\/\/kecheslaw.com\/\",\"name\":\"Keches Law Group\",\"description\":\"Workers&#039; Compensation and Injury Lawyers\",\"publisher\":{\"@id\":\"https:\/\/kecheslaw.com\/#organization\"},\"potentialAction\":[{\"@type\":\"SearchAction\",\"target\":{\"@type\":\"EntryPoint\",\"urlTemplate\":\"https:\/\/kecheslaw.com\/?s={search_term_string}\"},\"query-input\":\"required name=search_term_string\"}],\"inLanguage\":\"pt-BR\"},{\"@type\":\"Organization\",\"@id\":\"https:\/\/kecheslaw.com\/#organization\",\"name\":\"Keches Law Group\",\"url\":\"https:\/\/kecheslaw.com\/\",\"logo\":{\"@type\":\"ImageObject\",\"inLanguage\":\"pt-BR\",\"@id\":\"https:\/\/kecheslaw.com\/#\/schema\/logo\/image\/\",\"url\":\"https:\/\/kecheslaw.com\/wp-content\/uploads\/2018\/12\/sitefavicon.png\",\"contentUrl\":\"https:\/\/kecheslaw.com\/wp-content\/uploads\/2018\/12\/sitefavicon.png\",\"width\":512,\"height\":512,\"caption\":\"Keches Law Group\"},\"image\":{\"@id\":\"https:\/\/kecheslaw.com\/#\/schema\/logo\/image\/\"},\"sameAs\":[\"https:\/\/www.facebook.com\/kecheslaw\/\",\"https:\/\/twitter.com\/kecheslaw\",\"http:\/\/instagram.com\/kecheslaw\",\"https:\/\/www.linkedin.com\/company\/keches-law-group-pc\/about\/\",\"https:\/\/www.youtube.com\/channel\/UCtgkXK4oA0WNIO8HYmVIE9A\"]}]}<\/script>\n<!-- \/ Yoast SEO Premium plugin. -->","yoast_head_json":{"title":"ADA Notice - Keches Law Group","description":"Our ADA Notice lawyers will help you understand your rights and obligations under the Americans with Disabilities Act.","robots":{"index":"index","follow":"follow","max-snippet":"max-snippet:-1","max-image-preview":"max-image-preview:large","max-video-preview":"max-video-preview:-1"},"canonical":"https:\/\/kecheslaw.com\/pt\/ada-notice\/","og_locale":"pt_BR","og_type":"article","og_title":"ADA Notice","og_description":"Our ADA Notice lawyers will help you understand your rights and obligations under the Americans with Disabilities Act.","og_url":"https:\/\/kecheslaw.com\/pt\/ada-notice\/","og_site_name":"Keches Law Group","article_publisher":"https:\/\/www.facebook.com\/kecheslaw\/","article_modified_time":"2023-05-16T16:14:04+00:00","twitter_card":"summary_large_image","twitter_site":"@kecheslaw","twitter_misc":{"Est. tempo de leitura":"1 minuto"},"schema":{"@context":"https:\/\/schema.org","@graph":[{"@type":"WebPage","@id":"https:\/\/kecheslaw.com\/ada-notice\/","url":"https:\/\/kecheslaw.com\/ada-notice\/","name":"ADA Notice - Keches Law Group","isPartOf":{"@id":"https:\/\/kecheslaw.com\/#website"},"datePublished":"2019-02-19T15:38:45+00:00","dateModified":"2023-05-16T16:14:04+00:00","description":"Our ADA Notice lawyers will help you understand your rights and obligations under the Americans with Disabilities Act.","inLanguage":"pt-BR","potentialAction":[{"@type":"ReadAction","target":["https:\/\/kecheslaw.com\/ada-notice\/"]}]},{"@type":"WebSite","@id":"https:\/\/kecheslaw.com\/#website","url":"https:\/\/kecheslaw.com\/","name":"Keches Law Group","description":"Workers&#039; Compensation and Injury Lawyers","publisher":{"@id":"https:\/\/kecheslaw.com\/#organization"},"potentialAction":[{"@type":"SearchAction","target":{"@type":"EntryPoint","urlTemplate":"https:\/\/kecheslaw.com\/?s={search_term_string}"},"query-input":"required name=search_term_string"}],"inLanguage":"pt-BR"},{"@type":"Organization","@id":"https:\/\/kecheslaw.com\/#organization","name":"Keches Law Group","url":"https:\/\/kecheslaw.com\/","logo":{"@type":"ImageObject","inLanguage":"pt-BR","@id":"https:\/\/kecheslaw.com\/#\/schema\/logo\/image\/","url":"https:\/\/kecheslaw.com\/wp-content\/uploads\/2018\/12\/sitefavicon.png","contentUrl":"https:\/\/kecheslaw.com\/wp-content\/uploads\/2018\/12\/sitefavicon.png","width":512,"height":512,"caption":"Keches Law Group"},"image":{"@id":"https:\/\/kecheslaw.com\/#\/schema\/logo\/image\/"},"sameAs":["https:\/\/www.facebook.com\/kecheslaw\/","https:\/\/twitter.com\/kecheslaw","http:\/\/instagram.com\/kecheslaw","https:\/\/www.linkedin.com\/company\/keches-law-group-pc\/about\/","https:\/\/www.youtube.com\/channel\/UCtgkXK4oA0WNIO8HYmVIE9A"]}]}},"_links":{"self":[{"href":"https:\/\/kecheslaw.com\/pt\/wp-json\/wp\/v2\/pages\/2984","targetHints":{"allow":["GET"]}}],"collection":[{"href":"https:\/\/kecheslaw.com\/pt\/wp-json\/wp\/v2\/pages"}],"about":[{"href":"https:\/\/kecheslaw.com\/pt\/wp-json\/wp\/v2\/types\/page"}],"author":[{"embeddable":true,"href":"https:\/\/kecheslaw.com\/pt\/wp-json\/wp\/v2\/users\/2"}],"replies":[{"embeddable":true,"href":"https:\/\/kecheslaw.com\/pt\/wp-json\/wp\/v2\/comments?post=2984"}],"version-history":[{"count":0,"href":"https:\/\/kecheslaw.com\/pt\/wp-json\/wp\/v2\/pages\/2984\/revisions"}],"wp:attachment":[{"href":"https:\/\/kecheslaw.com\/pt\/wp-json\/wp\/v2\/media?parent=2984"}],"curies":[{"name":"wp","href":"https:\/\/api.w.org\/{rel}","templated":true}]}}