{"id":2435,"date":"2019-01-23T22:23:00","date_gmt":"2019-01-23T22:23:00","guid":{"rendered":"http:\/\/kecheslaw.wpengine.com\/practice-areas\/workers-compensation\/faqs\/what-is-workers-compensation\/"},"modified":"2020-02-06T21:37:13","modified_gmt":"2020-02-06T21:37:13","slug":"what-is-workers-compensation","status":"publish","type":"page","link":"https:\/\/kecheslaw.com\/pt\/areas-de-pratica\/compensacao-aos-trabalhadores\/faqs\/compensacao-para-o-que-e-trabalhadores\/","title":{"rendered":"O que \u00e9 Remunera\u00e7\u00e3o dos Trabalhadores?"},"content":{"rendered":"<p>A compensa\u00e7\u00e3o dos trabalhadores \u00e9 um seguro que \u00e9 administrado pelo Estado. \u00c9 o <strong><em>necess\u00e1rio<\/em><\/strong> para todos os empregadores. Atrav\u00e9s deste seguro, os trabalhadores que sofrem de um ferimento ou doen\u00e7a relacionada ao trabalho podem receber uma compensa\u00e7\u00e3o monet\u00e1ria por seus preju\u00edzos. (A indeniza\u00e7\u00e3o pode incluir sal\u00e1rios perdidos, assist\u00eancia m\u00e9dica e despesas extras).<\/p>\n<p><span style=\"font-weight: 400;\">Massachusetts tem um sistema de compensa\u00e7\u00e3o dos trabalhadores implementado para garantir que os trabalhadores estejam protegidos por um seguro se se lesionarem no trabalho ou contra\u00edrem uma doen\u00e7a relacionada ao trabalho. \u00c9 exigido pelas Leis Gerais de Massachusetts c. 152, Se\u00e7\u00e3o 25A para administrar a cobertura do seguro de compensa\u00e7\u00e3o dos trabalhadores para todos os funcion\u00e1rios. Este seguro cobre qualquer tratamento m\u00e9dico razo\u00e1vel e necess\u00e1rio que esteja relacionado com o ferimento ou doen\u00e7a relacionada ao trabalho. O seguro cobre at\u00e9 60% de sal\u00e1rios perdidos, custos de viagem para atendimento m\u00e9dico e at\u00e9 mesmo requalifica\u00e7\u00e3o profissional, se for necess\u00e1rio.\u00a0<\/span><\/p>\n<p><span style=\"font-weight: 400;\">A remunera\u00e7\u00e3o dos trabalhadores tamb\u00e9m paga a remunera\u00e7\u00e3o parcial em termos de sal\u00e1rios perdidos ap\u00f3s os primeiros cinco dias de calend\u00e1rio de incapacidade total ou parcial. A seguradora ou o segurado deve ser informado o mais r\u00e1pido poss\u00edvel. Ap\u00f3s 21 dias de incapacidade para executar o trabalho, a indeniza\u00e7\u00e3o \u00e9 paga a partir de 1<\/span><span style=\"font-weight: 400;\">st<\/span><span style=\"font-weight: 400;\"> dia, mas se o trabalhador n\u00e3o puder trabalhar por menos de 21 dias, a compensa\u00e7\u00e3o \u00e9 paga a partir dos 6<\/span><span style=\"font-weight: 400;\">th<\/span><span style=\"font-weight: 400;\"> dia em diante.\u00a0<\/span><\/p>\n<p><span style=\"font-weight: 400;\">No estado de Massachusetts, um trabalhador ferido pode <a href=\"https:\/\/kecheslaw.com\/pt\/areas-de-pratica\/compensacao-aos-trabalhadores\/faqs\/arquivar-a-reivindicacao\/\">apresentar uma reclama\u00e7\u00e3o<\/a> contra a seguradora dentro de 4 anos de conhecimento. Ao apresentar o pedido, o requerente deve preencher o formul\u00e1rio 110 para o DIA (Departamento de Acidentes Industriais) dentro do per\u00edodo de quatro anos. Se a reclama\u00e7\u00e3o for negada pelo empregador\/segurador, o reclamante tem 30 dias para recorrer do caso, e seguir em frente. <a href=\"https:\/\/kecheslaw.com\/pt\/areas-de-pratica\/compensacao-aos-trabalhadores\/faqs\/pagamentos-maximos\/\">Benef\u00edcios da remunera\u00e7\u00e3o dos trabalhadores<\/a> pode ser recebido imediatamente, ou ap\u00f3s a concilia\u00e7\u00e3o, se se tornar uma quest\u00e3o legal. Estes benef\u00edcios est\u00e3o dispon\u00edveis at\u00e9 que voc\u00ea esteja apto a voltar ao trabalho.<\/span><\/p>","protected":false},"excerpt":{"rendered":"<p>A compensa\u00e7\u00e3o dos trabalhadores \u00e9 um seguro que \u00e9 administrado pelo Estado. \u00c9 obrigat\u00f3rio para todos os empregadores. Atrav\u00e9s deste seguro, os trabalhadores que sofrem de uma les\u00e3o ou doen\u00e7a relacionada ao trabalho podem receber uma compensa\u00e7\u00e3o monet\u00e1ria por suas perdas. (A indeniza\u00e7\u00e3o pode incluir sal\u00e1rios perdidos, assist\u00eancia m\u00e9dica e despesas extras). Massachusetts tem um sistema de indeniza\u00e7\u00e3o dos trabalhadores implementado para garantir ...<\/p>","protected":false},"author":2,"featured_media":0,"parent":2325,"menu_order":0,"comment_status":"closed","ping_status":"closed","template":"","meta":{"_genesis_hide_title":false,"_genesis_hide_breadcrumbs":false,"_genesis_hide_singular_image":false,"_genesis_hide_footer_widgets":false,"_genesis_custom_body_class":"","_genesis_custom_post_class":"","_genesis_layout":"","footnotes":""},"class_list":{"0":"post-2435","1":"page","2":"type-page","3":"status-publish","5":"entry"},"yoast_head":"<!-- This site is optimized with the Yoast SEO Premium plugin v20.6 (Yoast SEO v20.6) - https:\/\/yoast.com\/wordpress\/plugins\/seo\/ -->\n<title>What is Workers&#039; Compensation? - Keches Law Group<\/title>\n<meta name=\"description\" content=\"Workers&#039; compensation is insurance that is administered by the state. It is required for all employers. Injured workers may receive monetary compensation for their losses.\" \/>\n<meta name=\"robots\" content=\"index, follow, max-snippet:-1, max-image-preview:large, max-video-preview:-1\" \/>\n<link rel=\"canonical\" href=\"https:\/\/kecheslaw.com\/pt\/areas-de-pratica\/compensacao-aos-trabalhadores\/faqs\/compensacao-para-o-que-e-trabalhadores\/\" \/>\n<meta property=\"og:locale\" content=\"pt_BR\" \/>\n<meta property=\"og:type\" content=\"article\" \/>\n<meta property=\"og:title\" content=\"What is Workers&#039; Compensation?\" \/>\n<meta property=\"og:description\" content=\"Workers&#039; compensation is insurance that is administered by the state. It is required for all employers. Injured workers may receive monetary compensation for their losses.\" \/>\n<meta property=\"og:url\" content=\"https:\/\/kecheslaw.com\/pt\/areas-de-pratica\/compensacao-aos-trabalhadores\/faqs\/compensacao-para-o-que-e-trabalhadores\/\" \/>\n<meta property=\"og:site_name\" content=\"Keches Law Group\" \/>\n<meta property=\"article:publisher\" content=\"https:\/\/www.facebook.com\/kecheslaw\/\" \/>\n<meta property=\"article:modified_time\" content=\"2020-02-06T21:37:13+00:00\" \/>\n<meta name=\"twitter:card\" content=\"summary_large_image\" \/>\n<meta name=\"twitter:site\" content=\"@kecheslaw\" \/>\n<meta name=\"twitter:label1\" content=\"Est. tempo de leitura\" \/>\n\t<meta name=\"twitter:data1\" content=\"1 minuto\" \/>\n<script type=\"application\/ld+json\" class=\"yoast-schema-graph\">{\"@context\":\"https:\/\/schema.org\",\"@graph\":[{\"@type\":\"WebPage\",\"@id\":\"https:\/\/kecheslaw.com\/pt\/areas-de-pratica\/compensacao-aos-trabalhadores\/faqs\/compensacao-para-o-que-e-trabalhadores\/\",\"url\":\"https:\/\/kecheslaw.com\/pt\/areas-de-pratica\/compensacao-aos-trabalhadores\/faqs\/compensacao-para-o-que-e-trabalhadores\/\",\"name\":\"What is Workers' Compensation? - Keches Law Group\",\"isPartOf\":{\"@id\":\"https:\/\/kecheslaw.com\/#website\"},\"datePublished\":\"2019-01-23T22:23:00+00:00\",\"dateModified\":\"2020-02-06T21:37:13+00:00\",\"description\":\"Workers' compensation is insurance that is administered by the state. It is required for all employers. Injured workers may receive monetary compensation for their losses.\",\"breadcrumb\":{\"@id\":\"https:\/\/kecheslaw.com\/pt\/areas-de-pratica\/compensacao-aos-trabalhadores\/faqs\/compensacao-para-o-que-e-trabalhadores\/#breadcrumb\"},\"inLanguage\":\"pt-BR\",\"potentialAction\":[{\"@type\":\"ReadAction\",\"target\":[\"https:\/\/kecheslaw.com\/pt\/areas-de-pratica\/compensacao-aos-trabalhadores\/faqs\/compensacao-para-o-que-e-trabalhadores\/\"]}]},{\"@type\":\"BreadcrumbList\",\"@id\":\"https:\/\/kecheslaw.com\/pt\/areas-de-pratica\/compensacao-aos-trabalhadores\/faqs\/compensacao-para-o-que-e-trabalhadores\/#breadcrumb\",\"itemListElement\":[{\"@type\":\"ListItem\",\"position\":1,\"name\":\"Practice Areas\",\"item\":\"https:\/\/kecheslaw.com\/practice-areas\/\"},{\"@type\":\"ListItem\",\"position\":2,\"name\":\"Workers&#8217; Compensation Lawyers\",\"item\":\"https:\/\/kecheslaw.com\/practice-areas\/workers-compensation\/\"},{\"@type\":\"ListItem\",\"position\":3,\"name\":\"Workers&#8217; Compensation FAQs\",\"item\":\"https:\/\/kecheslaw.com\/practice-areas\/workers-compensation\/faqs\/\"},{\"@type\":\"ListItem\",\"position\":4,\"name\":\"What is Workers&#8217; Compensation?\"}]},{\"@type\":\"WebSite\",\"@id\":\"https:\/\/kecheslaw.com\/#website\",\"url\":\"https:\/\/kecheslaw.com\/\",\"name\":\"Keches Law Group\",\"description\":\"Workers&#039; Compensation and Injury Lawyers\",\"publisher\":{\"@id\":\"https:\/\/kecheslaw.com\/#organization\"},\"potentialAction\":[{\"@type\":\"SearchAction\",\"target\":{\"@type\":\"EntryPoint\",\"urlTemplate\":\"https:\/\/kecheslaw.com\/?s={search_term_string}\"},\"query-input\":\"required name=search_term_string\"}],\"inLanguage\":\"pt-BR\"},{\"@type\":\"Organization\",\"@id\":\"https:\/\/kecheslaw.com\/#organization\",\"name\":\"Keches Law Group\",\"url\":\"https:\/\/kecheslaw.com\/\",\"logo\":{\"@type\":\"ImageObject\",\"inLanguage\":\"pt-BR\",\"@id\":\"https:\/\/kecheslaw.com\/#\/schema\/logo\/image\/\",\"url\":\"https:\/\/kecheslaw.com\/wp-content\/uploads\/2018\/12\/sitefavicon.png\",\"contentUrl\":\"https:\/\/kecheslaw.com\/wp-content\/uploads\/2018\/12\/sitefavicon.png\",\"width\":512,\"height\":512,\"caption\":\"Keches Law Group\"},\"image\":{\"@id\":\"https:\/\/kecheslaw.com\/#\/schema\/logo\/image\/\"},\"sameAs\":[\"https:\/\/www.facebook.com\/kecheslaw\/\",\"https:\/\/twitter.com\/kecheslaw\",\"http:\/\/instagram.com\/kecheslaw\",\"https:\/\/www.linkedin.com\/company\/keches-law-group-pc\/about\/\",\"https:\/\/www.youtube.com\/channel\/UCtgkXK4oA0WNIO8HYmVIE9A\"]}]}<\/script>\n<!-- \/ Yoast SEO Premium plugin. -->","yoast_head_json":{"title":"What is Workers' Compensation? - Keches Law Group","description":"Workers' compensation is insurance that is administered by the state. It is required for all employers. Injured workers may receive monetary compensation for their losses.","robots":{"index":"index","follow":"follow","max-snippet":"max-snippet:-1","max-image-preview":"max-image-preview:large","max-video-preview":"max-video-preview:-1"},"canonical":"https:\/\/kecheslaw.com\/pt\/areas-de-pratica\/compensacao-aos-trabalhadores\/faqs\/compensacao-para-o-que-e-trabalhadores\/","og_locale":"pt_BR","og_type":"article","og_title":"What is Workers' Compensation?","og_description":"Workers' compensation is insurance that is administered by the state. It is required for all employers. Injured workers may receive monetary compensation for their losses.","og_url":"https:\/\/kecheslaw.com\/pt\/areas-de-pratica\/compensacao-aos-trabalhadores\/faqs\/compensacao-para-o-que-e-trabalhadores\/","og_site_name":"Keches Law Group","article_publisher":"https:\/\/www.facebook.com\/kecheslaw\/","article_modified_time":"2020-02-06T21:37:13+00:00","twitter_card":"summary_large_image","twitter_site":"@kecheslaw","twitter_misc":{"Est. tempo de leitura":"1 minuto"},"schema":{"@context":"https:\/\/schema.org","@graph":[{"@type":"WebPage","@id":"https:\/\/kecheslaw.com\/pt\/areas-de-pratica\/compensacao-aos-trabalhadores\/faqs\/compensacao-para-o-que-e-trabalhadores\/","url":"https:\/\/kecheslaw.com\/pt\/areas-de-pratica\/compensacao-aos-trabalhadores\/faqs\/compensacao-para-o-que-e-trabalhadores\/","name":"What is Workers' Compensation? - Keches Law Group","isPartOf":{"@id":"https:\/\/kecheslaw.com\/#website"},"datePublished":"2019-01-23T22:23:00+00:00","dateModified":"2020-02-06T21:37:13+00:00","description":"Workers' compensation is insurance that is administered by the state. It is required for all employers. Injured workers may receive monetary compensation for their losses.","breadcrumb":{"@id":"https:\/\/kecheslaw.com\/pt\/areas-de-pratica\/compensacao-aos-trabalhadores\/faqs\/compensacao-para-o-que-e-trabalhadores\/#breadcrumb"},"inLanguage":"pt-BR","potentialAction":[{"@type":"ReadAction","target":["https:\/\/kecheslaw.com\/pt\/areas-de-pratica\/compensacao-aos-trabalhadores\/faqs\/compensacao-para-o-que-e-trabalhadores\/"]}]},{"@type":"BreadcrumbList","@id":"https:\/\/kecheslaw.com\/pt\/areas-de-pratica\/compensacao-aos-trabalhadores\/faqs\/compensacao-para-o-que-e-trabalhadores\/#breadcrumb","itemListElement":[{"@type":"ListItem","position":1,"name":"Practice Areas","item":"https:\/\/kecheslaw.com\/practice-areas\/"},{"@type":"ListItem","position":2,"name":"Workers&#8217; Compensation Lawyers","item":"https:\/\/kecheslaw.com\/practice-areas\/workers-compensation\/"},{"@type":"ListItem","position":3,"name":"Workers&#8217; Compensation FAQs","item":"https:\/\/kecheslaw.com\/practice-areas\/workers-compensation\/faqs\/"},{"@type":"ListItem","position":4,"name":"What is Workers&#8217; Compensation?"}]},{"@type":"WebSite","@id":"https:\/\/kecheslaw.com\/#website","url":"https:\/\/kecheslaw.com\/","name":"Keches Law Group","description":"Workers&#039; Compensation and Injury Lawyers","publisher":{"@id":"https:\/\/kecheslaw.com\/#organization"},"potentialAction":[{"@type":"SearchAction","target":{"@type":"EntryPoint","urlTemplate":"https:\/\/kecheslaw.com\/?s={search_term_string}"},"query-input":"required name=search_term_string"}],"inLanguage":"pt-BR"},{"@type":"Organization","@id":"https:\/\/kecheslaw.com\/#organization","name":"Keches Law Group","url":"https:\/\/kecheslaw.com\/","logo":{"@type":"ImageObject","inLanguage":"pt-BR","@id":"https:\/\/kecheslaw.com\/#\/schema\/logo\/image\/","url":"https:\/\/kecheslaw.com\/wp-content\/uploads\/2018\/12\/sitefavicon.png","contentUrl":"https:\/\/kecheslaw.com\/wp-content\/uploads\/2018\/12\/sitefavicon.png","width":512,"height":512,"caption":"Keches Law Group"},"image":{"@id":"https:\/\/kecheslaw.com\/#\/schema\/logo\/image\/"},"sameAs":["https:\/\/www.facebook.com\/kecheslaw\/","https:\/\/twitter.com\/kecheslaw","http:\/\/instagram.com\/kecheslaw","https:\/\/www.linkedin.com\/company\/keches-law-group-pc\/about\/","https:\/\/www.youtube.com\/channel\/UCtgkXK4oA0WNIO8HYmVIE9A"]}]}},"_links":{"self":[{"href":"https:\/\/kecheslaw.com\/pt\/wp-json\/wp\/v2\/pages\/2435","targetHints":{"allow":["GET"]}}],"collection":[{"href":"https:\/\/kecheslaw.com\/pt\/wp-json\/wp\/v2\/pages"}],"about":[{"href":"https:\/\/kecheslaw.com\/pt\/wp-json\/wp\/v2\/types\/page"}],"author":[{"embeddable":true,"href":"https:\/\/kecheslaw.com\/pt\/wp-json\/wp\/v2\/users\/2"}],"replies":[{"embeddable":true,"href":"https:\/\/kecheslaw.com\/pt\/wp-json\/wp\/v2\/comments?post=2435"}],"version-history":[{"count":0,"href":"https:\/\/kecheslaw.com\/pt\/wp-json\/wp\/v2\/pages\/2435\/revisions"}],"up":[{"embeddable":true,"href":"https:\/\/kecheslaw.com\/pt\/wp-json\/wp\/v2\/pages\/2325"}],"wp:attachment":[{"href":"https:\/\/kecheslaw.com\/pt\/wp-json\/wp\/v2\/media?parent=2435"}],"curies":[{"name":"wp","href":"https:\/\/api.w.org\/{rel}","templated":true}]}}