{"id":139870,"date":"2023-01-30T15:14:01","date_gmt":"2023-01-30T15:14:01","guid":{"rendered":"https:\/\/kecheslaw.com\/?page_id=139870"},"modified":"2023-05-12T20:50:53","modified_gmt":"2023-05-12T20:50:53","slug":"erbs-palsy-and-cerebral-palsy","status":"publish","type":"page","link":"https:\/\/kecheslaw.com\/pt\/areas-de-pratica\/malversacao-medica\/paralisia-de-erbs-e-paralisia-cerebral\/","title":{"rendered":"Paralisia de Erb e Paralisia Cerebral"},"content":{"rendered":"<p>A paralisia de Erb e a paralisia cerebral podem resultar em <a href=\"https:\/\/kecheslaw.com\/pt\/areas-de-pratica\/malversacao-medica\/\">processo por neglig\u00eancia m\u00e9dica<\/a> se acreditarmos que a condi\u00e7\u00e3o foi causada por neglig\u00eancia m\u00e9dica durante o parto. Embora Boston tenha alguns dos melhores m\u00e9dicos e hospitais do mundo, ainda assim ocorrem erros. Isso pode incluir o uso inadequado de instrumentos de parto, falha no monitoramento dos sinais vitais do beb\u00ea durante o parto ou atraso na resposta a sinais de sofrimento fetal. A a\u00e7\u00e3o judicial por les\u00e3o de nascimento pode alegar que, se os procedimentos m\u00e9dicos adequados tivessem sido seguidos, a condi\u00e7\u00e3o do beb\u00ea poderia ter sido evitada. O resultado de tal a\u00e7\u00e3o judicial depender\u00e1 das circunst\u00e2ncias espec\u00edficas do caso e das provas apresentadas. <\/p>\n\n\n\n<p><strong>O que \u00e9 paralisia de Erb?<\/strong><\/p>\n\n\n\n<p>A paralisia de Erb \u00e9 um tipo de les\u00e3o do plexo braquial que afeta o movimento e a sensibilidade do bra\u00e7o. Geralmente \u00e9 causada por danos aos nervos do pesco\u00e7o durante o nascimento, normalmente devido a uma posi\u00e7\u00e3o inadequada da cabe\u00e7a ou do ombro do beb\u00ea durante o parto. Os sintomas podem incluir fraqueza ou paralisia completa do bra\u00e7o, redu\u00e7\u00e3o da for\u00e7a de preens\u00e3o e diminui\u00e7\u00e3o da sensibilidade no bra\u00e7o e na m\u00e3o. As op\u00e7\u00f5es de tratamento incluem fisioterapia, cirurgia e \u00f3rtese.<\/p>\n\n\n\n<p><strong>O que \u00e9 paralisia cerebral?<\/strong><\/p>\n\n\n\n<p>A paralisia cerebral \u00e9 um grupo de dist\u00farbios permanentes do movimento que prejudicam a capacidade da pessoa de controlar os movimentos e manter o equil\u00edbrio e a postura. \u00c9 causada por danos ao c\u00e9rebro que ocorrem antes, durante ou ap\u00f3s o nascimento. Os sintomas podem variar de leves a graves e podem incluir tens\u00e3o ou fraqueza muscular, tremores, dificuldade com tarefas motoras finas, dificuldade com a fala e dificuldade com o equil\u00edbrio e a coordena\u00e7\u00e3o. N\u00e3o h\u00e1 cura para a paralisia cerebral, mas v\u00e1rios tratamentos, como fisioterapia, medicamentos e cirurgia, podem ajudar a melhorar os sintomas e aumentar a independ\u00eancia.<\/p>\n\n\n\n<p><strong>Preven\u00e7\u00e3o<\/strong><\/p>\n\n\n\n<p>A paralisia de Erb e a paralisia cerebral n\u00e3o podem ser evitadas em todos os casos, mas h\u00e1 medidas que podem ser tomadas para reduzir o risco dessas condi\u00e7\u00f5es. Por exemplo:<\/p>\n\n\n\n<ul class=\"wp-block-list\">\n<li>O atendimento pr\u00e9-natal precoce e regular pode ajudar a identificar e tratar os poss\u00edveis fatores de risco para ambas as condi\u00e7\u00f5es.<\/li>\n\n\n\n<li>O monitoramento do feto durante o parto quanto a sinais de sofrimento, como batimentos card\u00edacos lentos ou irregulares, pode ajudar a prevenir <a href=\"https:\/\/kecheslaw.com\/pt\/verdicts-settlements\/5400000-settlement-for-brain-injured-infant-following-mismanaged-cesarean-birth\/\">les\u00e3o cong\u00eanita<\/a>.<\/li>\n\n\n\n<li>Ter cuidado ao usar instrumentos de parto, como f\u00f3rceps ou extratores a v\u00e1cuo, pode ajudar a reduzir o risco de les\u00f5es do plexo braquial, como a paralisia de Erb.<\/li>\n\n\n\n<li>O tratamento imediato de qualquer complica\u00e7\u00e3o durante a gravidez ou o parto, como trabalho de parto prematuro ou sangramento, pode ajudar a reduzir o risco de paralisia cerebral.<\/li>\n<\/ul>\n\n\n\n<p>\u00c9 importante observar que, mesmo com essas medidas preventivas, a paralisia de Erb e a paralisia cerebral ainda podem ocorrer em alguns casos.<\/p>\n\n\n\n<p><strong>Como registrar uma reclama\u00e7\u00e3o por neglig\u00eancia m\u00e9dica<\/strong><\/p>\n\n\n\n<p>Provar que um m\u00e9dico causou a paralisia cerebral ou a paralisia de Erb em um beb\u00ea pode ser um desafio e requer evid\u00eancias fortes e uma equipe jur\u00eddica experiente. Para provar a neglig\u00eancia m\u00e9dica nesses casos, \u00e9 necess\u00e1rio estabelecer o seguinte:<\/p>\n\n\n\n<ol class=\"wp-block-list\" type=\"1\" start=\"1\">\n<li><strong>Dever de cuidado<\/strong>: O m\u00e9dico tinha o dever de fornecer um determinado padr\u00e3o de atendimento ao paciente.<\/li>\n\n\n\n<li><strong>Viola\u00e7\u00e3o de deveres<\/strong>: O m\u00e9dico n\u00e3o cumpriu esse padr\u00e3o de atendimento.<\/li>\n\n\n\n<li><strong>Causalidade<\/strong>: A viola\u00e7\u00e3o do dever do m\u00e9dico causou diretamente a les\u00e3o ao beb\u00ea.<\/li>\n\n\n\n<li><strong>Danos<\/strong>: A les\u00e3o resultou em danos significativos ao beb\u00ea, como paralisia cerebral ou paralisia de Erb.<\/li>\n<\/ol>\n\n\n\n<p>Para construir um caso s\u00f3lido de les\u00e3o de parto, talvez seja necess\u00e1rio reunir e apresentar provas, como registros m\u00e9dicos, depoimentos de testemunhas especializadas, anota\u00e7\u00f5es de m\u00e9dicos e hospitais e outros documentos relevantes. \u00c9 importante trabalhar com um advogado experiente em neglig\u00eancia m\u00e9dica ou les\u00e3o de parto do Keches Law Group, que pode ajud\u00e1-lo a navegar pelas suas op\u00e7\u00f5es e construir um caso s\u00f3lido para entrar com uma a\u00e7\u00e3o judicial. <\/p>","protected":false},"excerpt":{"rendered":"<p>A paralisia de Erb e a paralisia cerebral podem resultar em uma a\u00e7\u00e3o judicial por neglig\u00eancia m\u00e9dica se for acreditado que a condi\u00e7\u00e3o foi causada por neglig\u00eancia m\u00e9dica durante o nascimento. Embora Boston tenha alguns dos melhores m\u00e9dicos e hospitais do mundo, ainda assim ocorrem erros. Isso pode incluir o uso inadequado de instrumentos de parto, falha no monitoramento do ...<\/p>","protected":false},"author":2,"featured_media":0,"parent":2078,"menu_order":0,"comment_status":"closed","ping_status":"closed","template":"","meta":{"_genesis_hide_title":false,"_genesis_hide_breadcrumbs":false,"_genesis_hide_singular_image":false,"_genesis_hide_footer_widgets":false,"_genesis_custom_body_class":"","_genesis_custom_post_class":"","_genesis_layout":"","footnotes":""},"class_list":{"0":"post-139870","1":"page","2":"type-page","3":"status-publish","5":"entry"},"yoast_head":"<!-- This site is optimized with the Yoast SEO Premium plugin v20.6 (Yoast SEO v20.6) - https:\/\/yoast.com\/wordpress\/plugins\/seo\/ -->\n<title>Erb&#039;s Palsy and Cerebral Palsy - Keches Law Group<\/title>\n<meta name=\"description\" content=\"Erb&#039;s palsy and cerebral palsy are birth injuries where a medical malpractice lawsuit may be justified if there was a breach of duty.\" \/>\n<meta name=\"robots\" content=\"index, follow, max-snippet:-1, max-image-preview:large, max-video-preview:-1\" \/>\n<link rel=\"canonical\" href=\"https:\/\/kecheslaw.com\/pt\/areas-de-pratica\/malversacao-medica\/paralisia-de-erbs-e-paralisia-cerebral\/\" \/>\n<meta property=\"og:locale\" content=\"pt_BR\" \/>\n<meta property=\"og:type\" content=\"article\" \/>\n<meta property=\"og:title\" content=\"Erb&#039;s Palsy and Cerebral Palsy\" \/>\n<meta property=\"og:description\" content=\"Erb&#039;s palsy and cerebral palsy are birth injuries where a medical malpractice lawsuit may be justified if there was a breach of duty.\" \/>\n<meta property=\"og:url\" content=\"https:\/\/kecheslaw.com\/pt\/areas-de-pratica\/malversacao-medica\/paralisia-de-erbs-e-paralisia-cerebral\/\" \/>\n<meta property=\"og:site_name\" content=\"Keches Law Group\" \/>\n<meta property=\"article:publisher\" content=\"https:\/\/www.facebook.com\/kecheslaw\/\" \/>\n<meta property=\"article:modified_time\" content=\"2023-05-12T20:50:53+00:00\" \/>\n<meta name=\"twitter:card\" content=\"summary_large_image\" \/>\n<meta name=\"twitter:site\" content=\"@kecheslaw\" \/>\n<meta name=\"twitter:label1\" content=\"Est. tempo de leitura\" \/>\n\t<meta name=\"twitter:data1\" content=\"3 minutos\" \/>\n<script type=\"application\/ld+json\" class=\"yoast-schema-graph\">{\"@context\":\"https:\/\/schema.org\",\"@graph\":[{\"@type\":\"WebPage\",\"@id\":\"https:\/\/kecheslaw.com\/practice-areas\/medical-malpractice\/erbs-palsy-and-cerebral-palsy\/\",\"url\":\"https:\/\/kecheslaw.com\/practice-areas\/medical-malpractice\/erbs-palsy-and-cerebral-palsy\/\",\"name\":\"Erb's Palsy and Cerebral Palsy - Keches Law Group\",\"isPartOf\":{\"@id\":\"https:\/\/kecheslaw.com\/#website\"},\"datePublished\":\"2023-01-30T15:14:01+00:00\",\"dateModified\":\"2023-05-12T20:50:53+00:00\",\"description\":\"Erb's palsy and cerebral palsy are birth injuries where a medical malpractice lawsuit may be justified if there was a breach of duty.\",\"breadcrumb\":{\"@id\":\"https:\/\/kecheslaw.com\/practice-areas\/medical-malpractice\/erbs-palsy-and-cerebral-palsy\/#breadcrumb\"},\"inLanguage\":\"pt-BR\",\"potentialAction\":[{\"@type\":\"ReadAction\",\"target\":[\"https:\/\/kecheslaw.com\/practice-areas\/medical-malpractice\/erbs-palsy-and-cerebral-palsy\/\"]}]},{\"@type\":\"BreadcrumbList\",\"@id\":\"https:\/\/kecheslaw.com\/practice-areas\/medical-malpractice\/erbs-palsy-and-cerebral-palsy\/#breadcrumb\",\"itemListElement\":[{\"@type\":\"ListItem\",\"position\":1,\"name\":\"Practice Areas\",\"item\":\"https:\/\/kecheslaw.com\/practice-areas\/\"},{\"@type\":\"ListItem\",\"position\":2,\"name\":\"Medical Malpractice Lawyers\",\"item\":\"https:\/\/kecheslaw.com\/practice-areas\/medical-malpractice\/\"},{\"@type\":\"ListItem\",\"position\":3,\"name\":\"Erb&#8217;s Palsy and Cerebral Palsy\"}]},{\"@type\":\"WebSite\",\"@id\":\"https:\/\/kecheslaw.com\/#website\",\"url\":\"https:\/\/kecheslaw.com\/\",\"name\":\"Keches Law Group\",\"description\":\"Workers&#039; Compensation and Injury Lawyers\",\"publisher\":{\"@id\":\"https:\/\/kecheslaw.com\/#organization\"},\"potentialAction\":[{\"@type\":\"SearchAction\",\"target\":{\"@type\":\"EntryPoint\",\"urlTemplate\":\"https:\/\/kecheslaw.com\/?s={search_term_string}\"},\"query-input\":\"required name=search_term_string\"}],\"inLanguage\":\"pt-BR\"},{\"@type\":\"Organization\",\"@id\":\"https:\/\/kecheslaw.com\/#organization\",\"name\":\"Keches Law Group\",\"url\":\"https:\/\/kecheslaw.com\/\",\"logo\":{\"@type\":\"ImageObject\",\"inLanguage\":\"pt-BR\",\"@id\":\"https:\/\/kecheslaw.com\/#\/schema\/logo\/image\/\",\"url\":\"https:\/\/kecheslaw.com\/wp-content\/uploads\/2018\/12\/sitefavicon.png\",\"contentUrl\":\"https:\/\/kecheslaw.com\/wp-content\/uploads\/2018\/12\/sitefavicon.png\",\"width\":512,\"height\":512,\"caption\":\"Keches Law Group\"},\"image\":{\"@id\":\"https:\/\/kecheslaw.com\/#\/schema\/logo\/image\/\"},\"sameAs\":[\"https:\/\/www.facebook.com\/kecheslaw\/\",\"https:\/\/twitter.com\/kecheslaw\",\"http:\/\/instagram.com\/kecheslaw\",\"https:\/\/www.linkedin.com\/company\/keches-law-group-pc\/about\/\",\"https:\/\/www.youtube.com\/channel\/UCtgkXK4oA0WNIO8HYmVIE9A\"]}]}<\/script>\n<!-- \/ Yoast SEO Premium plugin. -->","yoast_head_json":{"title":"Erb's Palsy and Cerebral Palsy - Keches Law Group","description":"Erb's palsy and cerebral palsy are birth injuries where a medical malpractice lawsuit may be justified if there was a breach of duty.","robots":{"index":"index","follow":"follow","max-snippet":"max-snippet:-1","max-image-preview":"max-image-preview:large","max-video-preview":"max-video-preview:-1"},"canonical":"https:\/\/kecheslaw.com\/pt\/areas-de-pratica\/malversacao-medica\/paralisia-de-erbs-e-paralisia-cerebral\/","og_locale":"pt_BR","og_type":"article","og_title":"Erb's Palsy and Cerebral Palsy","og_description":"Erb's palsy and cerebral palsy are birth injuries where a medical malpractice lawsuit may be justified if there was a breach of duty.","og_url":"https:\/\/kecheslaw.com\/pt\/areas-de-pratica\/malversacao-medica\/paralisia-de-erbs-e-paralisia-cerebral\/","og_site_name":"Keches Law Group","article_publisher":"https:\/\/www.facebook.com\/kecheslaw\/","article_modified_time":"2023-05-12T20:50:53+00:00","twitter_card":"summary_large_image","twitter_site":"@kecheslaw","twitter_misc":{"Est. tempo de leitura":"3 minutos"},"schema":{"@context":"https:\/\/schema.org","@graph":[{"@type":"WebPage","@id":"https:\/\/kecheslaw.com\/practice-areas\/medical-malpractice\/erbs-palsy-and-cerebral-palsy\/","url":"https:\/\/kecheslaw.com\/practice-areas\/medical-malpractice\/erbs-palsy-and-cerebral-palsy\/","name":"Erb's Palsy and Cerebral Palsy - Keches Law Group","isPartOf":{"@id":"https:\/\/kecheslaw.com\/#website"},"datePublished":"2023-01-30T15:14:01+00:00","dateModified":"2023-05-12T20:50:53+00:00","description":"Erb's palsy and cerebral palsy are birth injuries where a medical malpractice lawsuit may be justified if there was a breach of duty.","breadcrumb":{"@id":"https:\/\/kecheslaw.com\/practice-areas\/medical-malpractice\/erbs-palsy-and-cerebral-palsy\/#breadcrumb"},"inLanguage":"pt-BR","potentialAction":[{"@type":"ReadAction","target":["https:\/\/kecheslaw.com\/practice-areas\/medical-malpractice\/erbs-palsy-and-cerebral-palsy\/"]}]},{"@type":"BreadcrumbList","@id":"https:\/\/kecheslaw.com\/practice-areas\/medical-malpractice\/erbs-palsy-and-cerebral-palsy\/#breadcrumb","itemListElement":[{"@type":"ListItem","position":1,"name":"Practice Areas","item":"https:\/\/kecheslaw.com\/practice-areas\/"},{"@type":"ListItem","position":2,"name":"Medical Malpractice Lawyers","item":"https:\/\/kecheslaw.com\/practice-areas\/medical-malpractice\/"},{"@type":"ListItem","position":3,"name":"Erb&#8217;s Palsy and Cerebral Palsy"}]},{"@type":"WebSite","@id":"https:\/\/kecheslaw.com\/#website","url":"https:\/\/kecheslaw.com\/","name":"Keches Law Group","description":"Workers&#039; Compensation and Injury Lawyers","publisher":{"@id":"https:\/\/kecheslaw.com\/#organization"},"potentialAction":[{"@type":"SearchAction","target":{"@type":"EntryPoint","urlTemplate":"https:\/\/kecheslaw.com\/?s={search_term_string}"},"query-input":"required name=search_term_string"}],"inLanguage":"pt-BR"},{"@type":"Organization","@id":"https:\/\/kecheslaw.com\/#organization","name":"Keches Law Group","url":"https:\/\/kecheslaw.com\/","logo":{"@type":"ImageObject","inLanguage":"pt-BR","@id":"https:\/\/kecheslaw.com\/#\/schema\/logo\/image\/","url":"https:\/\/kecheslaw.com\/wp-content\/uploads\/2018\/12\/sitefavicon.png","contentUrl":"https:\/\/kecheslaw.com\/wp-content\/uploads\/2018\/12\/sitefavicon.png","width":512,"height":512,"caption":"Keches Law Group"},"image":{"@id":"https:\/\/kecheslaw.com\/#\/schema\/logo\/image\/"},"sameAs":["https:\/\/www.facebook.com\/kecheslaw\/","https:\/\/twitter.com\/kecheslaw","http:\/\/instagram.com\/kecheslaw","https:\/\/www.linkedin.com\/company\/keches-law-group-pc\/about\/","https:\/\/www.youtube.com\/channel\/UCtgkXK4oA0WNIO8HYmVIE9A"]}]}},"_links":{"self":[{"href":"https:\/\/kecheslaw.com\/pt\/wp-json\/wp\/v2\/pages\/139870","targetHints":{"allow":["GET"]}}],"collection":[{"href":"https:\/\/kecheslaw.com\/pt\/wp-json\/wp\/v2\/pages"}],"about":[{"href":"https:\/\/kecheslaw.com\/pt\/wp-json\/wp\/v2\/types\/page"}],"author":[{"embeddable":true,"href":"https:\/\/kecheslaw.com\/pt\/wp-json\/wp\/v2\/users\/2"}],"replies":[{"embeddable":true,"href":"https:\/\/kecheslaw.com\/pt\/wp-json\/wp\/v2\/comments?post=139870"}],"version-history":[{"count":0,"href":"https:\/\/kecheslaw.com\/pt\/wp-json\/wp\/v2\/pages\/139870\/revisions"}],"up":[{"embeddable":true,"href":"https:\/\/kecheslaw.com\/pt\/wp-json\/wp\/v2\/pages\/2078"}],"wp:attachment":[{"href":"https:\/\/kecheslaw.com\/pt\/wp-json\/wp\/v2\/media?parent=139870"}],"curies":[{"name":"wp","href":"https:\/\/api.w.org\/{rel}","templated":true}]}}