{"id":3245,"date":"2020-01-13T18:57:52","date_gmt":"2020-01-13T18:57:52","guid":{"rendered":"https:\/\/kecheslaw.com\/?page_id=3245"},"modified":"2020-02-07T17:04:03","modified_gmt":"2020-02-07T17:04:03","slug":"do-you-have-a-workers-compensation-claim-if-an-employee-dies-while-working","status":"publish","type":"page","link":"https:\/\/kecheslaw.com\/es\/areas-de-practica\/indemnizacion-de-los-trabajadores\/faqs-2\/se-puede-reclamar-la-indemnizacion-de-los-trabajadores-si-un-empleado-muere-mientras-trabaja\/","title":{"rendered":"\u00bfTiene usted derecho a una indemnizaci\u00f3n por accidente de trabajo si un empleado muere mientras trabaja?"},"content":{"rendered":"<p>S\u00ed, si un familiar fallece en un incidente laboral, puedes solicitar una <a href=\"https:\/\/kecheslaw.com\/es\/areas-de-practica\/indemnizacion-de-los-trabajadores\/faqs-2\/presentacion-de-la-demanda\/\">reclamaci\u00f3n de indemnizaci\u00f3n de los trabajadores<\/a> para las prestaciones de supervivencia a trav\u00e9s de los art\u00edculos 31, 32 y 33. Lamentablemente, no se puede demandar por el dolor y el sufrimiento. En virtud de la Secci\u00f3n 31, las prestaciones de supervivencia, que asignan un porcentaje del salario de los afiliados fallecidos (normalmente dos tercios de su salario medio semanal) al c\u00f3nyuge y a los dependientes de la familia. <\/p>\n\n\n\n<p>En virtud del art\u00edculo 32, se presume que algunos miembros de la familia son dependientes, es decir, el c\u00f3nyuge y los hijos menores de 18 a\u00f1os. Recuerde que si su c\u00f3nyuge fallece en un accidente laboral y usted se vuelve a casar, no tendr\u00e1 derecho a las prestaciones de supervivencia. Por favor, hable con un abogado sobre c\u00f3mo resolver su reclamaci\u00f3n de indemnizaci\u00f3n por accidente de trabajo. <\/p>\n\n\n\n<p>El art\u00edculo 33 permite solicitar los gastos de sepelio. Ninguna de estas prestaciones afecta ni interrumpe ninguna p\u00f3liza de seguro de vida en vigor. <\/p>\n\n\n\n<p>En conclusi\u00f3n, sin duda tiene una reclamaci\u00f3n de indemnizaci\u00f3n por accidente de trabajo si su c\u00f3nyuge sufre una lesi\u00f3n laboral grave que le provoca la muerte. Debe ponerse en contacto con un <a href=\"https:\/\/kecheslaw.com\/es\/injury-attorneys\/\">abogado<\/a> que puede ayudar a navegar por los matices de este tipo de reclamaciones de compensaci\u00f3n de los trabajadores, mientras que usted est\u00e1 pasando por un momento extremadamente dif\u00edcil. Los abogados de Keches Law Group han manejado cientos de estos casos a lo largo de sus carreras. <\/p>","protected":false},"excerpt":{"rendered":"<p>S\u00ed, si un familiar fallece en un incidente laboral, puede presentar una reclamaci\u00f3n de indemnizaci\u00f3n por accidente de trabajo para recibir prestaciones de supervivencia a trav\u00e9s de los art\u00edculos 31, 32 y 33. Lamentablemente, no puede demandar por dolor y sufrimiento. Seg\u00fan la Secci\u00f3n 31, las prestaciones de supervivencia, que asignan un porcentaje del salario de los miembros fallecidos (normalmente dos tercios de su salario medio semanal)...<\/p>","protected":false},"author":2,"featured_media":0,"parent":2325,"menu_order":0,"comment_status":"closed","ping_status":"closed","template":"","meta":{"_genesis_hide_title":false,"_genesis_hide_breadcrumbs":false,"_genesis_hide_singular_image":false,"_genesis_hide_footer_widgets":false,"_genesis_custom_body_class":"","_genesis_custom_post_class":"","_genesis_layout":"","footnotes":""},"class_list":{"0":"post-3245","1":"page","2":"type-page","3":"status-publish","5":"entry"},"yoast_head":"<!-- This site is optimized with the Yoast SEO Premium plugin v20.6 (Yoast SEO v20.6) - https:\/\/yoast.com\/wordpress\/plugins\/seo\/ -->\n<title>Do You Have a Workers&#039; Compensation Claim if an Employee Dies While Working? - Keches Law Group<\/title>\n<meta name=\"description\" content=\"You have a workers&#039; compensation claim if your spouse suffers a severe work injury that results in death. You need to contact an attorney who can help navigate through this difficult process.\" \/>\n<meta name=\"robots\" content=\"index, follow, max-snippet:-1, max-image-preview:large, max-video-preview:-1\" \/>\n<link rel=\"canonical\" href=\"https:\/\/kecheslaw.com\/es\/areas-de-pratica\/compensacao-aos-trabalhadores\/faqs\/do-you-have-a-workers-compensation-claim-if-an-employee-dies-working\/\" \/>\n<meta property=\"og:locale\" content=\"es_ES\" \/>\n<meta property=\"og:type\" content=\"article\" \/>\n<meta property=\"og:title\" content=\"Do You Have a Workers&#039; Compensation Claim if an Employee Dies While Working?\" \/>\n<meta property=\"og:description\" content=\"You have a workers&#039; compensation claim if your spouse suffers a severe work injury that results in death. You need to contact an attorney who can help navigate through this difficult process.\" \/>\n<meta property=\"og:url\" content=\"https:\/\/kecheslaw.com\/es\/areas-de-pratica\/compensacao-aos-trabalhadores\/faqs\/do-you-have-a-workers-compensation-claim-if-an-employee-dies-working\/\" \/>\n<meta property=\"og:site_name\" content=\"Keches Law Group\" \/>\n<meta property=\"article:publisher\" content=\"https:\/\/www.facebook.com\/kecheslaw\/\" \/>\n<meta property=\"article:modified_time\" content=\"2020-02-07T17:04:03+00:00\" \/>\n<meta name=\"twitter:card\" content=\"summary_large_image\" \/>\n<meta name=\"twitter:site\" content=\"@kecheslaw\" \/>\n<meta name=\"twitter:label1\" content=\"Tiempo de lectura\" \/>\n\t<meta name=\"twitter:data1\" content=\"1 minuto\" \/>\n<script type=\"application\/ld+json\" class=\"yoast-schema-graph\">{\"@context\":\"https:\/\/schema.org\",\"@graph\":[{\"@type\":\"WebPage\",\"@id\":\"https:\/\/kecheslaw.com\/pt\/areas-de-pratica\/compensacao-aos-trabalhadores\/faqs\/do-you-have-a-workers-compensation-claim-if-an-employee-dies-working\/\",\"url\":\"https:\/\/kecheslaw.com\/pt\/areas-de-pratica\/compensacao-aos-trabalhadores\/faqs\/do-you-have-a-workers-compensation-claim-if-an-employee-dies-working\/\",\"name\":\"Do You Have a Workers' Compensation Claim if an Employee Dies While Working? - Keches Law Group\",\"isPartOf\":{\"@id\":\"https:\/\/kecheslaw.com\/#website\"},\"datePublished\":\"2020-01-13T18:57:52+00:00\",\"dateModified\":\"2020-02-07T17:04:03+00:00\",\"description\":\"You have a workers' compensation claim if your spouse suffers a severe work injury that results in death. You need to contact an attorney who can help navigate through this difficult process.\",\"breadcrumb\":{\"@id\":\"https:\/\/kecheslaw.com\/pt\/areas-de-pratica\/compensacao-aos-trabalhadores\/faqs\/do-you-have-a-workers-compensation-claim-if-an-employee-dies-working\/#breadcrumb\"},\"inLanguage\":\"es\",\"potentialAction\":[{\"@type\":\"ReadAction\",\"target\":[\"https:\/\/kecheslaw.com\/pt\/areas-de-pratica\/compensacao-aos-trabalhadores\/faqs\/do-you-have-a-workers-compensation-claim-if-an-employee-dies-working\/\"]}]},{\"@type\":\"BreadcrumbList\",\"@id\":\"https:\/\/kecheslaw.com\/pt\/areas-de-pratica\/compensacao-aos-trabalhadores\/faqs\/do-you-have-a-workers-compensation-claim-if-an-employee-dies-working\/#breadcrumb\",\"itemListElement\":[{\"@type\":\"ListItem\",\"position\":1,\"name\":\"Practice Areas\",\"item\":\"https:\/\/kecheslaw.com\/practice-areas\/\"},{\"@type\":\"ListItem\",\"position\":2,\"name\":\"Workers&#8217; Compensation Lawyers\",\"item\":\"https:\/\/kecheslaw.com\/practice-areas\/workers-compensation\/\"},{\"@type\":\"ListItem\",\"position\":3,\"name\":\"Workers&#8217; Compensation FAQs\",\"item\":\"https:\/\/kecheslaw.com\/practice-areas\/workers-compensation\/faqs\/\"},{\"@type\":\"ListItem\",\"position\":4,\"name\":\"Do You Have a Workers&#8217; Compensation Claim if an Employee Dies While Working?\"}]},{\"@type\":\"WebSite\",\"@id\":\"https:\/\/kecheslaw.com\/#website\",\"url\":\"https:\/\/kecheslaw.com\/\",\"name\":\"Keches Law Group\",\"description\":\"Workers&#039; Compensation and Injury Lawyers\",\"publisher\":{\"@id\":\"https:\/\/kecheslaw.com\/#organization\"},\"potentialAction\":[{\"@type\":\"SearchAction\",\"target\":{\"@type\":\"EntryPoint\",\"urlTemplate\":\"https:\/\/kecheslaw.com\/?s={search_term_string}\"},\"query-input\":\"required name=search_term_string\"}],\"inLanguage\":\"es\"},{\"@type\":\"Organization\",\"@id\":\"https:\/\/kecheslaw.com\/#organization\",\"name\":\"Keches Law Group\",\"url\":\"https:\/\/kecheslaw.com\/\",\"logo\":{\"@type\":\"ImageObject\",\"inLanguage\":\"es\",\"@id\":\"https:\/\/kecheslaw.com\/#\/schema\/logo\/image\/\",\"url\":\"https:\/\/kecheslaw.com\/wp-content\/uploads\/2018\/12\/sitefavicon.png\",\"contentUrl\":\"https:\/\/kecheslaw.com\/wp-content\/uploads\/2018\/12\/sitefavicon.png\",\"width\":512,\"height\":512,\"caption\":\"Keches Law Group\"},\"image\":{\"@id\":\"https:\/\/kecheslaw.com\/#\/schema\/logo\/image\/\"},\"sameAs\":[\"https:\/\/www.facebook.com\/kecheslaw\/\",\"https:\/\/twitter.com\/kecheslaw\",\"http:\/\/instagram.com\/kecheslaw\",\"https:\/\/www.linkedin.com\/company\/keches-law-group-pc\/about\/\",\"https:\/\/www.youtube.com\/channel\/UCtgkXK4oA0WNIO8HYmVIE9A\"]}]}<\/script>\n<!-- \/ Yoast SEO Premium plugin. -->","yoast_head_json":{"title":"Do You Have a Workers' Compensation Claim if an Employee Dies While Working? - Keches Law Group","description":"You have a workers' compensation claim if your spouse suffers a severe work injury that results in death. You need to contact an attorney who can help navigate through this difficult process.","robots":{"index":"index","follow":"follow","max-snippet":"max-snippet:-1","max-image-preview":"max-image-preview:large","max-video-preview":"max-video-preview:-1"},"canonical":"https:\/\/kecheslaw.com\/es\/areas-de-pratica\/compensacao-aos-trabalhadores\/faqs\/do-you-have-a-workers-compensation-claim-if-an-employee-dies-working\/","og_locale":"es_ES","og_type":"article","og_title":"Do You Have a Workers' Compensation Claim if an Employee Dies While Working?","og_description":"You have a workers' compensation claim if your spouse suffers a severe work injury that results in death. You need to contact an attorney who can help navigate through this difficult process.","og_url":"https:\/\/kecheslaw.com\/es\/areas-de-pratica\/compensacao-aos-trabalhadores\/faqs\/do-you-have-a-workers-compensation-claim-if-an-employee-dies-working\/","og_site_name":"Keches Law Group","article_publisher":"https:\/\/www.facebook.com\/kecheslaw\/","article_modified_time":"2020-02-07T17:04:03+00:00","twitter_card":"summary_large_image","twitter_site":"@kecheslaw","twitter_misc":{"Tiempo de lectura":"1 minuto"},"schema":{"@context":"https:\/\/schema.org","@graph":[{"@type":"WebPage","@id":"https:\/\/kecheslaw.com\/pt\/areas-de-pratica\/compensacao-aos-trabalhadores\/faqs\/do-you-have-a-workers-compensation-claim-if-an-employee-dies-working\/","url":"https:\/\/kecheslaw.com\/pt\/areas-de-pratica\/compensacao-aos-trabalhadores\/faqs\/do-you-have-a-workers-compensation-claim-if-an-employee-dies-working\/","name":"Do You Have a Workers' Compensation Claim if an Employee Dies While Working? - Keches Law Group","isPartOf":{"@id":"https:\/\/kecheslaw.com\/#website"},"datePublished":"2020-01-13T18:57:52+00:00","dateModified":"2020-02-07T17:04:03+00:00","description":"You have a workers' compensation claim if your spouse suffers a severe work injury that results in death. You need to contact an attorney who can help navigate through this difficult process.","breadcrumb":{"@id":"https:\/\/kecheslaw.com\/pt\/areas-de-pratica\/compensacao-aos-trabalhadores\/faqs\/do-you-have-a-workers-compensation-claim-if-an-employee-dies-working\/#breadcrumb"},"inLanguage":"es","potentialAction":[{"@type":"ReadAction","target":["https:\/\/kecheslaw.com\/pt\/areas-de-pratica\/compensacao-aos-trabalhadores\/faqs\/do-you-have-a-workers-compensation-claim-if-an-employee-dies-working\/"]}]},{"@type":"BreadcrumbList","@id":"https:\/\/kecheslaw.com\/pt\/areas-de-pratica\/compensacao-aos-trabalhadores\/faqs\/do-you-have-a-workers-compensation-claim-if-an-employee-dies-working\/#breadcrumb","itemListElement":[{"@type":"ListItem","position":1,"name":"Practice Areas","item":"https:\/\/kecheslaw.com\/practice-areas\/"},{"@type":"ListItem","position":2,"name":"Workers&#8217; Compensation Lawyers","item":"https:\/\/kecheslaw.com\/practice-areas\/workers-compensation\/"},{"@type":"ListItem","position":3,"name":"Workers&#8217; Compensation FAQs","item":"https:\/\/kecheslaw.com\/practice-areas\/workers-compensation\/faqs\/"},{"@type":"ListItem","position":4,"name":"Do You Have a Workers&#8217; Compensation Claim if an Employee Dies While Working?"}]},{"@type":"WebSite","@id":"https:\/\/kecheslaw.com\/#website","url":"https:\/\/kecheslaw.com\/","name":"Keches Law Group","description":"Workers&#039; Compensation and Injury Lawyers","publisher":{"@id":"https:\/\/kecheslaw.com\/#organization"},"potentialAction":[{"@type":"SearchAction","target":{"@type":"EntryPoint","urlTemplate":"https:\/\/kecheslaw.com\/?s={search_term_string}"},"query-input":"required name=search_term_string"}],"inLanguage":"es"},{"@type":"Organization","@id":"https:\/\/kecheslaw.com\/#organization","name":"Keches Law Group","url":"https:\/\/kecheslaw.com\/","logo":{"@type":"ImageObject","inLanguage":"es","@id":"https:\/\/kecheslaw.com\/#\/schema\/logo\/image\/","url":"https:\/\/kecheslaw.com\/wp-content\/uploads\/2018\/12\/sitefavicon.png","contentUrl":"https:\/\/kecheslaw.com\/wp-content\/uploads\/2018\/12\/sitefavicon.png","width":512,"height":512,"caption":"Keches Law Group"},"image":{"@id":"https:\/\/kecheslaw.com\/#\/schema\/logo\/image\/"},"sameAs":["https:\/\/www.facebook.com\/kecheslaw\/","https:\/\/twitter.com\/kecheslaw","http:\/\/instagram.com\/kecheslaw","https:\/\/www.linkedin.com\/company\/keches-law-group-pc\/about\/","https:\/\/www.youtube.com\/channel\/UCtgkXK4oA0WNIO8HYmVIE9A"]}]}},"_links":{"self":[{"href":"https:\/\/kecheslaw.com\/es\/wp-json\/wp\/v2\/pages\/3245","targetHints":{"allow":["GET"]}}],"collection":[{"href":"https:\/\/kecheslaw.com\/es\/wp-json\/wp\/v2\/pages"}],"about":[{"href":"https:\/\/kecheslaw.com\/es\/wp-json\/wp\/v2\/types\/page"}],"author":[{"embeddable":true,"href":"https:\/\/kecheslaw.com\/es\/wp-json\/wp\/v2\/users\/2"}],"replies":[{"embeddable":true,"href":"https:\/\/kecheslaw.com\/es\/wp-json\/wp\/v2\/comments?post=3245"}],"version-history":[{"count":0,"href":"https:\/\/kecheslaw.com\/es\/wp-json\/wp\/v2\/pages\/3245\/revisions"}],"up":[{"embeddable":true,"href":"https:\/\/kecheslaw.com\/es\/wp-json\/wp\/v2\/pages\/2325"}],"wp:attachment":[{"href":"https:\/\/kecheslaw.com\/es\/wp-json\/wp\/v2\/media?parent=3245"}],"curies":[{"name":"wp","href":"https:\/\/api.w.org\/{rel}","templated":true}]}}