{"id":287994,"date":"2025-09-03T14:43:13","date_gmt":"2025-09-03T14:43:13","guid":{"rendered":"https:\/\/kecheslaw.com\/?page_id=287994"},"modified":"2025-09-03T14:43:13","modified_gmt":"2025-09-03T14:43:13","slug":"official-rules-keches-law-group-new-england-patriots-ticket-giveaway-september-2025","status":"publish","type":"page","link":"https:\/\/kecheslaw.com\/es\/reglamento-oficial-keches-law-group-new-england-patriots-ticket-giveaway-september-2025\/","title":{"rendered":"Reglas Oficiales - Keches Law Group New England Patriots Ticket Giveaway September 2025"},"content":{"rendered":"<p><strong>NO ES NECESARIO REALIZAR NINGUNA COMPRA O PAGO PARA PARTICIPAR O GANAR. UNA COMPRA NO AUMENTAR\u00c1 SUS POSIBILIDADES DE GANAR. NULO DONDE EST\u00c9 PROHIBIDO.<\/strong><\/p>\n\n\n\n<h3 class=\"wp-block-heading\" id=\"h-1-sponsor\"><strong>1. Patrocinador<\/strong><\/h3>\n\n\n\n<p>Esta promoci\u00f3n (\"Sorteo\") est\u00e1 patrocinada por <strong>Keches Law Group, P.C.<\/strong>, 2 Lakeshore Center, Bridgewater, MA 02324, (\"Patrocinador\").<\/p>\n\n\n\n<h3 class=\"wp-block-heading\" id=\"h-2-eligibility\"><strong>2. Elegibilidad<\/strong><\/h3>\n\n\n\n<p>Abierto \u00fanicamente a residentes legales de Massachusetts mayores de 18 a\u00f1os en el momento de la inscripci\u00f3n. No podr\u00e1n participar los empleados del Patrocinador, sus filiales, subsidiarias, agencias de publicidad y promoci\u00f3n, ni sus familiares directos (c\u00f3nyuge, padres, hermanos, hijos o miembros del hogar).<\/p>\n\n\n\n<h3 class=\"wp-block-heading\" id=\"h-3-how-to-enter\"><strong>3. C\u00f3mo entrar<\/strong><\/h3>\n\n\n\n<p>Para participar, durante el periodo de la promoci\u00f3n, visite la p\u00e1gina oficial de Facebook del Patrocinador en https:\/\/www.facebook.com\/kecheslaw y comente la publicaci\u00f3n designada para el Sorteo. S\u00f3lo se contabilizar\u00e1 como participaci\u00f3n un comentario por persona. Los comentarios que infrinjan las normas de la comunidad de Facebook o que contengan material ofensivo, difamatorio o inapropiado ser\u00e1n descalificados. No es necesario realizar ninguna compra ni pago para participar.<\/p>\n\n\n\n<h3 class=\"wp-block-heading\" id=\"h-4-promotion-period\"><strong>4. 4. Per\u00edodo de promoci\u00f3n<\/strong><\/h3>\n\n\n\n<p>Las participaciones se aceptar\u00e1n desde el momento en que se publique la entrada del sorteo hasta que <strong>11:59 AM ET del viernes 5 de septiembre de 2025<\/strong>.<\/p>\n\n\n\n<h3 class=\"wp-block-heading\" id=\"h-5-selection-of-winner\"><strong>5. 5. Selecci\u00f3n del ganador<\/strong><\/h3>\n\n\n\n<p>En <strong>Viernes, 5 de septiembre de 2025<\/strong>El Patrocinador seleccionar\u00e1 al azar un (1) ganador entre todos los comentarios que cumplan los requisitos mediante una herramienta de selecci\u00f3n aleatoria de comentarios de terceros (WASK). Las probabilidades de ganar depender\u00e1n del n\u00famero total de entradas recibidas que cumplan los requisitos.<\/p>\n\n\n\n<h3 class=\"wp-block-heading\" id=\"h-6-prize\"><strong>6. Premio<\/strong><\/h3>\n\n\n\n<p>El ganador recibir\u00e1 <strong>dos (2) entradas<\/strong> para el partido inaugural de los New England Patriots en el Gillette Stadium de Foxborough, MA, programado para el domingo 7 de septiembre a la 1 PM. Valor aproximado de venta al p\u00fablico: $500. Las entradas no podr\u00e1n sustituirse, cederse, transferirse ni canjearse por dinero. Si el partido se pospone o cancela por cualquier motivo, el premio no se repondr\u00e1.<\/p>\n\n\n\n<h3 class=\"wp-block-heading\" id=\"h-7-winner-notification\"><strong>7. Notificaci\u00f3n al ganador<\/strong><\/h3>\n\n\n\n<p>Nos pondremos en contacto con el ganador potencial a trav\u00e9s de un mensaje directo o respondiendo a su comentario ganador en Facebook. El ganador potencial deber\u00e1 responder en un plazo de 24 horas para reclamar el premio, y ser capaz de aceptar las entradas digitalmente utilizando el correo electr\u00f3nico o un n\u00famero de tel\u00e9fono m\u00f3vil. Si el ganador no responde a tiempo, o se considera que no es elegible, se podr\u00e1 seleccionar un ganador alternativo a discreci\u00f3n del Patrocinador.<\/p>\n\n\n\n<h3 class=\"wp-block-heading\" id=\"h-8-general-conditions\"><strong>8. 8. Condiciones generales<\/strong><\/h3>\n\n\n\n<p>Al participar, los concursantes aceptan someterse a estas Reglas Oficiales y a las decisiones del Patrocinador, que son inapelables. El Patrocinador se reserva el derecho a descalificar a cualquier persona que altere el proceso de participaci\u00f3n o infrinja de cualquier otro modo estas normas. El Patrocinador no se hace responsable de inscripciones perdidas, tard\u00edas, incompletas o mal enviadas, ni de errores t\u00e9cnicos de ning\u00fan tipo.<\/p>\n\n\n\n<h3 class=\"wp-block-heading\" id=\"h-9-release\"><strong>9. Liberar<\/strong><\/h3>\n\n\n\n<p>Esta promoci\u00f3n no est\u00e1 en modo alguno patrocinada, avalada, administrada ni asociada con Facebook o Meta Platforms, Inc. Los participantes eximen a Facebook, Meta y al Patrocinador de cualquier responsabilidad relacionada con este Sorteo. Los participantes entienden que est\u00e1n proporcionando su informaci\u00f3n al Patrocinador, no a Facebook.<\/p>\n\n\n\n<h3 class=\"wp-block-heading\" id=\"h-10-publicity\"><strong>10. Publicidad<\/strong><\/h3>\n\n\n\n<p>Al participar, el ganador concede al Patrocinador el derecho a utilizar su nombre, imagen y participaci\u00f3n con fines publicitarios y promocionales en cualquier medio de comunicaci\u00f3n sin compensaci\u00f3n adicional, a menos que lo proh\u00edba la ley.<\/p>\n\n\n\n<h3 class=\"wp-block-heading\" id=\"h-11-governing-law\"><strong>11. Derecho aplicable<\/strong><\/h3>\n\n\n\n<p>Este sorteo se rige por las leyes de la Commonwealth de Massachusetts y est\u00e1 sujeto a todas las leyes y normativas federales, estatales y locales aplicables.<\/p>","protected":false},"excerpt":{"rendered":"<p>NO ES NECESARIO REALIZAR NINGUNA COMPRA O PAGO PARA PARTICIPAR O GANAR. UNA COMPRA NO AUMENTAR\u00c1 SUS POSIBILIDADES DE GANAR. NULO DONDE EST\u00c9 PROHIBIDO. 1. Patrocinador Esta promoci\u00f3n (\"Sorteo\") est\u00e1 patrocinada por Keches Law Group, P.C., 2 Lakeshore Center, Bridgewater, MA 02324, (\"Patrocinador\"). 2. Elegibilidad Abierto s\u00f3lo a residentes legales de Massachusetts que tengan 18 a\u00f1os de edad ...<\/p>","protected":false},"author":2,"featured_media":0,"parent":0,"menu_order":0,"comment_status":"closed","ping_status":"closed","template":"","meta":{"_genesis_hide_title":false,"_genesis_hide_breadcrumbs":false,"_genesis_hide_singular_image":false,"_genesis_hide_footer_widgets":false,"_genesis_custom_body_class":"","_genesis_custom_post_class":"","_genesis_layout":"","footnotes":""},"class_list":{"0":"post-287994","1":"page","2":"type-page","3":"status-publish","5":"entry"},"yoast_head":"<!-- This site is optimized with the Yoast SEO Premium plugin v20.6 (Yoast SEO v20.6) - https:\/\/yoast.com\/wordpress\/plugins\/seo\/ -->\n<title>Official Rules \u2013 Keches Law Group New England Patriots Ticket Giveaway September 2025 - Keches Law Group<\/title>\n<meta name=\"robots\" content=\"index, follow, max-snippet:-1, max-image-preview:large, max-video-preview:-1\" \/>\n<link rel=\"canonical\" href=\"https:\/\/kecheslaw.com\/es\/reglamento-oficial-keches-law-group-new-england-patriots-ticket-giveaway-september-2025\/\" \/>\n<meta property=\"og:locale\" content=\"es_ES\" \/>\n<meta property=\"og:type\" content=\"article\" \/>\n<meta property=\"og:title\" content=\"Official Rules \u2013 Keches Law Group New England Patriots Ticket Giveaway September 2025\" \/>\n<meta property=\"og:description\" content=\"NO PURCHASE OR PAYMENT NECESSARY TO ENTER OR WIN. A PURCHASE WILL NOT INCREASE YOUR CHANCES OF WINNING. VOID WHERE PROHIBITED. 1. Sponsor This promotion (\u201cGiveaway\u201d) is sponsored by Keches Law Group, P.C., 2 Lakeshore Center, Bridgewater, MA 02324, (\u201cSponsor\u201d). 2. Eligibility Open only to legal residents of Massachusetts who are 18 years of age &hellip;\" \/>\n<meta property=\"og:url\" content=\"https:\/\/kecheslaw.com\/es\/reglamento-oficial-keches-law-group-new-england-patriots-ticket-giveaway-september-2025\/\" \/>\n<meta property=\"og:site_name\" content=\"Keches Law Group\" \/>\n<meta property=\"article:publisher\" content=\"https:\/\/www.facebook.com\/kecheslaw\/\" \/>\n<meta name=\"twitter:card\" content=\"summary_large_image\" \/>\n<meta name=\"twitter:site\" content=\"@kecheslaw\" \/>\n<meta name=\"twitter:label1\" content=\"Tiempo de lectura\" \/>\n\t<meta name=\"twitter:data1\" content=\"3 minutos\" \/>\n<script type=\"application\/ld+json\" class=\"yoast-schema-graph\">{\"@context\":\"https:\/\/schema.org\",\"@graph\":[{\"@type\":\"WebPage\",\"@id\":\"https:\/\/kecheslaw.com\/official-rules-keches-law-group-new-england-patriots-ticket-giveaway-september-2025\/\",\"url\":\"https:\/\/kecheslaw.com\/official-rules-keches-law-group-new-england-patriots-ticket-giveaway-september-2025\/\",\"name\":\"Official Rules \u2013 Keches Law Group New England Patriots Ticket Giveaway September 2025 - Keches Law Group\",\"isPartOf\":{\"@id\":\"https:\/\/kecheslaw.com\/#website\"},\"datePublished\":\"2025-09-03T14:43:13+00:00\",\"dateModified\":\"2025-09-03T14:43:13+00:00\",\"inLanguage\":\"es\",\"potentialAction\":[{\"@type\":\"ReadAction\",\"target\":[\"https:\/\/kecheslaw.com\/official-rules-keches-law-group-new-england-patriots-ticket-giveaway-september-2025\/\"]}]},{\"@type\":\"WebSite\",\"@id\":\"https:\/\/kecheslaw.com\/#website\",\"url\":\"https:\/\/kecheslaw.com\/\",\"name\":\"Keches Law Group\",\"description\":\"Workers&#039; Compensation and Injury Lawyers\",\"publisher\":{\"@id\":\"https:\/\/kecheslaw.com\/#organization\"},\"potentialAction\":[{\"@type\":\"SearchAction\",\"target\":{\"@type\":\"EntryPoint\",\"urlTemplate\":\"https:\/\/kecheslaw.com\/?s={search_term_string}\"},\"query-input\":\"required name=search_term_string\"}],\"inLanguage\":\"es\"},{\"@type\":\"Organization\",\"@id\":\"https:\/\/kecheslaw.com\/#organization\",\"name\":\"Keches Law Group\",\"url\":\"https:\/\/kecheslaw.com\/\",\"logo\":{\"@type\":\"ImageObject\",\"inLanguage\":\"es\",\"@id\":\"https:\/\/kecheslaw.com\/#\/schema\/logo\/image\/\",\"url\":\"https:\/\/kecheslaw.com\/wp-content\/uploads\/2018\/12\/sitefavicon.png\",\"contentUrl\":\"https:\/\/kecheslaw.com\/wp-content\/uploads\/2018\/12\/sitefavicon.png\",\"width\":512,\"height\":512,\"caption\":\"Keches Law Group\"},\"image\":{\"@id\":\"https:\/\/kecheslaw.com\/#\/schema\/logo\/image\/\"},\"sameAs\":[\"https:\/\/www.facebook.com\/kecheslaw\/\",\"https:\/\/twitter.com\/kecheslaw\",\"http:\/\/instagram.com\/kecheslaw\",\"https:\/\/www.linkedin.com\/company\/keches-law-group-pc\/about\/\",\"https:\/\/www.youtube.com\/channel\/UCtgkXK4oA0WNIO8HYmVIE9A\"]}]}<\/script>\n<!-- \/ Yoast SEO Premium plugin. -->","yoast_head_json":{"title":"Official Rules \u2013 Keches Law Group New England Patriots Ticket Giveaway September 2025 - Keches Law Group","robots":{"index":"index","follow":"follow","max-snippet":"max-snippet:-1","max-image-preview":"max-image-preview:large","max-video-preview":"max-video-preview:-1"},"canonical":"https:\/\/kecheslaw.com\/es\/reglamento-oficial-keches-law-group-new-england-patriots-ticket-giveaway-september-2025\/","og_locale":"es_ES","og_type":"article","og_title":"Official Rules \u2013 Keches Law Group New England Patriots Ticket Giveaway September 2025","og_description":"NO PURCHASE OR PAYMENT NECESSARY TO ENTER OR WIN. A PURCHASE WILL NOT INCREASE YOUR CHANCES OF WINNING. VOID WHERE PROHIBITED. 1. Sponsor This promotion (\u201cGiveaway\u201d) is sponsored by Keches Law Group, P.C., 2 Lakeshore Center, Bridgewater, MA 02324, (\u201cSponsor\u201d). 2. Eligibility Open only to legal residents of Massachusetts who are 18 years of age &hellip;","og_url":"https:\/\/kecheslaw.com\/es\/reglamento-oficial-keches-law-group-new-england-patriots-ticket-giveaway-september-2025\/","og_site_name":"Keches Law Group","article_publisher":"https:\/\/www.facebook.com\/kecheslaw\/","twitter_card":"summary_large_image","twitter_site":"@kecheslaw","twitter_misc":{"Tiempo de lectura":"3 minutos"},"schema":{"@context":"https:\/\/schema.org","@graph":[{"@type":"WebPage","@id":"https:\/\/kecheslaw.com\/official-rules-keches-law-group-new-england-patriots-ticket-giveaway-september-2025\/","url":"https:\/\/kecheslaw.com\/official-rules-keches-law-group-new-england-patriots-ticket-giveaway-september-2025\/","name":"Official Rules \u2013 Keches Law Group New England Patriots Ticket Giveaway September 2025 - Keches Law Group","isPartOf":{"@id":"https:\/\/kecheslaw.com\/#website"},"datePublished":"2025-09-03T14:43:13+00:00","dateModified":"2025-09-03T14:43:13+00:00","inLanguage":"es","potentialAction":[{"@type":"ReadAction","target":["https:\/\/kecheslaw.com\/official-rules-keches-law-group-new-england-patriots-ticket-giveaway-september-2025\/"]}]},{"@type":"WebSite","@id":"https:\/\/kecheslaw.com\/#website","url":"https:\/\/kecheslaw.com\/","name":"Keches Law Group","description":"Workers&#039; Compensation and Injury Lawyers","publisher":{"@id":"https:\/\/kecheslaw.com\/#organization"},"potentialAction":[{"@type":"SearchAction","target":{"@type":"EntryPoint","urlTemplate":"https:\/\/kecheslaw.com\/?s={search_term_string}"},"query-input":"required name=search_term_string"}],"inLanguage":"es"},{"@type":"Organization","@id":"https:\/\/kecheslaw.com\/#organization","name":"Keches Law Group","url":"https:\/\/kecheslaw.com\/","logo":{"@type":"ImageObject","inLanguage":"es","@id":"https:\/\/kecheslaw.com\/#\/schema\/logo\/image\/","url":"https:\/\/kecheslaw.com\/wp-content\/uploads\/2018\/12\/sitefavicon.png","contentUrl":"https:\/\/kecheslaw.com\/wp-content\/uploads\/2018\/12\/sitefavicon.png","width":512,"height":512,"caption":"Keches Law Group"},"image":{"@id":"https:\/\/kecheslaw.com\/#\/schema\/logo\/image\/"},"sameAs":["https:\/\/www.facebook.com\/kecheslaw\/","https:\/\/twitter.com\/kecheslaw","http:\/\/instagram.com\/kecheslaw","https:\/\/www.linkedin.com\/company\/keches-law-group-pc\/about\/","https:\/\/www.youtube.com\/channel\/UCtgkXK4oA0WNIO8HYmVIE9A"]}]}},"_links":{"self":[{"href":"https:\/\/kecheslaw.com\/es\/wp-json\/wp\/v2\/pages\/287994","targetHints":{"allow":["GET"]}}],"collection":[{"href":"https:\/\/kecheslaw.com\/es\/wp-json\/wp\/v2\/pages"}],"about":[{"href":"https:\/\/kecheslaw.com\/es\/wp-json\/wp\/v2\/types\/page"}],"author":[{"embeddable":true,"href":"https:\/\/kecheslaw.com\/es\/wp-json\/wp\/v2\/users\/2"}],"replies":[{"embeddable":true,"href":"https:\/\/kecheslaw.com\/es\/wp-json\/wp\/v2\/comments?post=287994"}],"version-history":[{"count":0,"href":"https:\/\/kecheslaw.com\/es\/wp-json\/wp\/v2\/pages\/287994\/revisions"}],"wp:attachment":[{"href":"https:\/\/kecheslaw.com\/es\/wp-json\/wp\/v2\/media?parent=287994"}],"curies":[{"name":"wp","href":"https:\/\/api.w.org\/{rel}","templated":true}]}}