{"id":2398,"date":"2019-01-23T22:22:27","date_gmt":"2019-01-23T22:22:27","guid":{"rendered":"http:\/\/kecheslaw.wpengine.com\/practice-areas\/workers-compensation\/work-accidents-involving-heavy-machinery\/"},"modified":"2023-05-16T16:13:53","modified_gmt":"2023-05-16T16:13:53","slug":"work-accidents-involving-heavy-machinery","status":"publish","type":"page","link":"https:\/\/kecheslaw.com\/es\/areas-de-practica\/indemnizacion-de-los-trabajadores\/accidentes-de-trabajo-con-maquinaria-pesada\/","title":{"rendered":"Accidentes de trabajo con maquinaria pesada"},"content":{"rendered":"<p>El manejo de maquinaria pesada no est\u00e1 exento de riesgos. Un simple mal funcionamiento o un deslizamiento de la mu\u00f1eca pueden provocar amputaciones, aplastamiento de miembros o incluso la muerte. Si su trabajo implica el manejo de maquinaria pesada y se lesiona en el trabajo como resultado, puede tener derecho a beneficios de compensaci\u00f3n de trabajadores y tratamiento m\u00e9dico para sus lesiones.<\/p>\n<p><strong class=\"heading4\">\u00bfCalifico?<\/strong><\/p>\n<p>Para tener derecho a la prestaci\u00f3n, debe estar de baja por sus lesiones durante m\u00e1s de cinco d\u00edas. Si te lesionas mientras manejas la maquinaria, es importante que informes de la lesi\u00f3n a tu supervisor, pero tambi\u00e9n que rellenes un parte de accidente\/lesi\u00f3n. Tambi\u00e9n es importante anotar el tipo de m\u00e1quina que manejabas, si la lesi\u00f3n se debi\u00f3 a una aver\u00eda y la causa de la misma.<\/p>\n<p><strong class=\"heading4\">Incapacidad total por accidente de trabajo<\/strong><\/p>\n<p>Si est\u00e1 totalmente incapacitado para el trabajo debido a la lesi\u00f3n laboral, puede tener derecho a recibir el 60% de su salario medio semanal de la compa\u00f1\u00eda de seguros de compensaci\u00f3n laboral de su empleador. El salario medio semanal se basa en el salario bruto de las 52 semanas anteriores a la fecha de la lesi\u00f3n y est\u00e1 exento de impuestos. Si puede volver a trabajar, pero s\u00f3lo puede realizar trabajos ligeros o trabajar menos horas, y si gana menos que antes de la lesi\u00f3n, a\u00fan puede tener derecho a las prestaciones semanales. Para calcular lo que se le puede deber, debe tomar su salario medio semanal, restar lo que gana mientras realiza trabajos ligeros o a tiempo parcial, y multiplicar la diferencia por 60%, y eso es lo que le debe la aseguradora.<\/p>\n<p><strong class=\"heading4\">\u00bfSe ha lesionado al utilizar maquinaria pesada en el trabajo?<\/strong><\/p>\n<p>Es importante consultar con un abogado si se ha lesionado en el trabajo. Las compa\u00f1\u00edas de seguros no siempre est\u00e1n interesadas en proteger sus derechos; sin embargo, un abogado siempre lo est\u00e1. Recuerde que, en Massachusetts, un abogado no puede cobrarle por representarlo, as\u00ed que no hay raz\u00f3n para no hablar con un abogado para que lo gu\u00ede en este momento dif\u00edcil. En Keches Law Group, nuestros abogados est\u00e1n m\u00e1s que contentos de responder a cualquier pregunta que pueda tener y ayudarle en su camino para obtener la compensaci\u00f3n que merece.<\/p>\n<p><i>Si usted se lesion\u00f3 durante el uso de maquinaria pesada en el trabajo, p\u00f3ngase en contacto con Keches Law Group en 617-898-0808 o <a href=\"https:\/\/kecheslaw.com\/es\/contacte-con-nosotros\/\">en l\u00ednea<\/a> para una consulta gratuita hoy. Uno de nuestros abogados experimentados puede ir a usted si no puede venir a una de nuestras oficinas, y comenzaremos el proceso de obtener una compensaci\u00f3n por sus salarios perdidos de inmediato. <\/i><\/p>","protected":false},"excerpt":{"rendered":"<p>El manejo de maquinaria pesada no est\u00e1 exento de riesgos. Un simple mal funcionamiento o un deslizamiento de la mu\u00f1eca pueden provocar amputaciones, aplastamiento de miembros o incluso la muerte. Si su trabajo implica el manejo de maquinaria pesada y se lesiona en el trabajo como consecuencia de ello, puede tener derecho a las prestaciones de compensaci\u00f3n de los trabajadores y al tratamiento m\u00e9dico de sus lesiones. No ...<\/p>","protected":false},"author":1,"featured_media":0,"parent":2077,"menu_order":0,"comment_status":"closed","ping_status":"closed","template":"","meta":{"_genesis_hide_title":false,"_genesis_hide_breadcrumbs":false,"_genesis_hide_singular_image":false,"_genesis_hide_footer_widgets":false,"_genesis_custom_body_class":"","_genesis_custom_post_class":"","_genesis_layout":"","footnotes":""},"class_list":{"0":"post-2398","1":"page","2":"type-page","3":"status-publish","5":"entry"},"yoast_head":"<!-- This site is optimized with the Yoast SEO Premium plugin v20.6 (Yoast SEO v20.6) - https:\/\/yoast.com\/wordpress\/plugins\/seo\/ -->\n<title>Work Accidents Involving Heavy Machinery - Keches Law Group<\/title>\n<meta name=\"description\" content=\"If you&#039;ve been injured in a work accident involving heavy machinery, call the experts at Keches Law Group. We&#039;ll help you get the compensation you deserve.\" \/>\n<meta name=\"robots\" content=\"index, follow, max-snippet:-1, max-image-preview:large, max-video-preview:-1\" \/>\n<link rel=\"canonical\" href=\"https:\/\/kecheslaw.com\/es\/areas-de-practica\/indemnizacion-de-los-trabajadores\/accidentes-de-trabajo-con-maquinaria-pesada\/\" \/>\n<meta property=\"og:locale\" content=\"es_ES\" \/>\n<meta property=\"og:type\" content=\"article\" \/>\n<meta property=\"og:title\" content=\"Work Accidents Involving Heavy Machinery\" \/>\n<meta property=\"og:description\" content=\"If you&#039;ve been injured in a work accident involving heavy machinery, call the experts at Keches Law Group. We&#039;ll help you get the compensation you deserve.\" \/>\n<meta property=\"og:url\" content=\"https:\/\/kecheslaw.com\/es\/areas-de-practica\/indemnizacion-de-los-trabajadores\/accidentes-de-trabajo-con-maquinaria-pesada\/\" \/>\n<meta property=\"og:site_name\" content=\"Keches Law Group\" \/>\n<meta property=\"article:publisher\" content=\"https:\/\/www.facebook.com\/kecheslaw\/\" \/>\n<meta property=\"article:modified_time\" content=\"2023-05-16T16:13:53+00:00\" \/>\n<meta name=\"twitter:card\" content=\"summary_large_image\" \/>\n<meta name=\"twitter:site\" content=\"@kecheslaw\" \/>\n<meta name=\"twitter:label1\" content=\"Tiempo de lectura\" \/>\n\t<meta name=\"twitter:data1\" content=\"2 minutos\" \/>\n<script type=\"application\/ld+json\" class=\"yoast-schema-graph\">{\"@context\":\"https:\/\/schema.org\",\"@graph\":[{\"@type\":\"WebPage\",\"@id\":\"https:\/\/kecheslaw.com\/practice-areas\/workers-compensation\/work-accidents-involving-heavy-machinery\/\",\"url\":\"https:\/\/kecheslaw.com\/practice-areas\/workers-compensation\/work-accidents-involving-heavy-machinery\/\",\"name\":\"Work Accidents Involving Heavy Machinery - Keches Law Group\",\"isPartOf\":{\"@id\":\"https:\/\/kecheslaw.com\/#website\"},\"datePublished\":\"2019-01-23T22:22:27+00:00\",\"dateModified\":\"2023-05-16T16:13:53+00:00\",\"description\":\"If you've been injured in a work accident involving heavy machinery, call the experts at Keches Law Group. We'll help you get the compensation you deserve.\",\"breadcrumb\":{\"@id\":\"https:\/\/kecheslaw.com\/practice-areas\/workers-compensation\/work-accidents-involving-heavy-machinery\/#breadcrumb\"},\"inLanguage\":\"es\",\"potentialAction\":[{\"@type\":\"ReadAction\",\"target\":[\"https:\/\/kecheslaw.com\/practice-areas\/workers-compensation\/work-accidents-involving-heavy-machinery\/\"]}]},{\"@type\":\"BreadcrumbList\",\"@id\":\"https:\/\/kecheslaw.com\/practice-areas\/workers-compensation\/work-accidents-involving-heavy-machinery\/#breadcrumb\",\"itemListElement\":[{\"@type\":\"ListItem\",\"position\":1,\"name\":\"Practice Areas\",\"item\":\"https:\/\/kecheslaw.com\/practice-areas\/\"},{\"@type\":\"ListItem\",\"position\":2,\"name\":\"Workers&#8217; Compensation Lawyers\",\"item\":\"https:\/\/kecheslaw.com\/practice-areas\/workers-compensation\/\"},{\"@type\":\"ListItem\",\"position\":3,\"name\":\"Work Accidents Involving Heavy Machinery\"}]},{\"@type\":\"WebSite\",\"@id\":\"https:\/\/kecheslaw.com\/#website\",\"url\":\"https:\/\/kecheslaw.com\/\",\"name\":\"Keches Law Group\",\"description\":\"Workers&#039; Compensation and Injury Lawyers\",\"publisher\":{\"@id\":\"https:\/\/kecheslaw.com\/#organization\"},\"potentialAction\":[{\"@type\":\"SearchAction\",\"target\":{\"@type\":\"EntryPoint\",\"urlTemplate\":\"https:\/\/kecheslaw.com\/?s={search_term_string}\"},\"query-input\":\"required name=search_term_string\"}],\"inLanguage\":\"es\"},{\"@type\":\"Organization\",\"@id\":\"https:\/\/kecheslaw.com\/#organization\",\"name\":\"Keches Law Group\",\"url\":\"https:\/\/kecheslaw.com\/\",\"logo\":{\"@type\":\"ImageObject\",\"inLanguage\":\"es\",\"@id\":\"https:\/\/kecheslaw.com\/#\/schema\/logo\/image\/\",\"url\":\"https:\/\/kecheslaw.com\/wp-content\/uploads\/2018\/12\/sitefavicon.png\",\"contentUrl\":\"https:\/\/kecheslaw.com\/wp-content\/uploads\/2018\/12\/sitefavicon.png\",\"width\":512,\"height\":512,\"caption\":\"Keches Law Group\"},\"image\":{\"@id\":\"https:\/\/kecheslaw.com\/#\/schema\/logo\/image\/\"},\"sameAs\":[\"https:\/\/www.facebook.com\/kecheslaw\/\",\"https:\/\/twitter.com\/kecheslaw\",\"http:\/\/instagram.com\/kecheslaw\",\"https:\/\/www.linkedin.com\/company\/keches-law-group-pc\/about\/\",\"https:\/\/www.youtube.com\/channel\/UCtgkXK4oA0WNIO8HYmVIE9A\"]}]}<\/script>\n<!-- \/ Yoast SEO Premium plugin. -->","yoast_head_json":{"title":"Work Accidents Involving Heavy Machinery - Keches Law Group","description":"If you've been injured in a work accident involving heavy machinery, call the experts at Keches Law Group. We'll help you get the compensation you deserve.","robots":{"index":"index","follow":"follow","max-snippet":"max-snippet:-1","max-image-preview":"max-image-preview:large","max-video-preview":"max-video-preview:-1"},"canonical":"https:\/\/kecheslaw.com\/es\/areas-de-practica\/indemnizacion-de-los-trabajadores\/accidentes-de-trabajo-con-maquinaria-pesada\/","og_locale":"es_ES","og_type":"article","og_title":"Work Accidents Involving Heavy Machinery","og_description":"If you've been injured in a work accident involving heavy machinery, call the experts at Keches Law Group. We'll help you get the compensation you deserve.","og_url":"https:\/\/kecheslaw.com\/es\/areas-de-practica\/indemnizacion-de-los-trabajadores\/accidentes-de-trabajo-con-maquinaria-pesada\/","og_site_name":"Keches Law Group","article_publisher":"https:\/\/www.facebook.com\/kecheslaw\/","article_modified_time":"2023-05-16T16:13:53+00:00","twitter_card":"summary_large_image","twitter_site":"@kecheslaw","twitter_misc":{"Tiempo de lectura":"2 minutos"},"schema":{"@context":"https:\/\/schema.org","@graph":[{"@type":"WebPage","@id":"https:\/\/kecheslaw.com\/practice-areas\/workers-compensation\/work-accidents-involving-heavy-machinery\/","url":"https:\/\/kecheslaw.com\/practice-areas\/workers-compensation\/work-accidents-involving-heavy-machinery\/","name":"Work Accidents Involving Heavy Machinery - Keches Law Group","isPartOf":{"@id":"https:\/\/kecheslaw.com\/#website"},"datePublished":"2019-01-23T22:22:27+00:00","dateModified":"2023-05-16T16:13:53+00:00","description":"If you've been injured in a work accident involving heavy machinery, call the experts at Keches Law Group. We'll help you get the compensation you deserve.","breadcrumb":{"@id":"https:\/\/kecheslaw.com\/practice-areas\/workers-compensation\/work-accidents-involving-heavy-machinery\/#breadcrumb"},"inLanguage":"es","potentialAction":[{"@type":"ReadAction","target":["https:\/\/kecheslaw.com\/practice-areas\/workers-compensation\/work-accidents-involving-heavy-machinery\/"]}]},{"@type":"BreadcrumbList","@id":"https:\/\/kecheslaw.com\/practice-areas\/workers-compensation\/work-accidents-involving-heavy-machinery\/#breadcrumb","itemListElement":[{"@type":"ListItem","position":1,"name":"Practice Areas","item":"https:\/\/kecheslaw.com\/practice-areas\/"},{"@type":"ListItem","position":2,"name":"Workers&#8217; Compensation Lawyers","item":"https:\/\/kecheslaw.com\/practice-areas\/workers-compensation\/"},{"@type":"ListItem","position":3,"name":"Work Accidents Involving Heavy Machinery"}]},{"@type":"WebSite","@id":"https:\/\/kecheslaw.com\/#website","url":"https:\/\/kecheslaw.com\/","name":"Keches Law Group","description":"Workers&#039; Compensation and Injury Lawyers","publisher":{"@id":"https:\/\/kecheslaw.com\/#organization"},"potentialAction":[{"@type":"SearchAction","target":{"@type":"EntryPoint","urlTemplate":"https:\/\/kecheslaw.com\/?s={search_term_string}"},"query-input":"required name=search_term_string"}],"inLanguage":"es"},{"@type":"Organization","@id":"https:\/\/kecheslaw.com\/#organization","name":"Keches Law Group","url":"https:\/\/kecheslaw.com\/","logo":{"@type":"ImageObject","inLanguage":"es","@id":"https:\/\/kecheslaw.com\/#\/schema\/logo\/image\/","url":"https:\/\/kecheslaw.com\/wp-content\/uploads\/2018\/12\/sitefavicon.png","contentUrl":"https:\/\/kecheslaw.com\/wp-content\/uploads\/2018\/12\/sitefavicon.png","width":512,"height":512,"caption":"Keches Law Group"},"image":{"@id":"https:\/\/kecheslaw.com\/#\/schema\/logo\/image\/"},"sameAs":["https:\/\/www.facebook.com\/kecheslaw\/","https:\/\/twitter.com\/kecheslaw","http:\/\/instagram.com\/kecheslaw","https:\/\/www.linkedin.com\/company\/keches-law-group-pc\/about\/","https:\/\/www.youtube.com\/channel\/UCtgkXK4oA0WNIO8HYmVIE9A"]}]}},"_links":{"self":[{"href":"https:\/\/kecheslaw.com\/es\/wp-json\/wp\/v2\/pages\/2398","targetHints":{"allow":["GET"]}}],"collection":[{"href":"https:\/\/kecheslaw.com\/es\/wp-json\/wp\/v2\/pages"}],"about":[{"href":"https:\/\/kecheslaw.com\/es\/wp-json\/wp\/v2\/types\/page"}],"author":[{"embeddable":true,"href":"https:\/\/kecheslaw.com\/es\/wp-json\/wp\/v2\/users\/1"}],"replies":[{"embeddable":true,"href":"https:\/\/kecheslaw.com\/es\/wp-json\/wp\/v2\/comments?post=2398"}],"version-history":[{"count":0,"href":"https:\/\/kecheslaw.com\/es\/wp-json\/wp\/v2\/pages\/2398\/revisions"}],"up":[{"embeddable":true,"href":"https:\/\/kecheslaw.com\/es\/wp-json\/wp\/v2\/pages\/2077"}],"wp:attachment":[{"href":"https:\/\/kecheslaw.com\/es\/wp-json\/wp\/v2\/media?parent=2398"}],"curies":[{"name":"wp","href":"https:\/\/api.w.org\/{rel}","templated":true}]}}