{"id":2396,"date":"2019-01-23T22:22:25","date_gmt":"2019-01-23T22:22:25","guid":{"rendered":"http:\/\/kecheslaw.wpengine.com\/practice-areas\/workers-compensation\/injuries-caused-by-machines\/"},"modified":"2023-05-16T16:13:53","modified_gmt":"2023-05-16T16:13:53","slug":"injuries-caused-by-machines","status":"publish","type":"page","link":"https:\/\/kecheslaw.com\/es\/areas-de-practica\/indemnizacion-de-los-trabajadores\/lesiones-causadas-por-maquinas\/","title":{"rendered":"Lesiones causadas por m\u00e1quinas"},"content":{"rendered":"<p>Hoy en d\u00eda, muchos hombres y mujeres trabajan con m\u00e1quinas. Cuando se trabaja con m\u00e1quinas, pueden ocurrir muchas cosas en cuanto a lesiones. A veces es su propia culpa como el empleado, a veces es la culpa de su empleador, y a veces es la propia m\u00e1quina, ya sea defectuoso o de trabajo inadecuado \/ mal funcionamiento. En Massachusetts, el sistema de compensaci\u00f3n de los trabajadores es un sistema sin culpa. Esto significa que incluso si usted se lesiona accidentalmente, tiene derecho a recibir los beneficios de la compensaci\u00f3n de los trabajadores. Por otro lado, si se lesiona por culpa de otra persona o de un equipo, no s\u00f3lo tiene derecho a recibir las prestaciones de la compensaci\u00f3n de los trabajadores, sino que puede haber una reclamaci\u00f3n adicional para usted.<\/p>\n<p><strong class=\"heading4\">Reclamaciones de terceros<\/strong><\/p>\n<p>Normalmente, cuando un empleado se lesiona como resultado de una m\u00e1quina, su recurso exclusivo est\u00e1 dentro del mundo de la compensaci\u00f3n de los trabajadores: para los beneficios de incapacidad semanal, la atenci\u00f3n m\u00e9dica y la p\u00e9rdida de la funci\u00f3n. Lamentablemente, en el estado de Massachusetts, no existe una asignaci\u00f3n dentro del estatuto de compensaci\u00f3n de los trabajadores para el dolor y el sufrimiento; y, a menos que su empleador haya actuado con una conducta grave y deliberada, lo que equivale a una conducta casi delictiva, usted no podr\u00e1 presentar una reclamaci\u00f3n contra ellos. Sin embargo, las lesiones tambi\u00e9n pueden producirse porque la m\u00e1quina en la que trabajas, con la que trabajas o incluso en torno a la que trabajas, funcione mal o te da\u00f1e debido a alg\u00fan defecto inherente. En ese caso, usted puede tener lo que se llama una posible reclamaci\u00f3n de terceros, una reclamaci\u00f3n contra otra entidad, alguien distinto de su empleador que puede ser responsable de sus lesiones. Por ejemplo, posiblemente el proveedor de una m\u00e1quina defectuosa o el fabricante de la misma. Si se convirtieran en demandados en una demanda de terceros, ser\u00edan responsables de su dolor y sufrimiento, as\u00ed como de otros beneficios que uno no puede recuperar en una demanda de compensaci\u00f3n de trabajadores.<\/p>\n<p><strong class=\"heading4\">Qu\u00e9 pasos dar tras una lesi\u00f3n<\/strong><\/p>\n<p>Si cree que se ha lesionado a causa de un defecto o del mal funcionamiento de una m\u00e1quina, es importante documentar varias cosas que s\u00f3lo pueden ayudarle a presentar una posible reclamaci\u00f3n a terceros. Es crucial dar una descripci\u00f3n precisa y coherente de c\u00f3mo se produjo la lesi\u00f3n al informar tanto a su empleador como a todos los m\u00e9dicos. Si puede, haga una foto de la m\u00e1quina y de las zonas circundantes. Por \u00faltimo, intente identificar la marca y el modelo de la m\u00e1quina.<\/p>\n<p>\u00bfY si no habla ingl\u00e9s? Recuerde que todos los trabajadores tienen derecho a recibir una formaci\u00f3n adecuada sobre todas las m\u00e1quinas con las que trabajan, independientemente del idioma que hablen. Si no habla ingl\u00e9s, tiene derecho a recibir formaci\u00f3n sobre la m\u00e1quina en su idioma. Todos los trabajadores tienen derecho a un lugar de trabajo seguro. El Dr. David Michaels, Subsecretario de Trabajo para la Seguridad y la Salud en el Trabajo (OSHA), nos dice que \"ganarse la vida no deber\u00eda costar la vida\". Usted tiene derechos como trabajador, especialmente cuando se lesiona. Si se ha lesionado debido a una formaci\u00f3n inadecuada, a m\u00e1quinas defectuosas, a m\u00e1quinas defectuosas, puede necesitar abogados con experiencia que le ayuden a maximizar las prestaciones a las que tiene derecho.<\/p>\n<p><i>Si usted ha sido herido por una m\u00e1quina en el trabajo, p\u00f3ngase en contacto con Keches Law Group en 617-898-0808 o <a href=\"https:\/\/kecheslaw.com\/es\/contacte-con-nosotros\/\">en l\u00ednea<\/a> para una consulta gratuita y sin compromiso hoy mismo. Contamos con personal que habla espa\u00f1ol y portugu\u00e9s y tenemos traductores para otros idiomas disponibles a petici\u00f3n.<\/i><\/p>","protected":false},"excerpt":{"rendered":"<p>Hoy en d\u00eda, muchos hombres y mujeres trabajan con m\u00e1quinas. Cuando se trabaja con m\u00e1quinas, pueden ocurrir muchas cosas en cuanto a lesiones. A veces es tu propia culpa como empleado, a veces es la culpa de tu empleador, y a veces es la propia m\u00e1quina, ya sea...<\/p>","protected":false},"author":1,"featured_media":0,"parent":2077,"menu_order":0,"comment_status":"closed","ping_status":"closed","template":"","meta":{"_genesis_hide_title":false,"_genesis_hide_breadcrumbs":false,"_genesis_hide_singular_image":false,"_genesis_hide_footer_widgets":false,"_genesis_custom_body_class":"","_genesis_custom_post_class":"","_genesis_layout":"","footnotes":""},"class_list":{"0":"post-2396","1":"page","2":"type-page","3":"status-publish","5":"entry"},"yoast_head":"<!-- This site is optimized with the Yoast SEO Premium plugin v20.6 (Yoast SEO v20.6) - https:\/\/yoast.com\/wordpress\/plugins\/seo\/ -->\n<title>Injuries Caused By Machines - Keches Law Group<\/title>\n<meta name=\"description\" content=\"If you&#039;ve been injured by a machine, our personal injury lawyers can help. We have the experience to get you the compensation you deserve.\" \/>\n<meta name=\"robots\" content=\"index, follow, max-snippet:-1, max-image-preview:large, max-video-preview:-1\" \/>\n<link rel=\"canonical\" href=\"https:\/\/kecheslaw.com\/es\/areas-de-practica\/indemnizacion-de-los-trabajadores\/lesiones-causadas-por-maquinas\/\" \/>\n<meta property=\"og:locale\" content=\"es_ES\" \/>\n<meta property=\"og:type\" content=\"article\" \/>\n<meta property=\"og:title\" content=\"Injuries Caused By Machines\" \/>\n<meta property=\"og:description\" content=\"If you&#039;ve been injured by a machine, our personal injury lawyers can help. We have the experience to get you the compensation you deserve.\" \/>\n<meta property=\"og:url\" content=\"https:\/\/kecheslaw.com\/es\/areas-de-practica\/indemnizacion-de-los-trabajadores\/lesiones-causadas-por-maquinas\/\" \/>\n<meta property=\"og:site_name\" content=\"Keches Law Group\" \/>\n<meta property=\"article:publisher\" content=\"https:\/\/www.facebook.com\/kecheslaw\/\" \/>\n<meta property=\"article:modified_time\" content=\"2023-05-16T16:13:53+00:00\" \/>\n<meta name=\"twitter:card\" content=\"summary_large_image\" \/>\n<meta name=\"twitter:site\" content=\"@kecheslaw\" \/>\n<meta name=\"twitter:label1\" content=\"Tiempo de lectura\" \/>\n\t<meta name=\"twitter:data1\" content=\"3 minutos\" \/>\n<script type=\"application\/ld+json\" class=\"yoast-schema-graph\">{\"@context\":\"https:\/\/schema.org\",\"@graph\":[{\"@type\":\"WebPage\",\"@id\":\"https:\/\/kecheslaw.com\/practice-areas\/workers-compensation\/injuries-caused-by-machines\/\",\"url\":\"https:\/\/kecheslaw.com\/practice-areas\/workers-compensation\/injuries-caused-by-machines\/\",\"name\":\"Injuries Caused By Machines - Keches Law Group\",\"isPartOf\":{\"@id\":\"https:\/\/kecheslaw.com\/#website\"},\"datePublished\":\"2019-01-23T22:22:25+00:00\",\"dateModified\":\"2023-05-16T16:13:53+00:00\",\"description\":\"If you've been injured by a machine, our personal injury lawyers can help. We have the experience to get you the compensation you deserve.\",\"breadcrumb\":{\"@id\":\"https:\/\/kecheslaw.com\/practice-areas\/workers-compensation\/injuries-caused-by-machines\/#breadcrumb\"},\"inLanguage\":\"es\",\"potentialAction\":[{\"@type\":\"ReadAction\",\"target\":[\"https:\/\/kecheslaw.com\/practice-areas\/workers-compensation\/injuries-caused-by-machines\/\"]}]},{\"@type\":\"BreadcrumbList\",\"@id\":\"https:\/\/kecheslaw.com\/practice-areas\/workers-compensation\/injuries-caused-by-machines\/#breadcrumb\",\"itemListElement\":[{\"@type\":\"ListItem\",\"position\":1,\"name\":\"Practice Areas\",\"item\":\"https:\/\/kecheslaw.com\/practice-areas\/\"},{\"@type\":\"ListItem\",\"position\":2,\"name\":\"Workers&#8217; Compensation Lawyers\",\"item\":\"https:\/\/kecheslaw.com\/practice-areas\/workers-compensation\/\"},{\"@type\":\"ListItem\",\"position\":3,\"name\":\"Injuries Caused By Machines\"}]},{\"@type\":\"WebSite\",\"@id\":\"https:\/\/kecheslaw.com\/#website\",\"url\":\"https:\/\/kecheslaw.com\/\",\"name\":\"Keches Law Group\",\"description\":\"Workers&#039; Compensation and Injury Lawyers\",\"publisher\":{\"@id\":\"https:\/\/kecheslaw.com\/#organization\"},\"potentialAction\":[{\"@type\":\"SearchAction\",\"target\":{\"@type\":\"EntryPoint\",\"urlTemplate\":\"https:\/\/kecheslaw.com\/?s={search_term_string}\"},\"query-input\":\"required name=search_term_string\"}],\"inLanguage\":\"es\"},{\"@type\":\"Organization\",\"@id\":\"https:\/\/kecheslaw.com\/#organization\",\"name\":\"Keches Law Group\",\"url\":\"https:\/\/kecheslaw.com\/\",\"logo\":{\"@type\":\"ImageObject\",\"inLanguage\":\"es\",\"@id\":\"https:\/\/kecheslaw.com\/#\/schema\/logo\/image\/\",\"url\":\"https:\/\/kecheslaw.com\/wp-content\/uploads\/2018\/12\/sitefavicon.png\",\"contentUrl\":\"https:\/\/kecheslaw.com\/wp-content\/uploads\/2018\/12\/sitefavicon.png\",\"width\":512,\"height\":512,\"caption\":\"Keches Law Group\"},\"image\":{\"@id\":\"https:\/\/kecheslaw.com\/#\/schema\/logo\/image\/\"},\"sameAs\":[\"https:\/\/www.facebook.com\/kecheslaw\/\",\"https:\/\/twitter.com\/kecheslaw\",\"http:\/\/instagram.com\/kecheslaw\",\"https:\/\/www.linkedin.com\/company\/keches-law-group-pc\/about\/\",\"https:\/\/www.youtube.com\/channel\/UCtgkXK4oA0WNIO8HYmVIE9A\"]}]}<\/script>\n<!-- \/ Yoast SEO Premium plugin. -->","yoast_head_json":{"title":"Injuries Caused By Machines - Keches Law Group","description":"If you've been injured by a machine, our personal injury lawyers can help. We have the experience to get you the compensation you deserve.","robots":{"index":"index","follow":"follow","max-snippet":"max-snippet:-1","max-image-preview":"max-image-preview:large","max-video-preview":"max-video-preview:-1"},"canonical":"https:\/\/kecheslaw.com\/es\/areas-de-practica\/indemnizacion-de-los-trabajadores\/lesiones-causadas-por-maquinas\/","og_locale":"es_ES","og_type":"article","og_title":"Injuries Caused By Machines","og_description":"If you've been injured by a machine, our personal injury lawyers can help. We have the experience to get you the compensation you deserve.","og_url":"https:\/\/kecheslaw.com\/es\/areas-de-practica\/indemnizacion-de-los-trabajadores\/lesiones-causadas-por-maquinas\/","og_site_name":"Keches Law Group","article_publisher":"https:\/\/www.facebook.com\/kecheslaw\/","article_modified_time":"2023-05-16T16:13:53+00:00","twitter_card":"summary_large_image","twitter_site":"@kecheslaw","twitter_misc":{"Tiempo de lectura":"3 minutos"},"schema":{"@context":"https:\/\/schema.org","@graph":[{"@type":"WebPage","@id":"https:\/\/kecheslaw.com\/practice-areas\/workers-compensation\/injuries-caused-by-machines\/","url":"https:\/\/kecheslaw.com\/practice-areas\/workers-compensation\/injuries-caused-by-machines\/","name":"Injuries Caused By Machines - Keches Law Group","isPartOf":{"@id":"https:\/\/kecheslaw.com\/#website"},"datePublished":"2019-01-23T22:22:25+00:00","dateModified":"2023-05-16T16:13:53+00:00","description":"If you've been injured by a machine, our personal injury lawyers can help. We have the experience to get you the compensation you deserve.","breadcrumb":{"@id":"https:\/\/kecheslaw.com\/practice-areas\/workers-compensation\/injuries-caused-by-machines\/#breadcrumb"},"inLanguage":"es","potentialAction":[{"@type":"ReadAction","target":["https:\/\/kecheslaw.com\/practice-areas\/workers-compensation\/injuries-caused-by-machines\/"]}]},{"@type":"BreadcrumbList","@id":"https:\/\/kecheslaw.com\/practice-areas\/workers-compensation\/injuries-caused-by-machines\/#breadcrumb","itemListElement":[{"@type":"ListItem","position":1,"name":"Practice Areas","item":"https:\/\/kecheslaw.com\/practice-areas\/"},{"@type":"ListItem","position":2,"name":"Workers&#8217; Compensation Lawyers","item":"https:\/\/kecheslaw.com\/practice-areas\/workers-compensation\/"},{"@type":"ListItem","position":3,"name":"Injuries Caused By Machines"}]},{"@type":"WebSite","@id":"https:\/\/kecheslaw.com\/#website","url":"https:\/\/kecheslaw.com\/","name":"Keches Law Group","description":"Workers&#039; Compensation and Injury Lawyers","publisher":{"@id":"https:\/\/kecheslaw.com\/#organization"},"potentialAction":[{"@type":"SearchAction","target":{"@type":"EntryPoint","urlTemplate":"https:\/\/kecheslaw.com\/?s={search_term_string}"},"query-input":"required name=search_term_string"}],"inLanguage":"es"},{"@type":"Organization","@id":"https:\/\/kecheslaw.com\/#organization","name":"Keches Law Group","url":"https:\/\/kecheslaw.com\/","logo":{"@type":"ImageObject","inLanguage":"es","@id":"https:\/\/kecheslaw.com\/#\/schema\/logo\/image\/","url":"https:\/\/kecheslaw.com\/wp-content\/uploads\/2018\/12\/sitefavicon.png","contentUrl":"https:\/\/kecheslaw.com\/wp-content\/uploads\/2018\/12\/sitefavicon.png","width":512,"height":512,"caption":"Keches Law Group"},"image":{"@id":"https:\/\/kecheslaw.com\/#\/schema\/logo\/image\/"},"sameAs":["https:\/\/www.facebook.com\/kecheslaw\/","https:\/\/twitter.com\/kecheslaw","http:\/\/instagram.com\/kecheslaw","https:\/\/www.linkedin.com\/company\/keches-law-group-pc\/about\/","https:\/\/www.youtube.com\/channel\/UCtgkXK4oA0WNIO8HYmVIE9A"]}]}},"_links":{"self":[{"href":"https:\/\/kecheslaw.com\/es\/wp-json\/wp\/v2\/pages\/2396","targetHints":{"allow":["GET"]}}],"collection":[{"href":"https:\/\/kecheslaw.com\/es\/wp-json\/wp\/v2\/pages"}],"about":[{"href":"https:\/\/kecheslaw.com\/es\/wp-json\/wp\/v2\/types\/page"}],"author":[{"embeddable":true,"href":"https:\/\/kecheslaw.com\/es\/wp-json\/wp\/v2\/users\/1"}],"replies":[{"embeddable":true,"href":"https:\/\/kecheslaw.com\/es\/wp-json\/wp\/v2\/comments?post=2396"}],"version-history":[{"count":0,"href":"https:\/\/kecheslaw.com\/es\/wp-json\/wp\/v2\/pages\/2396\/revisions"}],"up":[{"embeddable":true,"href":"https:\/\/kecheslaw.com\/es\/wp-json\/wp\/v2\/pages\/2077"}],"wp:attachment":[{"href":"https:\/\/kecheslaw.com\/es\/wp-json\/wp\/v2\/media?parent=2396"}],"curies":[{"name":"wp","href":"https:\/\/api.w.org\/{rel}","templated":true}]}}