{"id":2393,"date":"2019-01-23T22:22:23","date_gmt":"2019-01-23T22:22:23","guid":{"rendered":"http:\/\/kecheslaw.wpengine.com\/practice-areas\/workers-compensation\/farming-and-agricultural-injuries\/"},"modified":"2023-05-16T16:13:52","modified_gmt":"2023-05-16T16:13:52","slug":"farming-and-agricultural-injuries","status":"publish","type":"page","link":"https:\/\/kecheslaw.com\/es\/areas-de-practica\/indemnizacion-de-los-trabajadores\/lesiones-en-la-agricultura-y-la-ganaderia\/","title":{"rendered":"Lesiones en la agricultura y la ganader\u00eda"},"content":{"rendered":"<p>En Massachusetts, la ley obliga a los empresarios a contratar un seguro de indemnizaci\u00f3n por accidentes de trabajo, que cubre a los trabajadores lesionados por las facturas m\u00e9dicas y los salarios perdidos causados por las lesiones en el lugar de trabajo. Estas prestaciones est\u00e1n disponibles independientemente de qui\u00e9n sea el culpable de la lesi\u00f3n. Como en cualquier campo, las personas que se lesionan mientras trabajan en granjas o en cualquier lugar de la industria agr\u00edcola deben ponerse en contacto con un abogado especializado en indemnizaciones por accidentes de trabajo inmediatamente, ya que contar con un abogado probablemente marcar\u00e1 una gran diferencia en la forma en que la compa\u00f1\u00eda de seguros responda a su reclamaci\u00f3n.<\/p>\n<p><strong class=\"heading4\">Los agricultores se enfrentan a riesgos<\/strong><\/p>\n<p>Los trabajadores agr\u00edcolas tienden a sufrir m\u00e1s lesiones graves que los trabajadores de la mayor\u00eda de los dem\u00e1s empleos, ya que las granjas suelen presentar condiciones de trabajo peligrosas. Muchos agricultores de toda la vida han estado cerca de las m\u00e1quinas, y tanto los nuevos como los veteranos no son ajenos a experimentar dolor despu\u00e9s de un largo d\u00eda de trabajo. Por desgracia, muchas de las lesiones que han sufrido los trabajadores agr\u00edcolas podr\u00edan haberse evitado con una formaci\u00f3n adecuada o siguiendo el protocolo de seguridad. En algunos casos, las lesiones se han producido porque el propietario o el operador de la granja ha retirado los dispositivos de seguridad del equipo para ahorrar tiempo o dinero. Aunque las prestaciones de compensaci\u00f3n a los trabajadores est\u00e1n disponibles independientemente de la raz\u00f3n o la culpa que haya detr\u00e1s de la lesi\u00f3n, si el empleador manipula o no mantiene los dispositivos de seguridad y esto da lugar a la lesi\u00f3n de un empleado, se puede conceder una compensaci\u00f3n adicional.<\/p>\n<p><strong class=\"heading4\">Tipos de lesiones<\/strong><\/p>\n<p>Los trabajadores agr\u00edcolas de Massachusetts han muerto o han quedado permanentemente mutilados por el mal funcionamiento de los equipos, los vuelcos de los tractores, los derrumbes de edificios y la asfixia por atrapamiento de granos, por nombrar algunos. Otras lesiones comunes son las distensiones y los esguinces por levantar objetos pesados, as\u00ed como las lesiones por esfuerzo repetitivo en las rodillas, los hombros, la espalda y las caderas. Aparte de los peligros obvios del trabajo agr\u00edcola, el trabajo agr\u00edcola es especialmente peligroso porque en las zonas rurales donde se encuentran las granjas, los servicios de emergencia pueden no estar cerca. Se puede tardar m\u00e1s tiempo en llegar a un tel\u00e9fono para pedir ayuda y puede tardar m\u00e1s tiempo en llegar la ayuda.<\/p>\n<p><strong class=\"heading4\">Ni\u00f1os y trabajadores inmigrantes <\/strong><\/p>\n<p>Este tema requiere mencionar dos clases de empleados especialmente vulnerables, los ni\u00f1os y los trabajadores inmigrantes. La agricultura es uno de los pocos trabajos que los ni\u00f1os pueden obtener legalmente. En Massachusetts, los ni\u00f1os de cualquier edad pueden trabajar en una granja propiedad de sus padres y los ni\u00f1os de 12 y 13 a\u00f1os pueden trabajar en cualquier granja con el consentimiento de sus padres. Aunque los ni\u00f1os tienden a recuperarse m\u00e1s f\u00e1cilmente de las lesiones que podr\u00edan dejar a un adulto completamente fuera de servicio, es justo decir que los ni\u00f1os son probablemente menos propensos a informar de las lesiones o a buscar ayuda, en primer lugar porque no conocen sus derechos, y tambi\u00e9n son m\u00e1s susceptibles a la presi\u00f3n de los empleadores para mantener las cosas en silencio.<\/p>\n<p>Los trabajadores migrantes a menudo desconocen sus derechos y temen las represalias si denuncian un accidente laboral. Muchos trabajadores agr\u00edcolas migrantes trabajan y viven en una granja, a menudo en condiciones terribles y con un salario injusto; sus empleadores pueden estar violando la ley en m\u00e1s de un sentido. Estos trabajadores suelen viajar en grandes grupos a trav\u00e9s de las fronteras estatales, yendo de granja en granja en busca de trabajo. Incluso la b\u00fasqueda de trabajo en este campo plantea riesgos; en 2002, una furgoneta que transportaba trabajadores migrantes en Maine se estrell\u00f3, matando a catorce personas. Los trabajadores inmigrantes que se lesionan en el trabajo suelen temer ser deportados, dependiendo de su estatus migratorio, si denuncian una lesi\u00f3n laboral o buscan atenci\u00f3n m\u00e9dica. Los trabajadores indocumentados -trabajadores extranjeros en Massachusetts que no tienen un visado de trabajo o una tarjeta verde- suelen pensar que su situaci\u00f3n les impide incluso recibir las prestaciones de indemnizaci\u00f3n por accidente laboral. Esto no es cierto. En Massachusetts, cualquier persona que se haya lesionado en el trabajo tiene derecho a recibir prestaciones de compensaci\u00f3n laboral, independientemente de su condici\u00f3n de inmigrante.<\/p>\n<p><strong class=\"heading4\">Los agricultores tienen derechos<\/strong><\/p>\n<p>Independientemente de la edad, la situaci\u00f3n migratoria o la antig\u00fcedad en el empleo, puede tener derecho a un seguro de indemnizaci\u00f3n por accidente de trabajo. Las facturas m\u00e9dicas resultantes de su lesi\u00f3n podr\u00edan costarle m\u00e1s de lo que tiene. Las prestaciones de compensaci\u00f3n laboral se conceden regularmente a los agricultores que han sufrido lesiones mientras trabajaban.<\/p>\n<p><i>Si usted o un miembro de su familia se ha lesionado mientras trabajaba en una granja, p\u00f3ngase en contacto con Keches Law Group en 617-898-0808 o <a href=\"https:\/\/kecheslaw.com\/es\/contacte-con-nosotros\/\">en l\u00ednea<\/a> para una consulta gratuita hoy. Uno de nuestros abogados experimentados puede ir a usted si no puede venir a una de nuestras oficinas, y comenzaremos el proceso de obtener una compensaci\u00f3n por sus salarios perdidos de inmediato. <\/i><\/p>","protected":false},"excerpt":{"rendered":"<p>En Massachusetts, la ley obliga a los empresarios a contratar un seguro de indemnizaci\u00f3n por accidentes de trabajo, que cubre a los trabajadores lesionados por las facturas m\u00e9dicas y los salarios perdidos causados por las lesiones en el lugar de trabajo. Estas prestaciones est\u00e1n disponibles independientemente de qui\u00e9n sea el culpable de la lesi\u00f3n. Como en cualquier campo, las personas que se lesionan mientras trabajan en granjas o en cualquier lugar del ...<\/p>","protected":false},"author":1,"featured_media":0,"parent":2077,"menu_order":0,"comment_status":"closed","ping_status":"closed","template":"","meta":{"_genesis_hide_title":false,"_genesis_hide_breadcrumbs":false,"_genesis_hide_singular_image":false,"_genesis_hide_footer_widgets":false,"_genesis_custom_body_class":"","_genesis_custom_post_class":"","_genesis_layout":"","footnotes":""},"class_list":{"0":"post-2393","1":"page","2":"type-page","3":"status-publish","5":"entry"},"yoast_head":"<!-- This site is optimized with the Yoast SEO Premium plugin v20.6 (Yoast SEO v20.6) - https:\/\/yoast.com\/wordpress\/plugins\/seo\/ -->\n<title>Farming and Agricultural Injuries - Keches Law Group<\/title>\n<meta name=\"description\" content=\"If you&#039;ve been injured on the job, our experienced agricultural injury lawyers can help. We&#039;ve won over $2 billion for clients since 1986.\" \/>\n<meta name=\"robots\" content=\"index, follow, max-snippet:-1, max-image-preview:large, max-video-preview:-1\" \/>\n<link rel=\"canonical\" href=\"https:\/\/kecheslaw.com\/es\/areas-de-practica\/indemnizacion-de-los-trabajadores\/lesiones-en-la-agricultura-y-la-ganaderia\/\" \/>\n<meta property=\"og:locale\" content=\"es_ES\" \/>\n<meta property=\"og:type\" content=\"article\" \/>\n<meta property=\"og:title\" content=\"Farming and Agricultural Injuries\" \/>\n<meta property=\"og:description\" content=\"If you&#039;ve been injured on the job, our experienced agricultural injury lawyers can help. We&#039;ve won over $2 billion for clients since 1986.\" \/>\n<meta property=\"og:url\" content=\"https:\/\/kecheslaw.com\/es\/areas-de-practica\/indemnizacion-de-los-trabajadores\/lesiones-en-la-agricultura-y-la-ganaderia\/\" \/>\n<meta property=\"og:site_name\" content=\"Keches Law Group\" \/>\n<meta property=\"article:publisher\" content=\"https:\/\/www.facebook.com\/kecheslaw\/\" \/>\n<meta property=\"article:modified_time\" content=\"2023-05-16T16:13:52+00:00\" \/>\n<meta name=\"twitter:card\" content=\"summary_large_image\" \/>\n<meta name=\"twitter:site\" content=\"@kecheslaw\" \/>\n<meta name=\"twitter:label1\" content=\"Tiempo de lectura\" \/>\n\t<meta name=\"twitter:data1\" content=\"4 minutos\" \/>\n<script type=\"application\/ld+json\" class=\"yoast-schema-graph\">{\"@context\":\"https:\/\/schema.org\",\"@graph\":[{\"@type\":\"WebPage\",\"@id\":\"https:\/\/kecheslaw.com\/practice-areas\/workers-compensation\/farming-and-agricultural-injuries\/\",\"url\":\"https:\/\/kecheslaw.com\/practice-areas\/workers-compensation\/farming-and-agricultural-injuries\/\",\"name\":\"Farming and Agricultural Injuries - Keches Law Group\",\"isPartOf\":{\"@id\":\"https:\/\/kecheslaw.com\/#website\"},\"datePublished\":\"2019-01-23T22:22:23+00:00\",\"dateModified\":\"2023-05-16T16:13:52+00:00\",\"description\":\"If you've been injured on the job, our experienced agricultural injury lawyers can help. We've won over $2 billion for clients since 1986.\",\"breadcrumb\":{\"@id\":\"https:\/\/kecheslaw.com\/practice-areas\/workers-compensation\/farming-and-agricultural-injuries\/#breadcrumb\"},\"inLanguage\":\"es\",\"potentialAction\":[{\"@type\":\"ReadAction\",\"target\":[\"https:\/\/kecheslaw.com\/practice-areas\/workers-compensation\/farming-and-agricultural-injuries\/\"]}]},{\"@type\":\"BreadcrumbList\",\"@id\":\"https:\/\/kecheslaw.com\/practice-areas\/workers-compensation\/farming-and-agricultural-injuries\/#breadcrumb\",\"itemListElement\":[{\"@type\":\"ListItem\",\"position\":1,\"name\":\"Practice Areas\",\"item\":\"https:\/\/kecheslaw.com\/practice-areas\/\"},{\"@type\":\"ListItem\",\"position\":2,\"name\":\"Workers&#8217; Compensation Lawyers\",\"item\":\"https:\/\/kecheslaw.com\/practice-areas\/workers-compensation\/\"},{\"@type\":\"ListItem\",\"position\":3,\"name\":\"Farming and Agricultural Injuries\"}]},{\"@type\":\"WebSite\",\"@id\":\"https:\/\/kecheslaw.com\/#website\",\"url\":\"https:\/\/kecheslaw.com\/\",\"name\":\"Keches Law Group\",\"description\":\"Workers&#039; Compensation and Injury Lawyers\",\"publisher\":{\"@id\":\"https:\/\/kecheslaw.com\/#organization\"},\"potentialAction\":[{\"@type\":\"SearchAction\",\"target\":{\"@type\":\"EntryPoint\",\"urlTemplate\":\"https:\/\/kecheslaw.com\/?s={search_term_string}\"},\"query-input\":\"required name=search_term_string\"}],\"inLanguage\":\"es\"},{\"@type\":\"Organization\",\"@id\":\"https:\/\/kecheslaw.com\/#organization\",\"name\":\"Keches Law Group\",\"url\":\"https:\/\/kecheslaw.com\/\",\"logo\":{\"@type\":\"ImageObject\",\"inLanguage\":\"es\",\"@id\":\"https:\/\/kecheslaw.com\/#\/schema\/logo\/image\/\",\"url\":\"https:\/\/kecheslaw.com\/wp-content\/uploads\/2018\/12\/sitefavicon.png\",\"contentUrl\":\"https:\/\/kecheslaw.com\/wp-content\/uploads\/2018\/12\/sitefavicon.png\",\"width\":512,\"height\":512,\"caption\":\"Keches Law Group\"},\"image\":{\"@id\":\"https:\/\/kecheslaw.com\/#\/schema\/logo\/image\/\"},\"sameAs\":[\"https:\/\/www.facebook.com\/kecheslaw\/\",\"https:\/\/twitter.com\/kecheslaw\",\"http:\/\/instagram.com\/kecheslaw\",\"https:\/\/www.linkedin.com\/company\/keches-law-group-pc\/about\/\",\"https:\/\/www.youtube.com\/channel\/UCtgkXK4oA0WNIO8HYmVIE9A\"]}]}<\/script>\n<!-- \/ Yoast SEO Premium plugin. -->","yoast_head_json":{"title":"Farming and Agricultural Injuries - Keches Law Group","description":"If you've been injured on the job, our experienced agricultural injury lawyers can help. We've won over $2 billion for clients since 1986.","robots":{"index":"index","follow":"follow","max-snippet":"max-snippet:-1","max-image-preview":"max-image-preview:large","max-video-preview":"max-video-preview:-1"},"canonical":"https:\/\/kecheslaw.com\/es\/areas-de-practica\/indemnizacion-de-los-trabajadores\/lesiones-en-la-agricultura-y-la-ganaderia\/","og_locale":"es_ES","og_type":"article","og_title":"Farming and Agricultural Injuries","og_description":"If you've been injured on the job, our experienced agricultural injury lawyers can help. We've won over $2 billion for clients since 1986.","og_url":"https:\/\/kecheslaw.com\/es\/areas-de-practica\/indemnizacion-de-los-trabajadores\/lesiones-en-la-agricultura-y-la-ganaderia\/","og_site_name":"Keches Law Group","article_publisher":"https:\/\/www.facebook.com\/kecheslaw\/","article_modified_time":"2023-05-16T16:13:52+00:00","twitter_card":"summary_large_image","twitter_site":"@kecheslaw","twitter_misc":{"Tiempo de lectura":"4 minutos"},"schema":{"@context":"https:\/\/schema.org","@graph":[{"@type":"WebPage","@id":"https:\/\/kecheslaw.com\/practice-areas\/workers-compensation\/farming-and-agricultural-injuries\/","url":"https:\/\/kecheslaw.com\/practice-areas\/workers-compensation\/farming-and-agricultural-injuries\/","name":"Farming and Agricultural Injuries - Keches Law Group","isPartOf":{"@id":"https:\/\/kecheslaw.com\/#website"},"datePublished":"2019-01-23T22:22:23+00:00","dateModified":"2023-05-16T16:13:52+00:00","description":"If you've been injured on the job, our experienced agricultural injury lawyers can help. We've won over $2 billion for clients since 1986.","breadcrumb":{"@id":"https:\/\/kecheslaw.com\/practice-areas\/workers-compensation\/farming-and-agricultural-injuries\/#breadcrumb"},"inLanguage":"es","potentialAction":[{"@type":"ReadAction","target":["https:\/\/kecheslaw.com\/practice-areas\/workers-compensation\/farming-and-agricultural-injuries\/"]}]},{"@type":"BreadcrumbList","@id":"https:\/\/kecheslaw.com\/practice-areas\/workers-compensation\/farming-and-agricultural-injuries\/#breadcrumb","itemListElement":[{"@type":"ListItem","position":1,"name":"Practice Areas","item":"https:\/\/kecheslaw.com\/practice-areas\/"},{"@type":"ListItem","position":2,"name":"Workers&#8217; Compensation Lawyers","item":"https:\/\/kecheslaw.com\/practice-areas\/workers-compensation\/"},{"@type":"ListItem","position":3,"name":"Farming and Agricultural Injuries"}]},{"@type":"WebSite","@id":"https:\/\/kecheslaw.com\/#website","url":"https:\/\/kecheslaw.com\/","name":"Keches Law Group","description":"Workers&#039; Compensation and Injury Lawyers","publisher":{"@id":"https:\/\/kecheslaw.com\/#organization"},"potentialAction":[{"@type":"SearchAction","target":{"@type":"EntryPoint","urlTemplate":"https:\/\/kecheslaw.com\/?s={search_term_string}"},"query-input":"required name=search_term_string"}],"inLanguage":"es"},{"@type":"Organization","@id":"https:\/\/kecheslaw.com\/#organization","name":"Keches Law Group","url":"https:\/\/kecheslaw.com\/","logo":{"@type":"ImageObject","inLanguage":"es","@id":"https:\/\/kecheslaw.com\/#\/schema\/logo\/image\/","url":"https:\/\/kecheslaw.com\/wp-content\/uploads\/2018\/12\/sitefavicon.png","contentUrl":"https:\/\/kecheslaw.com\/wp-content\/uploads\/2018\/12\/sitefavicon.png","width":512,"height":512,"caption":"Keches Law Group"},"image":{"@id":"https:\/\/kecheslaw.com\/#\/schema\/logo\/image\/"},"sameAs":["https:\/\/www.facebook.com\/kecheslaw\/","https:\/\/twitter.com\/kecheslaw","http:\/\/instagram.com\/kecheslaw","https:\/\/www.linkedin.com\/company\/keches-law-group-pc\/about\/","https:\/\/www.youtube.com\/channel\/UCtgkXK4oA0WNIO8HYmVIE9A"]}]}},"_links":{"self":[{"href":"https:\/\/kecheslaw.com\/es\/wp-json\/wp\/v2\/pages\/2393","targetHints":{"allow":["GET"]}}],"collection":[{"href":"https:\/\/kecheslaw.com\/es\/wp-json\/wp\/v2\/pages"}],"about":[{"href":"https:\/\/kecheslaw.com\/es\/wp-json\/wp\/v2\/types\/page"}],"author":[{"embeddable":true,"href":"https:\/\/kecheslaw.com\/es\/wp-json\/wp\/v2\/users\/1"}],"replies":[{"embeddable":true,"href":"https:\/\/kecheslaw.com\/es\/wp-json\/wp\/v2\/comments?post=2393"}],"version-history":[{"count":0,"href":"https:\/\/kecheslaw.com\/es\/wp-json\/wp\/v2\/pages\/2393\/revisions"}],"up":[{"embeddable":true,"href":"https:\/\/kecheslaw.com\/es\/wp-json\/wp\/v2\/pages\/2077"}],"wp:attachment":[{"href":"https:\/\/kecheslaw.com\/es\/wp-json\/wp\/v2\/media?parent=2393"}],"curies":[{"name":"wp","href":"https:\/\/api.w.org\/{rel}","templated":true}]}}