{"id":2362,"date":"2019-01-23T22:21:55","date_gmt":"2019-01-23T22:21:55","guid":{"rendered":"http:\/\/kecheslaw.wpengine.com\/practice-areas\/personal-injury\/products-liability\/"},"modified":"2023-05-16T16:13:41","modified_gmt":"2023-05-16T16:13:41","slug":"products-liability","status":"publish","type":"page","link":"https:\/\/kecheslaw.com\/es\/areas-de-practica\/danos-personales\/productos-responsabilidad\/","title":{"rendered":"Responsabilidad por productos defectuosos"},"content":{"rendered":"<p>Cada a\u00f1o, numerosos consumidores resultan perjudicados por productos defectuosos. (V\u00e9ase <a href=\"http:\/\/www.cpsc.gov\/en\/Research--Statistics\/Injury-Statistics\" target=\"_blank\" rel=\"noopener noreferrer\">http:\/\/www.cpsc.gov\/en\/Research&#8211;Statistics\/Injury-Statistics<\/a>) Los defectos que causan estas lesiones suelen dividirse en tres categor\u00edas principales: defectos de dise\u00f1o; defectos de fabricaci\u00f3n; y\/o instrucciones o advertencias inadecuadas.<\/p>\n<p>Decidir si se va a llevar a cabo un caso de responsabilidad civil por productos defectuosos o c\u00f3mo se debe llevar a cabo dicho caso depende en gran medida de la gravedad de la lesi\u00f3n y de la complejidad del producto. Se puede suponer que se necesitar\u00e1 al menos un perito para establecer que el producto era efectivamente defectuoso. En realidad, sin embargo, los productos complejos suelen requerir una bater\u00eda de expertos que cubran diferentes aspectos del dise\u00f1o y el funcionamiento del producto. Por ejemplo, gran parte de la maquinaria funciona mediante una combinaci\u00f3n de tecnolog\u00eda mec\u00e1nica e inform\u00e1tica. Puede ser necesario un ingeniero mec\u00e1nico, un ingeniero de software y\/o un experto en seguridad o factores humanos. Estos expertos son esenciales para instruir al abogado, ayudar a detectar el defecto y ayudar a considerar qu\u00e9 alternativas podr\u00edan haberse utilizado para eliminar el defecto manteniendo la utilidad del producto.<\/p>\n<p>Cuando ha habido un fallo en los materiales del producto, el abogado debe considerar un defecto de fabricaci\u00f3n adem\u00e1s de todas las dem\u00e1s posibilidades. Es necesario contar con un metal\u00fargico o experto en materiales que pueda analizar el fallo y la raz\u00f3n del mismo. Las preguntas que deben abordarse son las siguientes: \u00bfes el material en s\u00ed mismo adecuado?; \u00bfestuvo el material expuesto a condiciones como temperaturas extremas dentro de la cadena de distribuci\u00f3n que afectaron a sus caracter\u00edsticas?; \u00bfse realiz\u00f3 un mantenimiento deficiente del material?; adem\u00e1s, \u00bffueron razonablemente previsibles algunas de las condiciones que pueden haber alterado el material y qu\u00e9 medidas deber\u00edan haberse tomado para proteger el producto contra dichas condiciones?<\/p>\n<p>Cuando el producto funcionaba como estaba previsto, pero aun as\u00ed caus\u00f3 da\u00f1os, el abogado debe considerar si las instrucciones o advertencias eran adecuadas. Esto incluye no s\u00f3lo el contenido de las instrucciones o advertencias, sino tambi\u00e9n la forma en que se transmiti\u00f3 dicha informaci\u00f3n al consumidor. Por ejemplo, si las instrucciones cr\u00edticas se incluyen s\u00f3lo en el envase que est\u00e1 destinado a ser desechado, dichas instrucciones pueden no ser adecuadas. Por otro lado, si el consumidor era lo suficientemente sofisticado como para conocer la informaci\u00f3n que se le deber\u00eda haber transmitido, un argumento de informaci\u00f3n\/advertencias inadecuadas fracasar\u00e1.<\/p>\n<p>Los ingenieros de seguridad reconocen una jerarqu\u00eda de controles de seguridad que, posiblemente, deber\u00edan seguir los fabricantes para mantener la seguridad de sus productos. En primer lugar, el peligro debe eliminarse siempre que sea posible; si el peligro no puede eliminarse, el fabricante debe proporcionar una protecci\u00f3n suficiente contra el peligro; y, por \u00faltimo, cuando el peligro no puede eliminarse o protegerse totalmente, el fabricante debe proporcionar advertencias o instrucciones adecuadas. El abogado y los peritos que consideren si existe una reclamaci\u00f3n de responsabilidad por productos defectuosos deben considerar si el fabricante cumpli\u00f3 con estas consideraciones de seguridad.<\/p>\n<p>Una defensa com\u00fan en las demandas de responsabilidad por productos es que el producto fue alterado despu\u00e9s de salir de las manos del fabricante. Una vez m\u00e1s, debe examinarse si tales alteraciones eran razonablemente previsibles o pod\u00edan haberse tenido en cuenta en los elementos de dise\u00f1o del producto. Por ejemplo, \u00bfqu\u00e9 requisitos de mantenimiento se hab\u00edan previsto? \u00bfQu\u00e9 riesgos se asociaban a una previsible falta de mantenimiento del producto por parte del consumidor?<\/p>\n<p>Dado que los casos de responsabilidad por productos pueden ser extremadamente caros, dada la necesidad de la participaci\u00f3n de expertos, el abogado debe investigar si ha habido alguna retirada de productos u otras demandas relacionadas con el mismo producto. Si un defecto de dise\u00f1o ya ha sido investigado por otros, se puede ahorrar mucho tiempo y gastos, lo que en \u00faltima instancia permite un mejor resultado para el cliente.<\/p>\n<p>Es esencial conservar el producto y fotografiar \/ documentar el estado del producto cuando se inspecciona por primera vez para defenderse de cualquier acusaci\u00f3n de deterioro en el futuro. Tambi\u00e9n es aconsejable adquirir un ejemplar con su embalaje original. Todas estas medidas deben tomarse para garantizar el mejor resultado posible.<\/p>","protected":false},"excerpt":{"rendered":"<p>Cada a\u00f1o numerosos consumidores sufren lesiones por productos defectuosos. (V\u00e9ase http:\/\/www.cpsc.gov\/en\/Research-Statistics\/Injury-Statistics) Los defectos que causan estas lesiones pueden desglosarse normalmente en tres categor\u00edas principales: defectos de dise\u00f1o; defectos de fabricaci\u00f3n; y\/o instrucciones o advertencias inadecuadas. La decisi\u00f3n de emprender un caso de responsabilidad civil por productos defectuosos o la forma de hacerlo depende en gran medida de la gravedad ...<\/p>","protected":false},"author":1,"featured_media":0,"parent":2076,"menu_order":0,"comment_status":"closed","ping_status":"closed","template":"","meta":{"_genesis_hide_title":false,"_genesis_hide_breadcrumbs":false,"_genesis_hide_singular_image":false,"_genesis_hide_footer_widgets":false,"_genesis_custom_body_class":"","_genesis_custom_post_class":"","_genesis_layout":"","footnotes":""},"class_list":{"0":"post-2362","1":"page","2":"type-page","3":"status-publish","5":"entry"},"yoast_head":"<!-- This site is optimized with the Yoast SEO Premium plugin v20.6 (Yoast SEO v20.6) - https:\/\/yoast.com\/wordpress\/plugins\/seo\/ -->\n<title>Products Liability - Keches Law Group<\/title>\n<meta name=\"description\" content=\"If you&#039;ve been injured by a defective product, our products liability lawyers can help. We have over 30 years of experience.\" \/>\n<meta name=\"robots\" content=\"index, follow, max-snippet:-1, max-image-preview:large, max-video-preview:-1\" \/>\n<link rel=\"canonical\" href=\"https:\/\/kecheslaw.com\/es\/areas-de-practica\/danos-personales\/productos-responsabilidad\/\" \/>\n<meta property=\"og:locale\" content=\"es_ES\" \/>\n<meta property=\"og:type\" content=\"article\" \/>\n<meta property=\"og:title\" content=\"Products Liability\" \/>\n<meta property=\"og:description\" content=\"If you&#039;ve been injured by a defective product, our products liability lawyers can help. We have over 30 years of experience.\" \/>\n<meta property=\"og:url\" content=\"https:\/\/kecheslaw.com\/es\/areas-de-practica\/danos-personales\/productos-responsabilidad\/\" \/>\n<meta property=\"og:site_name\" content=\"Keches Law Group\" \/>\n<meta property=\"article:publisher\" content=\"https:\/\/www.facebook.com\/kecheslaw\/\" \/>\n<meta property=\"article:modified_time\" content=\"2023-05-16T16:13:41+00:00\" \/>\n<meta name=\"twitter:card\" content=\"summary_large_image\" \/>\n<meta name=\"twitter:site\" content=\"@kecheslaw\" \/>\n<meta name=\"twitter:label1\" content=\"Tiempo de lectura\" \/>\n\t<meta name=\"twitter:data1\" content=\"3 minutos\" \/>\n<script type=\"application\/ld+json\" class=\"yoast-schema-graph\">{\"@context\":\"https:\/\/schema.org\",\"@graph\":[{\"@type\":\"WebPage\",\"@id\":\"https:\/\/kecheslaw.com\/practice-areas\/personal-injury\/products-liability\/\",\"url\":\"https:\/\/kecheslaw.com\/practice-areas\/personal-injury\/products-liability\/\",\"name\":\"Products Liability - Keches Law Group\",\"isPartOf\":{\"@id\":\"https:\/\/kecheslaw.com\/#website\"},\"datePublished\":\"2019-01-23T22:21:55+00:00\",\"dateModified\":\"2023-05-16T16:13:41+00:00\",\"description\":\"If you've been injured by a defective product, our products liability lawyers can help. We have over 30 years of experience.\",\"breadcrumb\":{\"@id\":\"https:\/\/kecheslaw.com\/practice-areas\/personal-injury\/products-liability\/#breadcrumb\"},\"inLanguage\":\"es\",\"potentialAction\":[{\"@type\":\"ReadAction\",\"target\":[\"https:\/\/kecheslaw.com\/practice-areas\/personal-injury\/products-liability\/\"]}]},{\"@type\":\"BreadcrumbList\",\"@id\":\"https:\/\/kecheslaw.com\/practice-areas\/personal-injury\/products-liability\/#breadcrumb\",\"itemListElement\":[{\"@type\":\"ListItem\",\"position\":1,\"name\":\"Practice Areas\",\"item\":\"https:\/\/kecheslaw.com\/practice-areas\/\"},{\"@type\":\"ListItem\",\"position\":2,\"name\":\"Personal Injury Lawyers\",\"item\":\"https:\/\/kecheslaw.com\/practice-areas\/personal-injury\/\"},{\"@type\":\"ListItem\",\"position\":3,\"name\":\"Products Liability\"}]},{\"@type\":\"WebSite\",\"@id\":\"https:\/\/kecheslaw.com\/#website\",\"url\":\"https:\/\/kecheslaw.com\/\",\"name\":\"Keches Law Group\",\"description\":\"Workers&#039; Compensation and Injury Lawyers\",\"publisher\":{\"@id\":\"https:\/\/kecheslaw.com\/#organization\"},\"potentialAction\":[{\"@type\":\"SearchAction\",\"target\":{\"@type\":\"EntryPoint\",\"urlTemplate\":\"https:\/\/kecheslaw.com\/?s={search_term_string}\"},\"query-input\":\"required name=search_term_string\"}],\"inLanguage\":\"es\"},{\"@type\":\"Organization\",\"@id\":\"https:\/\/kecheslaw.com\/#organization\",\"name\":\"Keches Law Group\",\"url\":\"https:\/\/kecheslaw.com\/\",\"logo\":{\"@type\":\"ImageObject\",\"inLanguage\":\"es\",\"@id\":\"https:\/\/kecheslaw.com\/#\/schema\/logo\/image\/\",\"url\":\"https:\/\/kecheslaw.com\/wp-content\/uploads\/2018\/12\/sitefavicon.png\",\"contentUrl\":\"https:\/\/kecheslaw.com\/wp-content\/uploads\/2018\/12\/sitefavicon.png\",\"width\":512,\"height\":512,\"caption\":\"Keches Law Group\"},\"image\":{\"@id\":\"https:\/\/kecheslaw.com\/#\/schema\/logo\/image\/\"},\"sameAs\":[\"https:\/\/www.facebook.com\/kecheslaw\/\",\"https:\/\/twitter.com\/kecheslaw\",\"http:\/\/instagram.com\/kecheslaw\",\"https:\/\/www.linkedin.com\/company\/keches-law-group-pc\/about\/\",\"https:\/\/www.youtube.com\/channel\/UCtgkXK4oA0WNIO8HYmVIE9A\"]}]}<\/script>\n<!-- \/ Yoast SEO Premium plugin. -->","yoast_head_json":{"title":"Products Liability - Keches Law Group","description":"If you've been injured by a defective product, our products liability lawyers can help. We have over 30 years of experience.","robots":{"index":"index","follow":"follow","max-snippet":"max-snippet:-1","max-image-preview":"max-image-preview:large","max-video-preview":"max-video-preview:-1"},"canonical":"https:\/\/kecheslaw.com\/es\/areas-de-practica\/danos-personales\/productos-responsabilidad\/","og_locale":"es_ES","og_type":"article","og_title":"Products Liability","og_description":"If you've been injured by a defective product, our products liability lawyers can help. We have over 30 years of experience.","og_url":"https:\/\/kecheslaw.com\/es\/areas-de-practica\/danos-personales\/productos-responsabilidad\/","og_site_name":"Keches Law Group","article_publisher":"https:\/\/www.facebook.com\/kecheslaw\/","article_modified_time":"2023-05-16T16:13:41+00:00","twitter_card":"summary_large_image","twitter_site":"@kecheslaw","twitter_misc":{"Tiempo de lectura":"3 minutos"},"schema":{"@context":"https:\/\/schema.org","@graph":[{"@type":"WebPage","@id":"https:\/\/kecheslaw.com\/practice-areas\/personal-injury\/products-liability\/","url":"https:\/\/kecheslaw.com\/practice-areas\/personal-injury\/products-liability\/","name":"Products Liability - Keches Law Group","isPartOf":{"@id":"https:\/\/kecheslaw.com\/#website"},"datePublished":"2019-01-23T22:21:55+00:00","dateModified":"2023-05-16T16:13:41+00:00","description":"If you've been injured by a defective product, our products liability lawyers can help. We have over 30 years of experience.","breadcrumb":{"@id":"https:\/\/kecheslaw.com\/practice-areas\/personal-injury\/products-liability\/#breadcrumb"},"inLanguage":"es","potentialAction":[{"@type":"ReadAction","target":["https:\/\/kecheslaw.com\/practice-areas\/personal-injury\/products-liability\/"]}]},{"@type":"BreadcrumbList","@id":"https:\/\/kecheslaw.com\/practice-areas\/personal-injury\/products-liability\/#breadcrumb","itemListElement":[{"@type":"ListItem","position":1,"name":"Practice Areas","item":"https:\/\/kecheslaw.com\/practice-areas\/"},{"@type":"ListItem","position":2,"name":"Personal Injury Lawyers","item":"https:\/\/kecheslaw.com\/practice-areas\/personal-injury\/"},{"@type":"ListItem","position":3,"name":"Products Liability"}]},{"@type":"WebSite","@id":"https:\/\/kecheslaw.com\/#website","url":"https:\/\/kecheslaw.com\/","name":"Keches Law Group","description":"Workers&#039; Compensation and Injury Lawyers","publisher":{"@id":"https:\/\/kecheslaw.com\/#organization"},"potentialAction":[{"@type":"SearchAction","target":{"@type":"EntryPoint","urlTemplate":"https:\/\/kecheslaw.com\/?s={search_term_string}"},"query-input":"required name=search_term_string"}],"inLanguage":"es"},{"@type":"Organization","@id":"https:\/\/kecheslaw.com\/#organization","name":"Keches Law Group","url":"https:\/\/kecheslaw.com\/","logo":{"@type":"ImageObject","inLanguage":"es","@id":"https:\/\/kecheslaw.com\/#\/schema\/logo\/image\/","url":"https:\/\/kecheslaw.com\/wp-content\/uploads\/2018\/12\/sitefavicon.png","contentUrl":"https:\/\/kecheslaw.com\/wp-content\/uploads\/2018\/12\/sitefavicon.png","width":512,"height":512,"caption":"Keches Law Group"},"image":{"@id":"https:\/\/kecheslaw.com\/#\/schema\/logo\/image\/"},"sameAs":["https:\/\/www.facebook.com\/kecheslaw\/","https:\/\/twitter.com\/kecheslaw","http:\/\/instagram.com\/kecheslaw","https:\/\/www.linkedin.com\/company\/keches-law-group-pc\/about\/","https:\/\/www.youtube.com\/channel\/UCtgkXK4oA0WNIO8HYmVIE9A"]}]}},"_links":{"self":[{"href":"https:\/\/kecheslaw.com\/es\/wp-json\/wp\/v2\/pages\/2362","targetHints":{"allow":["GET"]}}],"collection":[{"href":"https:\/\/kecheslaw.com\/es\/wp-json\/wp\/v2\/pages"}],"about":[{"href":"https:\/\/kecheslaw.com\/es\/wp-json\/wp\/v2\/types\/page"}],"author":[{"embeddable":true,"href":"https:\/\/kecheslaw.com\/es\/wp-json\/wp\/v2\/users\/1"}],"replies":[{"embeddable":true,"href":"https:\/\/kecheslaw.com\/es\/wp-json\/wp\/v2\/comments?post=2362"}],"version-history":[{"count":0,"href":"https:\/\/kecheslaw.com\/es\/wp-json\/wp\/v2\/pages\/2362\/revisions"}],"up":[{"embeddable":true,"href":"https:\/\/kecheslaw.com\/es\/wp-json\/wp\/v2\/pages\/2076"}],"wp:attachment":[{"href":"https:\/\/kecheslaw.com\/es\/wp-json\/wp\/v2\/media?parent=2362"}],"curies":[{"name":"wp","href":"https:\/\/api.w.org\/{rel}","templated":true}]}}