{"id":2082,"date":"2018-12-04T17:38:32","date_gmt":"2018-12-04T17:38:32","guid":{"rendered":"http:\/\/kecheslaw.wpengine.com\/?page_id=2082"},"modified":"2023-05-16T16:13:26","modified_gmt":"2023-05-16T16:13:26","slug":"employment-law","status":"publish","type":"page","link":"https:\/\/kecheslaw.com\/es\/areas-de-practica\/derecho-laboral\/","title":{"rendered":"Abogados laboralistas"},"content":{"rendered":"<p>Keches Law Group asiste a los empleados en todos los aspectos del litigio laboral ante la Comisi\u00f3n contra la Discriminaci\u00f3n de Massachusetts, otros organismos gubernamentales, tribunales estatales y tribunales federales. Los abogados especializados en derecho laboral de Keches Law Group han asistido a empleados de todo Massachusetts en reclamaciones por despido improcedente, acoso y discriminaci\u00f3n por motivos de raza, g\u00e9nero, discapacidad, religi\u00f3n, origen nacional y condici\u00f3n de veterano. Nuestros abogados especializados en derecho laboral tambi\u00e9n tienen una gran experiencia en la negociaci\u00f3n de indemnizaciones, en la asistencia a las adaptaciones en el lugar de trabajo y en la presentaci\u00f3n de reclamaciones por impago de salarios, horas extras, clasificaci\u00f3n err\u00f3nea y otras infracciones salariales.<\/p>\n<p>Los abogados de derecho laboral de Keches Law Group han conseguido importantes <a href=\"\/es\/case-results\/\">premios y liquidaciones<\/a> de grandes corporaciones y entidades gubernamentales. Algunas de las \u00e1reas del derecho laboral en las que Keches Law Group tiene experiencia incluyen:<br \/>\n<div class=\"columns-shortcode row gutter-md\"><div class=\"flex-entry col col-xs-12 col-sm\"><ul>\n<li><a href=\"https:\/\/kecheslaw.com\/es\/areas-de-practica\/derecho-laboral\/empleo-discriminacion\/\">Discriminaci\u00f3n laboral<\/a><\/li>\n<li><a href=\"https:\/\/kecheslaw.com\/es\/areas-de-practica\/derecho-laboral\/cheque-final\/\">Lo que le corresponde en su \u00faltima n\u00f3mina<\/a><\/li>\n<li><a href=\"https:\/\/kecheslaw.com\/es\/areas-de-practica\/derecho-laboral\/empleados-a-voluntad\/\">Empleo a voluntad<\/a><\/li>\n<li><a href=\"https:\/\/kecheslaw.com\/es\/areas-de-practica\/derecho-laboral\/nueva-ley-de-baja-por-enfermedad\/\">La Ley de Baja por Enfermedad de Massachusetts<\/a><\/li>\n<li><a href=\"https:\/\/kecheslaw.com\/es\/areas-de-practica\/derecho-laboral\/la-violencia-domestica-ley-de-abandono-2\/\">La ley de licencia por violencia dom\u00e9stica de Massachusetts<\/a><\/li>\n<li><a href=\"https:\/\/kecheslaw.com\/es\/areas-de-practica\/derecho-laboral\/salarios-no-pagados\/\">Salarios no pagados<\/a><\/li>\n<li>Horas extras no pagadas<\/li>\n<li>Tasas salariales inadecuadas en proyectos de construcci\u00f3n p\u00fablica<\/li>\n<li>Discriminaci\u00f3n por discapacidad<\/li>\n<li>Discriminaci\u00f3n por edad<\/li>\n<li>Contrato de trabajo\/acuerdos<\/li>\n<li>Manuales del empleado<\/li>\n<li>Acuerdos de no competencia<\/li>\n<\/ul>\n<\/div>\n<div class=\"flex-entry col col-xs-12 col-sm\"><ul>\n<li>Discriminaci\u00f3n \u00e9tnica<\/li>\n<li>Ley de Baja Familiar y M\u00e9dica (FMLA)<\/li>\n<li>Ley de Normas Laborales Justas (FLSA)<\/li>\n<li>Discriminaci\u00f3n de g\u00e9nero<\/li>\n<li>Discriminaci\u00f3n por embarazo<\/li>\n<li>Ley de Contratistas Independientes de Massachusetts<\/li>\n<li>Discriminaci\u00f3n por origen nacional<\/li>\n<li>Planes de mejora del rendimiento<\/li>\n<li>Leyes de registro de personal<\/li>\n<li>Demandas Qui Tam<\/li>\n<li>Discriminaci\u00f3n racial<\/li>\n<\/ul>\n<\/div><\/div>\nEs importante ponerse en contacto con un abogado de derecho laboral tan pronto como sea posible, ya que hay estatutos muy cortos de limitaci\u00f3n (l\u00edmites de tiempo) para presentar una demanda por discriminaci\u00f3n o despido injustificado. P\u00f3ngase en contacto con los abogados de derecho laboral en Keches Law Group hoy para una consulta gratuita y confidencial para revisar cuidadosamente su asunto legal.<\/p>\n<p>Si cree que puede tener un caso de derecho laboral, no dude en ponerse en contacto con el departamento de derecho laboral de Keches Law Group llamando al 617-898-0808, o vis\u00edtenos en l\u00ednea para una consulta gratuita.<\/p>","protected":false},"excerpt":{"rendered":"<p>Keches Law Group asiste a los empleados en todos los aspectos del litigio laboral ante la Comisi\u00f3n contra la Discriminaci\u00f3n de Massachusetts, otros organismos gubernamentales, tribunales estatales y tribunales federales. Los abogados de derecho laboral de Keches Law Group han asistido a empleados de todo Massachusetts en reclamaciones por despido improcedente, acoso y discriminaci\u00f3n por motivos de raza, g\u00e9nero, discapacidad, religi\u00f3n, nacionalidad...<\/p>","protected":false},"author":2,"featured_media":2102,"parent":2062,"menu_order":0,"comment_status":"closed","ping_status":"closed","template":"","meta":{"_genesis_hide_title":false,"_genesis_hide_breadcrumbs":false,"_genesis_hide_singular_image":false,"_genesis_hide_footer_widgets":false,"_genesis_custom_body_class":"","_genesis_custom_post_class":"","_genesis_layout":"","footnotes":""},"class_list":{"0":"post-2082","1":"page","2":"type-page","3":"status-publish","4":"has-post-thumbnail","6":"entry"},"yoast_head":"<!-- This site is optimized with the Yoast SEO Premium plugin v20.6 (Yoast SEO v20.6) - https:\/\/yoast.com\/wordpress\/plugins\/seo\/ -->\n<title>Employment Lawyers - Keches Law Group<\/title>\n<meta name=\"description\" content=\"If you have been wrongfully terminated, harassed at work, or denied benefits, our employment lawyers can help.\" \/>\n<meta name=\"robots\" content=\"index, follow, max-snippet:-1, max-image-preview:large, max-video-preview:-1\" \/>\n<link rel=\"canonical\" href=\"https:\/\/kecheslaw.com\/es\/areas-de-practica\/derecho-laboral\/\" \/>\n<meta property=\"og:locale\" content=\"es_ES\" \/>\n<meta property=\"og:type\" content=\"article\" \/>\n<meta property=\"og:title\" content=\"Employment Lawyers\" \/>\n<meta property=\"og:description\" content=\"If you have been wrongfully terminated, harassed at work, or denied benefits, our employment lawyers can help.\" \/>\n<meta property=\"og:url\" content=\"https:\/\/kecheslaw.com\/es\/areas-de-practica\/derecho-laboral\/\" \/>\n<meta property=\"og:site_name\" content=\"Keches Law Group\" \/>\n<meta property=\"article:publisher\" content=\"https:\/\/www.facebook.com\/kecheslaw\/\" \/>\n<meta property=\"article:modified_time\" content=\"2023-05-16T16:13:26+00:00\" \/>\n<meta property=\"og:image\" content=\"https:\/\/kecheslaw.com\/wp-content\/uploads\/2018\/12\/thumb-employmentlaw.jpg\" \/>\n\t<meta property=\"og:image:width\" content=\"280\" \/>\n\t<meta property=\"og:image:height\" content=\"280\" \/>\n\t<meta property=\"og:image:type\" content=\"image\/jpeg\" \/>\n<meta name=\"twitter:card\" content=\"summary_large_image\" \/>\n<meta name=\"twitter:site\" content=\"@kecheslaw\" \/>\n<meta name=\"twitter:label1\" content=\"Tiempo de lectura\" \/>\n\t<meta name=\"twitter:data1\" content=\"1 minuto\" \/>\n<script type=\"application\/ld+json\" class=\"yoast-schema-graph\">{\"@context\":\"https:\/\/schema.org\",\"@graph\":[{\"@type\":\"WebPage\",\"@id\":\"https:\/\/kecheslaw.com\/practice-areas\/employment-law\/\",\"url\":\"https:\/\/kecheslaw.com\/practice-areas\/employment-law\/\",\"name\":\"Employment Lawyers - Keches Law Group\",\"isPartOf\":{\"@id\":\"https:\/\/kecheslaw.com\/#website\"},\"datePublished\":\"2018-12-04T17:38:32+00:00\",\"dateModified\":\"2023-05-16T16:13:26+00:00\",\"description\":\"If you have been wrongfully terminated, harassed at work, or denied benefits, our employment lawyers can help.\",\"breadcrumb\":{\"@id\":\"https:\/\/kecheslaw.com\/practice-areas\/employment-law\/#breadcrumb\"},\"inLanguage\":\"es\",\"potentialAction\":[{\"@type\":\"ReadAction\",\"target\":[\"https:\/\/kecheslaw.com\/practice-areas\/employment-law\/\"]}]},{\"@type\":\"BreadcrumbList\",\"@id\":\"https:\/\/kecheslaw.com\/practice-areas\/employment-law\/#breadcrumb\",\"itemListElement\":[{\"@type\":\"ListItem\",\"position\":1,\"name\":\"Practice Areas\",\"item\":\"https:\/\/kecheslaw.com\/practice-areas\/\"},{\"@type\":\"ListItem\",\"position\":2,\"name\":\"Employment Lawyers\"}]},{\"@type\":\"WebSite\",\"@id\":\"https:\/\/kecheslaw.com\/#website\",\"url\":\"https:\/\/kecheslaw.com\/\",\"name\":\"Keches Law Group\",\"description\":\"Workers&#039; Compensation and Injury Lawyers\",\"publisher\":{\"@id\":\"https:\/\/kecheslaw.com\/#organization\"},\"potentialAction\":[{\"@type\":\"SearchAction\",\"target\":{\"@type\":\"EntryPoint\",\"urlTemplate\":\"https:\/\/kecheslaw.com\/?s={search_term_string}\"},\"query-input\":\"required name=search_term_string\"}],\"inLanguage\":\"es\"},{\"@type\":\"Organization\",\"@id\":\"https:\/\/kecheslaw.com\/#organization\",\"name\":\"Keches Law Group\",\"url\":\"https:\/\/kecheslaw.com\/\",\"logo\":{\"@type\":\"ImageObject\",\"inLanguage\":\"es\",\"@id\":\"https:\/\/kecheslaw.com\/#\/schema\/logo\/image\/\",\"url\":\"https:\/\/kecheslaw.com\/wp-content\/uploads\/2018\/12\/sitefavicon.png\",\"contentUrl\":\"https:\/\/kecheslaw.com\/wp-content\/uploads\/2018\/12\/sitefavicon.png\",\"width\":512,\"height\":512,\"caption\":\"Keches Law Group\"},\"image\":{\"@id\":\"https:\/\/kecheslaw.com\/#\/schema\/logo\/image\/\"},\"sameAs\":[\"https:\/\/www.facebook.com\/kecheslaw\/\",\"https:\/\/twitter.com\/kecheslaw\",\"http:\/\/instagram.com\/kecheslaw\",\"https:\/\/www.linkedin.com\/company\/keches-law-group-pc\/about\/\",\"https:\/\/www.youtube.com\/channel\/UCtgkXK4oA0WNIO8HYmVIE9A\"]}]}<\/script>\n<!-- \/ Yoast SEO Premium plugin. -->","yoast_head_json":{"title":"Employment Lawyers - Keches Law Group","description":"If you have been wrongfully terminated, harassed at work, or denied benefits, our employment lawyers can help.","robots":{"index":"index","follow":"follow","max-snippet":"max-snippet:-1","max-image-preview":"max-image-preview:large","max-video-preview":"max-video-preview:-1"},"canonical":"https:\/\/kecheslaw.com\/es\/areas-de-practica\/derecho-laboral\/","og_locale":"es_ES","og_type":"article","og_title":"Employment Lawyers","og_description":"If you have been wrongfully terminated, harassed at work, or denied benefits, our employment lawyers can help.","og_url":"https:\/\/kecheslaw.com\/es\/areas-de-practica\/derecho-laboral\/","og_site_name":"Keches Law Group","article_publisher":"https:\/\/www.facebook.com\/kecheslaw\/","article_modified_time":"2023-05-16T16:13:26+00:00","og_image":[{"width":280,"height":280,"url":"https:\/\/kecheslaw.com\/wp-content\/uploads\/2018\/12\/thumb-employmentlaw.jpg","type":"image\/jpeg"}],"twitter_card":"summary_large_image","twitter_site":"@kecheslaw","twitter_misc":{"Tiempo de lectura":"1 minuto"},"schema":{"@context":"https:\/\/schema.org","@graph":[{"@type":"WebPage","@id":"https:\/\/kecheslaw.com\/practice-areas\/employment-law\/","url":"https:\/\/kecheslaw.com\/practice-areas\/employment-law\/","name":"Employment Lawyers - Keches Law Group","isPartOf":{"@id":"https:\/\/kecheslaw.com\/#website"},"datePublished":"2018-12-04T17:38:32+00:00","dateModified":"2023-05-16T16:13:26+00:00","description":"If you have been wrongfully terminated, harassed at work, or denied benefits, our employment lawyers can help.","breadcrumb":{"@id":"https:\/\/kecheslaw.com\/practice-areas\/employment-law\/#breadcrumb"},"inLanguage":"es","potentialAction":[{"@type":"ReadAction","target":["https:\/\/kecheslaw.com\/practice-areas\/employment-law\/"]}]},{"@type":"BreadcrumbList","@id":"https:\/\/kecheslaw.com\/practice-areas\/employment-law\/#breadcrumb","itemListElement":[{"@type":"ListItem","position":1,"name":"Practice Areas","item":"https:\/\/kecheslaw.com\/practice-areas\/"},{"@type":"ListItem","position":2,"name":"Employment Lawyers"}]},{"@type":"WebSite","@id":"https:\/\/kecheslaw.com\/#website","url":"https:\/\/kecheslaw.com\/","name":"Keches Law Group","description":"Workers&#039; Compensation and Injury Lawyers","publisher":{"@id":"https:\/\/kecheslaw.com\/#organization"},"potentialAction":[{"@type":"SearchAction","target":{"@type":"EntryPoint","urlTemplate":"https:\/\/kecheslaw.com\/?s={search_term_string}"},"query-input":"required name=search_term_string"}],"inLanguage":"es"},{"@type":"Organization","@id":"https:\/\/kecheslaw.com\/#organization","name":"Keches Law Group","url":"https:\/\/kecheslaw.com\/","logo":{"@type":"ImageObject","inLanguage":"es","@id":"https:\/\/kecheslaw.com\/#\/schema\/logo\/image\/","url":"https:\/\/kecheslaw.com\/wp-content\/uploads\/2018\/12\/sitefavicon.png","contentUrl":"https:\/\/kecheslaw.com\/wp-content\/uploads\/2018\/12\/sitefavicon.png","width":512,"height":512,"caption":"Keches Law Group"},"image":{"@id":"https:\/\/kecheslaw.com\/#\/schema\/logo\/image\/"},"sameAs":["https:\/\/www.facebook.com\/kecheslaw\/","https:\/\/twitter.com\/kecheslaw","http:\/\/instagram.com\/kecheslaw","https:\/\/www.linkedin.com\/company\/keches-law-group-pc\/about\/","https:\/\/www.youtube.com\/channel\/UCtgkXK4oA0WNIO8HYmVIE9A"]}]}},"_links":{"self":[{"href":"https:\/\/kecheslaw.com\/es\/wp-json\/wp\/v2\/pages\/2082","targetHints":{"allow":["GET"]}}],"collection":[{"href":"https:\/\/kecheslaw.com\/es\/wp-json\/wp\/v2\/pages"}],"about":[{"href":"https:\/\/kecheslaw.com\/es\/wp-json\/wp\/v2\/types\/page"}],"author":[{"embeddable":true,"href":"https:\/\/kecheslaw.com\/es\/wp-json\/wp\/v2\/users\/2"}],"replies":[{"embeddable":true,"href":"https:\/\/kecheslaw.com\/es\/wp-json\/wp\/v2\/comments?post=2082"}],"version-history":[{"count":0,"href":"https:\/\/kecheslaw.com\/es\/wp-json\/wp\/v2\/pages\/2082\/revisions"}],"up":[{"embeddable":true,"href":"https:\/\/kecheslaw.com\/es\/wp-json\/wp\/v2\/pages\/2062"}],"wp:featuredmedia":[{"embeddable":true,"href":"https:\/\/kecheslaw.com\/es\/wp-json\/wp\/v2\/media\/2102"}],"wp:attachment":[{"href":"https:\/\/kecheslaw.com\/es\/wp-json\/wp\/v2\/media?parent=2082"}],"curies":[{"name":"wp","href":"https:\/\/api.w.org\/{rel}","templated":true}]}}