{"id":2044,"date":"2018-12-04T14:24:25","date_gmt":"2018-12-04T14:24:25","guid":{"rendered":"http:\/\/kecheslaw.wpengine.com\/?page_id=2044"},"modified":"2021-07-06T16:37:30","modified_gmt":"2021-07-06T16:37:30","slug":"offices","status":"publish","type":"page","link":"https:\/\/kecheslaw.com\/es\/oficinas\/","title":{"rendered":"Ubicaci\u00f3n de las oficinas"},"content":{"rendered":"<p>Con ocho oficinas convenientemente ubicadas en Massachusetts, Rhode Island y New Hampshire, siempre estamos cerca si nos necesita. Haga clic en la ubicaci\u00f3n de Keches Injury Firm a continuaci\u00f3n para obtener la direcci\u00f3n completa para GPS y direcciones.<\/p>\n<p>Le animamos a que llame con antelaci\u00f3n para asegurarse de que su abogado est\u00e1 disponible antes de acudir.<\/p>\n<p>\u00bfNo puede venir a una de nuestras oficinas? No hay problema, podemos ir a verte o podemos organizar una sencilla conferencia web o una llamada telef\u00f3nica.<\/p>\n<div class=\"flex-grid\"><div class=\"row gutter-md\"><div class=\"flex-entry entry col col-xs-12 col-sm-6 gridblue post-3790 page type-page status-publish has-post-thumbnail boxed aspect-ratio has-bg-image has-bg-link has-overlay light-content\" style=\"--aspect-ratio:350\/263;\"><div class=\"aspect-outer\"><div class=\"aspect-inner column middle-xs center-xs text-xs-center\"><picture class=\"bg-picture\"><source srcset=\"https:\/\/kecheslaw.com\/wp-content\/uploads\/2022\/05\/Untitled-design-6-260x195.png\" media=\"(max-width: 260px)\"><img decoding=\"async\" width=\"300\" height=\"263\" src=\"https:\/\/kecheslaw.com\/wp-content\/uploads\/2022\/05\/Untitled-design-6-300x263.png\" class=\"wp-post-image bg-image\" alt=\"\" srcset=\"https:\/\/kecheslaw.com\/wp-content\/uploads\/2022\/05\/Untitled-design-6-300x263.png 300w, https:\/\/kecheslaw.com\/wp-content\/uploads\/2022\/05\/Untitled-design-6-12x12.png 12w\" sizes=\"(max-width: 300px) 100vw, 300px\" \/><\/picture><span class=\"overlay overlay-dark\"><\/span><header class=\"entry-header\"><h3 class=\"entry-title\"><a href=\"https:\/\/kecheslaw.com\/es\/oficinas\/bridgewater-ma-lesion-lawyers\/\" title=\"Bridgewater MA (Sede central)\">Bridgewater MA (Sede central)<\/a><\/h3><\/header><div class=\"entry-content\"><p class=\"more-link-wrap\"><a class=\"more-link\" href=\"https:\/\/kecheslaw.com\/es\/oficinas\/bridgewater-ma-lesion-lawyers\/\"><span class=\"screen-reader-text\">Bridgewater MA (Sede central)<\/span>Ver Oficina<\/a><\/p><\/div><a class=\"bg-link\" href=\"https:\/\/kecheslaw.com\/es\/oficinas\/bridgewater-ma-lesion-lawyers\/\"><span class=\"screen-reader-text\" aria-hidden=\"true\">Bridgewater MA (Sede central)<\/span><\/a><\/div><\/div><\/div><div class=\"flex-entry entry col col-xs-12 col-sm-6 gridblue post-2045 page type-page status-publish has-post-thumbnail boxed aspect-ratio has-bg-image has-bg-link has-overlay light-content\" style=\"--aspect-ratio:350\/263;\"><div class=\"aspect-outer\"><div class=\"aspect-inner column middle-xs center-xs text-xs-center\"><picture class=\"bg-picture\"><source srcset=\"https:\/\/kecheslaw.com\/wp-content\/uploads\/2019\/01\/injury-lawyer-boston-260x195.jpg\" media=\"(max-width: 260px)\"><img decoding=\"async\" width=\"300\" height=\"263\" src=\"https:\/\/kecheslaw.com\/wp-content\/uploads\/2019\/01\/injury-lawyer-boston-300x263.jpg\" class=\"wp-post-image bg-image\" alt=\"\" \/><\/picture><span class=\"overlay overlay-dark\"><\/span><header class=\"entry-header\"><h3 class=\"entry-title\"><a href=\"https:\/\/kecheslaw.com\/es\/oficinas\/milton-ma-injury-lawyers\/\" title=\"Milton MA\">Milton MA<\/a><\/h3><\/header><div class=\"entry-content\"><p class=\"more-link-wrap\"><a class=\"more-link\" href=\"https:\/\/kecheslaw.com\/es\/oficinas\/milton-ma-injury-lawyers\/\"><span class=\"screen-reader-text\">Milton MA<\/span>Ver Oficina<\/a><\/p><\/div><a class=\"bg-link\" href=\"https:\/\/kecheslaw.com\/es\/oficinas\/milton-ma-injury-lawyers\/\"><span class=\"screen-reader-text\" aria-hidden=\"true\">Milton MA<\/span><\/a><\/div><\/div><\/div><div class=\"flex-entry entry col col-xs-12 col-sm-6 gridblue post-2046 page type-page status-publish has-post-thumbnail boxed aspect-ratio has-bg-image has-bg-link has-overlay light-content\" style=\"--aspect-ratio:350\/263;\"><div class=\"aspect-outer\"><div class=\"aspect-inner column middle-xs center-xs text-xs-center\"><picture class=\"bg-picture\"><source srcset=\"https:\/\/kecheslaw.com\/wp-content\/uploads\/2019\/01\/injury-lawyer-taunton-260x195.jpg\" media=\"(max-width: 260px)\"><img decoding=\"async\" width=\"300\" height=\"263\" src=\"https:\/\/kecheslaw.com\/wp-content\/uploads\/2019\/01\/injury-lawyer-taunton-300x263.jpg\" class=\"wp-post-image bg-image\" alt=\"\" \/><\/picture><span class=\"overlay overlay-dark\"><\/span><header class=\"entry-header\"><h3 class=\"entry-title\"><a href=\"https:\/\/kecheslaw.com\/es\/oficinas\/taunton-ma-lesion-lawyers\/\" title=\"Taunton MA\">Taunton MA<\/a><\/h3><\/header><div class=\"entry-content\"><p class=\"more-link-wrap\"><a class=\"more-link\" href=\"https:\/\/kecheslaw.com\/es\/oficinas\/taunton-ma-lesion-lawyers\/\"><span class=\"screen-reader-text\">Taunton MA<\/span>Ver Oficina<\/a><\/p><\/div><a class=\"bg-link\" href=\"https:\/\/kecheslaw.com\/es\/oficinas\/taunton-ma-lesion-lawyers\/\"><span class=\"screen-reader-text\" aria-hidden=\"true\">Taunton MA<\/span><\/a><\/div><\/div><\/div><div class=\"flex-entry entry col col-xs-12 col-sm-6 gridblue post-2049 page type-page status-publish has-post-thumbnail boxed aspect-ratio has-bg-image has-bg-link has-overlay light-content\" style=\"--aspect-ratio:350\/263;\"><div class=\"aspect-outer\"><div class=\"aspect-inner column middle-xs center-xs text-xs-center\"><picture class=\"bg-picture\"><source srcset=\"https:\/\/kecheslaw.com\/wp-content\/uploads\/2019\/01\/injury-lawyer-worcester-260x195.jpg\" media=\"(max-width: 260px)\"><img decoding=\"async\" width=\"300\" height=\"263\" src=\"https:\/\/kecheslaw.com\/wp-content\/uploads\/2019\/01\/injury-lawyer-worcester-300x263.jpg\" class=\"wp-post-image bg-image\" alt=\"\" \/><\/picture><span class=\"overlay overlay-dark\"><\/span><header class=\"entry-header\"><h3 class=\"entry-title\"><a href=\"https:\/\/kecheslaw.com\/es\/oficinas\/worcester-ma-lesiones-abogados\/\" title=\"Worcester MA\">Worcester MA<\/a><\/h3><\/header><div class=\"entry-content\"><p class=\"more-link-wrap\"><a class=\"more-link\" href=\"https:\/\/kecheslaw.com\/es\/oficinas\/worcester-ma-lesiones-abogados\/\"><span class=\"screen-reader-text\">Worcester MA<\/span>Ver Oficina<\/a><\/p><\/div><a class=\"bg-link\" href=\"https:\/\/kecheslaw.com\/es\/oficinas\/worcester-ma-lesiones-abogados\/\"><span class=\"screen-reader-text\" aria-hidden=\"true\">Worcester MA<\/span><\/a><\/div><\/div><\/div><div class=\"flex-entry entry col col-xs-12 col-sm-6 gridblue post-2047 page type-page status-publish has-post-thumbnail boxed aspect-ratio has-bg-image has-bg-link has-overlay light-content\" style=\"--aspect-ratio:350\/263;\"><div class=\"aspect-outer\"><div class=\"aspect-inner column middle-xs center-xs text-xs-center\"><picture class=\"bg-picture\"><source srcset=\"https:\/\/kecheslaw.com\/wp-content\/uploads\/2019\/01\/injury-lawyer-fall-river-260x195.jpg\" media=\"(max-width: 260px)\"><img decoding=\"async\" width=\"300\" height=\"263\" src=\"https:\/\/kecheslaw.com\/wp-content\/uploads\/2019\/01\/injury-lawyer-fall-river-300x263.jpg\" class=\"wp-post-image bg-image\" alt=\"\" \/><\/picture><span class=\"overlay overlay-dark\"><\/span><header class=\"entry-header\"><h3 class=\"entry-title\"><a href=\"https:\/\/kecheslaw.com\/es\/oficinas\/abogados-de-lesiones-de-fall-river-ma\/\" title=\"Fall River MA\">Fall River MA<\/a><\/h3><\/header><div class=\"entry-content\"><p class=\"more-link-wrap\"><a class=\"more-link\" href=\"https:\/\/kecheslaw.com\/es\/oficinas\/abogados-de-lesiones-de-fall-river-ma\/\"><span class=\"screen-reader-text\">Fall River MA<\/span>Ver Oficina<\/a><\/p><\/div><a class=\"bg-link\" href=\"https:\/\/kecheslaw.com\/es\/oficinas\/abogados-de-lesiones-de-fall-river-ma\/\"><span class=\"screen-reader-text\" aria-hidden=\"true\">Fall River MA<\/span><\/a><\/div><\/div><\/div><div class=\"flex-entry entry col col-xs-12 col-sm-6 gridblue post-2048 page type-page status-publish has-post-thumbnail boxed aspect-ratio has-bg-image has-bg-link has-overlay light-content\" style=\"--aspect-ratio:350\/263;\"><div class=\"aspect-outer\"><div class=\"aspect-inner column middle-xs center-xs text-xs-center\"><picture class=\"bg-picture\"><source srcset=\"https:\/\/kecheslaw.com\/wp-content\/uploads\/2019\/01\/injury-lawyer-new-bedford-260x195.jpg\" media=\"(max-width: 260px)\"><img decoding=\"async\" width=\"300\" height=\"263\" src=\"https:\/\/kecheslaw.com\/wp-content\/uploads\/2019\/01\/injury-lawyer-new-bedford-300x263.jpg\" class=\"wp-post-image bg-image\" alt=\"\" \/><\/picture><span class=\"overlay overlay-dark\"><\/span><header class=\"entry-header\"><h3 class=\"entry-title\"><a href=\"https:\/\/kecheslaw.com\/es\/oficinas\/new-bedford-ma-injury-lawyers\/\" title=\"New Bedford MA\">New Bedford MA<\/a><\/h3><\/header><div class=\"entry-content\"><p class=\"more-link-wrap\"><a class=\"more-link\" href=\"https:\/\/kecheslaw.com\/es\/oficinas\/new-bedford-ma-injury-lawyers\/\"><span class=\"screen-reader-text\">New Bedford MA<\/span>Ver Oficina<\/a><\/p><\/div><a class=\"bg-link\" href=\"https:\/\/kecheslaw.com\/es\/oficinas\/new-bedford-ma-injury-lawyers\/\"><span class=\"screen-reader-text\" aria-hidden=\"true\">New Bedford MA<\/span><\/a><\/div><\/div><\/div><div class=\"flex-entry entry col col-xs-12 col-sm-6 gridblue post-194495 page type-page status-publish has-post-thumbnail boxed aspect-ratio has-bg-image has-bg-link has-overlay light-content\" style=\"--aspect-ratio:350\/263;\"><div class=\"aspect-outer\"><div class=\"aspect-inner column middle-xs center-xs text-xs-center\"><picture class=\"bg-picture\"><source srcset=\"https:\/\/kecheslaw.com\/wp-content\/uploads\/2023\/05\/Lawrence-MA-260x195.png\" media=\"(max-width: 260px)\"><img decoding=\"async\" width=\"300\" height=\"263\" src=\"https:\/\/kecheslaw.com\/wp-content\/uploads\/2023\/05\/Lawrence-MA-300x263.png\" class=\"wp-post-image bg-image\" alt=\"\" srcset=\"https:\/\/kecheslaw.com\/wp-content\/uploads\/2023\/05\/Lawrence-MA-300x263.png 300w, https:\/\/kecheslaw.com\/wp-content\/uploads\/2023\/05\/Lawrence-MA-12x12.png 12w\" sizes=\"(max-width: 300px) 100vw, 300px\" \/><\/picture><span class=\"overlay overlay-dark\"><\/span><header class=\"entry-header\"><h3 class=\"entry-title\"><a href=\"https:\/\/kecheslaw.com\/es\/oficinas\/lawrence-ma\/\" title=\"Connecticut\">Connecticut<\/a><\/h3><\/header><div class=\"entry-content\"><p class=\"more-link-wrap\"><a class=\"more-link\" href=\"https:\/\/kecheslaw.com\/es\/oficinas\/lawrence-ma\/\"><span class=\"screen-reader-text\">Connecticut<\/span>Ver Oficina<\/a><\/p><\/div><a class=\"bg-link\" href=\"https:\/\/kecheslaw.com\/es\/oficinas\/lawrence-ma\/\"><span class=\"screen-reader-text\" aria-hidden=\"true\">Connecticut<\/span><\/a><\/div><\/div><\/div><div class=\"flex-entry entry col col-xs-12 col-sm-6 gridblue post-2050 page type-page status-publish has-post-thumbnail boxed aspect-ratio has-bg-image has-bg-link has-overlay light-content\" style=\"--aspect-ratio:350\/263;\"><div class=\"aspect-outer\"><div class=\"aspect-inner column middle-xs center-xs text-xs-center\"><picture class=\"bg-picture\"><source srcset=\"https:\/\/kecheslaw.com\/wp-content\/uploads\/2019\/01\/injury-lawyers-providence-260x195.jpg\" media=\"(max-width: 260px)\"><img decoding=\"async\" width=\"300\" height=\"263\" src=\"https:\/\/kecheslaw.com\/wp-content\/uploads\/2019\/01\/injury-lawyers-providence-300x263.jpg\" class=\"wp-post-image bg-image\" alt=\"\" \/><\/picture><span class=\"overlay overlay-dark\"><\/span><header class=\"entry-header\"><h3 class=\"entry-title\"><a href=\"https:\/\/kecheslaw.com\/es\/oficinas\/providence-ri-injury-lawyers\/\" title=\"Providence RI\">Providence RI<\/a><\/h3><\/header><div class=\"entry-content\"><p class=\"more-link-wrap\"><a class=\"more-link\" href=\"https:\/\/kecheslaw.com\/es\/oficinas\/providence-ri-injury-lawyers\/\"><span class=\"screen-reader-text\">Providence RI<\/span>Ver Oficina<\/a><\/p><\/div><a class=\"bg-link\" href=\"https:\/\/kecheslaw.com\/es\/oficinas\/providence-ri-injury-lawyers\/\"><span class=\"screen-reader-text\" aria-hidden=\"true\">Providence RI<\/span><\/a><\/div><\/div><\/div><div class=\"flex-entry entry col col-xs-12 col-sm-6 gridblue post-3114 page type-page status-publish has-post-thumbnail boxed aspect-ratio has-bg-image has-bg-link has-overlay light-content\" style=\"--aspect-ratio:350\/263;\"><div class=\"aspect-outer\"><div class=\"aspect-inner column middle-xs center-xs text-xs-center\"><picture class=\"bg-picture\"><source srcset=\"https:\/\/kecheslaw.com\/wp-content\/uploads\/2019\/07\/portsmouthnh-260x195.jpg\" media=\"(max-width: 260px)\"><img decoding=\"async\" width=\"300\" height=\"263\" src=\"https:\/\/kecheslaw.com\/wp-content\/uploads\/2019\/07\/portsmouthnh-300x263.jpg\" class=\"wp-post-image bg-image\" alt=\"Nuevo Hampshire\" \/><\/picture><span class=\"overlay overlay-dark\"><\/span><header class=\"entry-header\"><h3 class=\"entry-title\"><a href=\"https:\/\/kecheslaw.com\/es\/oficinas\/portsmouth-nh\/\" title=\"Portsmouth NH\">Portsmouth NH<\/a><\/h3><\/header><div class=\"entry-content\"><p class=\"more-link-wrap\"><a class=\"more-link\" href=\"https:\/\/kecheslaw.com\/es\/oficinas\/portsmouth-nh\/\"><span class=\"screen-reader-text\">Portsmouth NH<\/span>Ver Oficina<\/a><\/p><\/div><a class=\"bg-link\" href=\"https:\/\/kecheslaw.com\/es\/oficinas\/portsmouth-nh\/\"><span class=\"screen-reader-text\" aria-hidden=\"true\">Portsmouth NH<\/span><\/a><\/div><\/div><\/div><div class=\"flex-entry entry col col-xs-12 col-sm-6 gridblue post-91234 page type-page status-publish has-post-thumbnail boxed aspect-ratio has-bg-image has-bg-link has-overlay light-content\" style=\"--aspect-ratio:350\/263;\"><div class=\"aspect-outer\"><div class=\"aspect-inner column middle-xs center-xs text-xs-center\"><picture class=\"bg-picture\"><source srcset=\"https:\/\/kecheslaw.com\/wp-content\/uploads\/2022\/05\/Untitled-design-5-260x195.png\" media=\"(max-width: 260px)\"><img decoding=\"async\" width=\"300\" height=\"263\" src=\"https:\/\/kecheslaw.com\/wp-content\/uploads\/2022\/05\/Untitled-design-5-300x263.png\" class=\"wp-post-image bg-image\" alt=\"Keches Law Pennsylvania\" srcset=\"https:\/\/kecheslaw.com\/wp-content\/uploads\/2022\/05\/Untitled-design-5-300x263.png 300w, https:\/\/kecheslaw.com\/wp-content\/uploads\/2022\/05\/Untitled-design-5-12x12.png 12w\" sizes=\"(max-width: 300px) 100vw, 300px\" \/><\/picture><span class=\"overlay overlay-dark\"><\/span><header class=\"entry-header\"><h3 class=\"entry-title\"><a href=\"https:\/\/kecheslaw.com\/es\/oficinas\/abogados-de-lesiones-de-fall-river-ma\/\" title=\"Abogados de lesiones de Filadelfia\">Abogados de lesiones de Filadelfia<\/a><\/h3><\/header><div class=\"entry-content\"><p class=\"more-link-wrap\"><a class=\"more-link\" href=\"https:\/\/kecheslaw.com\/es\/oficinas\/abogados-de-lesiones-de-fall-river-ma\/\"><span class=\"screen-reader-text\">Abogados de lesiones de Filadelfia<\/span>Ver Oficina<\/a><\/p><\/div><a class=\"bg-link\" href=\"https:\/\/kecheslaw.com\/es\/oficinas\/abogados-de-lesiones-de-fall-river-ma\/\"><span class=\"screen-reader-text\" aria-hidden=\"true\">Abogados de lesiones de Filadelfia<\/span><\/a><\/div><\/div><\/div><div class=\"flex-entry entry col col-xs-12 col-sm-6 gridblue post-96071 page type-page status-publish has-post-thumbnail boxed aspect-ratio has-bg-image has-bg-link has-overlay light-content\" style=\"--aspect-ratio:350\/263;\"><div class=\"aspect-outer\"><div class=\"aspect-inner column middle-xs center-xs text-xs-center\"><picture class=\"bg-picture\"><source srcset=\"https:\/\/kecheslaw.com\/wp-content\/uploads\/2022\/07\/2-260x195.png\" media=\"(max-width: 260px)\"><img decoding=\"async\" width=\"300\" height=\"263\" src=\"https:\/\/kecheslaw.com\/wp-content\/uploads\/2022\/07\/2-300x263.png\" class=\"wp-post-image bg-image\" alt=\"\" srcset=\"https:\/\/kecheslaw.com\/wp-content\/uploads\/2022\/07\/2-300x263.png 300w, https:\/\/kecheslaw.com\/wp-content\/uploads\/2022\/07\/2-12x12.png 12w\" sizes=\"(max-width: 300px) 100vw, 300px\" \/><\/picture><span class=\"overlay overlay-dark\"><\/span><header class=\"entry-header\"><h3 class=\"entry-title\"><a href=\"https:\/\/kecheslaw.com\/es\/oficinas\/charlotte-nc\/\" title=\"Charlotte NC\">Charlotte NC<\/a><\/h3><\/header><div class=\"entry-content\"><p class=\"more-link-wrap\"><a class=\"more-link\" href=\"https:\/\/kecheslaw.com\/es\/oficinas\/charlotte-nc\/\"><span class=\"screen-reader-text\">Charlotte NC<\/span>Ver Oficina<\/a><\/p><\/div><a class=\"bg-link\" href=\"https:\/\/kecheslaw.com\/es\/oficinas\/charlotte-nc\/\"><span class=\"screen-reader-text\" aria-hidden=\"true\">Charlotte NC<\/span><\/a><\/div><\/div><\/div><\/div><\/div>","protected":false},"excerpt":{"rendered":"<p>Con ocho oficinas convenientemente ubicadas en Massachusetts, Rhode Island y New Hampshire, siempre estamos cerca si nos necesita. Haga clic en la ubicaci\u00f3n de Keches Injury Firm a continuaci\u00f3n para obtener la direcci\u00f3n completa para GPS y direcciones. Le recomendamos que llame con antelaci\u00f3n para asegurarse de que su abogado est\u00e1 disponible antes de ir. No se puede hacer en uno ...<\/p>","protected":false},"author":2,"featured_media":0,"parent":0,"menu_order":0,"comment_status":"closed","ping_status":"closed","template":"","meta":{"_genesis_hide_title":false,"_genesis_hide_breadcrumbs":false,"_genesis_hide_singular_image":false,"_genesis_hide_footer_widgets":false,"_genesis_custom_body_class":"","_genesis_custom_post_class":"","_genesis_layout":"","footnotes":""},"class_list":{"0":"post-2044","1":"page","2":"type-page","3":"status-publish","5":"entry","6":"has-post-thumbnail"},"yoast_head":"<!-- This site is optimized with the Yoast SEO Premium plugin v20.6 (Yoast SEO v20.6) - https:\/\/yoast.com\/wordpress\/plugins\/seo\/ -->\n<title>Injury Law Firm Office Locations in New England - Keches Law Group<\/title>\n<meta name=\"description\" content=\"Massachusetts injury law firm with convenient locations across New England, including New Hampshire and Rhode Island.\" \/>\n<meta name=\"robots\" content=\"index, follow, max-snippet:-1, max-image-preview:large, max-video-preview:-1\" \/>\n<link rel=\"canonical\" href=\"https:\/\/kecheslaw.com\/es\/oficinas\/\" \/>\n<meta property=\"og:locale\" content=\"es_ES\" \/>\n<meta property=\"og:type\" content=\"article\" \/>\n<meta property=\"og:title\" content=\"Office Locations\" \/>\n<meta property=\"og:description\" content=\"Massachusetts injury law firm with convenient locations across New England, including New Hampshire and Rhode Island.\" \/>\n<meta property=\"og:url\" content=\"https:\/\/kecheslaw.com\/es\/oficinas\/\" \/>\n<meta property=\"og:site_name\" content=\"Keches Law Group\" \/>\n<meta property=\"article:publisher\" content=\"https:\/\/www.facebook.com\/kecheslaw\/\" \/>\n<meta property=\"article:modified_time\" content=\"2021-07-06T16:37:30+00:00\" \/>\n<meta name=\"twitter:card\" content=\"summary_large_image\" \/>\n<meta name=\"twitter:site\" content=\"@kecheslaw\" \/>\n<meta name=\"twitter:label1\" content=\"Tiempo de lectura\" \/>\n\t<meta name=\"twitter:data1\" content=\"1 minuto\" \/>\n<script type=\"application\/ld+json\" class=\"yoast-schema-graph\">{\"@context\":\"https:\/\/schema.org\",\"@graph\":[{\"@type\":\"WebPage\",\"@id\":\"https:\/\/kecheslaw.com\/offices\/\",\"url\":\"https:\/\/kecheslaw.com\/offices\/\",\"name\":\"Injury Law Firm Office Locations in New England - Keches Law Group\",\"isPartOf\":{\"@id\":\"https:\/\/kecheslaw.com\/#website\"},\"datePublished\":\"2018-12-04T14:24:25+00:00\",\"dateModified\":\"2021-07-06T16:37:30+00:00\",\"description\":\"Massachusetts injury law firm with convenient locations across New England, including New Hampshire and Rhode Island.\",\"inLanguage\":\"es\",\"potentialAction\":[{\"@type\":\"ReadAction\",\"target\":[\"https:\/\/kecheslaw.com\/offices\/\"]}]},{\"@type\":\"WebSite\",\"@id\":\"https:\/\/kecheslaw.com\/#website\",\"url\":\"https:\/\/kecheslaw.com\/\",\"name\":\"Keches Law Group\",\"description\":\"Workers&#039; Compensation and Injury Lawyers\",\"publisher\":{\"@id\":\"https:\/\/kecheslaw.com\/#organization\"},\"potentialAction\":[{\"@type\":\"SearchAction\",\"target\":{\"@type\":\"EntryPoint\",\"urlTemplate\":\"https:\/\/kecheslaw.com\/?s={search_term_string}\"},\"query-input\":\"required name=search_term_string\"}],\"inLanguage\":\"es\"},{\"@type\":\"Organization\",\"@id\":\"https:\/\/kecheslaw.com\/#organization\",\"name\":\"Keches Law Group\",\"url\":\"https:\/\/kecheslaw.com\/\",\"logo\":{\"@type\":\"ImageObject\",\"inLanguage\":\"es\",\"@id\":\"https:\/\/kecheslaw.com\/#\/schema\/logo\/image\/\",\"url\":\"https:\/\/kecheslaw.com\/wp-content\/uploads\/2018\/12\/sitefavicon.png\",\"contentUrl\":\"https:\/\/kecheslaw.com\/wp-content\/uploads\/2018\/12\/sitefavicon.png\",\"width\":512,\"height\":512,\"caption\":\"Keches Law Group\"},\"image\":{\"@id\":\"https:\/\/kecheslaw.com\/#\/schema\/logo\/image\/\"},\"sameAs\":[\"https:\/\/www.facebook.com\/kecheslaw\/\",\"https:\/\/twitter.com\/kecheslaw\",\"http:\/\/instagram.com\/kecheslaw\",\"https:\/\/www.linkedin.com\/company\/keches-law-group-pc\/about\/\",\"https:\/\/www.youtube.com\/channel\/UCtgkXK4oA0WNIO8HYmVIE9A\"]}]}<\/script>\n<!-- \/ Yoast SEO Premium plugin. -->","yoast_head_json":{"title":"Injury Law Firm Office Locations in New England - Keches Law Group","description":"Massachusetts injury law firm with convenient locations across New England, including New Hampshire and Rhode Island.","robots":{"index":"index","follow":"follow","max-snippet":"max-snippet:-1","max-image-preview":"max-image-preview:large","max-video-preview":"max-video-preview:-1"},"canonical":"https:\/\/kecheslaw.com\/es\/oficinas\/","og_locale":"es_ES","og_type":"article","og_title":"Office Locations","og_description":"Massachusetts injury law firm with convenient locations across New England, including New Hampshire and Rhode Island.","og_url":"https:\/\/kecheslaw.com\/es\/oficinas\/","og_site_name":"Keches Law Group","article_publisher":"https:\/\/www.facebook.com\/kecheslaw\/","article_modified_time":"2021-07-06T16:37:30+00:00","twitter_card":"summary_large_image","twitter_site":"@kecheslaw","twitter_misc":{"Tiempo de lectura":"1 minuto"},"schema":{"@context":"https:\/\/schema.org","@graph":[{"@type":"WebPage","@id":"https:\/\/kecheslaw.com\/offices\/","url":"https:\/\/kecheslaw.com\/offices\/","name":"Injury Law Firm Office Locations in New England - Keches Law Group","isPartOf":{"@id":"https:\/\/kecheslaw.com\/#website"},"datePublished":"2018-12-04T14:24:25+00:00","dateModified":"2021-07-06T16:37:30+00:00","description":"Massachusetts injury law firm with convenient locations across New England, including New Hampshire and Rhode Island.","inLanguage":"es","potentialAction":[{"@type":"ReadAction","target":["https:\/\/kecheslaw.com\/offices\/"]}]},{"@type":"WebSite","@id":"https:\/\/kecheslaw.com\/#website","url":"https:\/\/kecheslaw.com\/","name":"Keches Law Group","description":"Workers&#039; Compensation and Injury Lawyers","publisher":{"@id":"https:\/\/kecheslaw.com\/#organization"},"potentialAction":[{"@type":"SearchAction","target":{"@type":"EntryPoint","urlTemplate":"https:\/\/kecheslaw.com\/?s={search_term_string}"},"query-input":"required name=search_term_string"}],"inLanguage":"es"},{"@type":"Organization","@id":"https:\/\/kecheslaw.com\/#organization","name":"Keches Law Group","url":"https:\/\/kecheslaw.com\/","logo":{"@type":"ImageObject","inLanguage":"es","@id":"https:\/\/kecheslaw.com\/#\/schema\/logo\/image\/","url":"https:\/\/kecheslaw.com\/wp-content\/uploads\/2018\/12\/sitefavicon.png","contentUrl":"https:\/\/kecheslaw.com\/wp-content\/uploads\/2018\/12\/sitefavicon.png","width":512,"height":512,"caption":"Keches Law Group"},"image":{"@id":"https:\/\/kecheslaw.com\/#\/schema\/logo\/image\/"},"sameAs":["https:\/\/www.facebook.com\/kecheslaw\/","https:\/\/twitter.com\/kecheslaw","http:\/\/instagram.com\/kecheslaw","https:\/\/www.linkedin.com\/company\/keches-law-group-pc\/about\/","https:\/\/www.youtube.com\/channel\/UCtgkXK4oA0WNIO8HYmVIE9A"]}]}},"_links":{"self":[{"href":"https:\/\/kecheslaw.com\/es\/wp-json\/wp\/v2\/pages\/2044","targetHints":{"allow":["GET"]}}],"collection":[{"href":"https:\/\/kecheslaw.com\/es\/wp-json\/wp\/v2\/pages"}],"about":[{"href":"https:\/\/kecheslaw.com\/es\/wp-json\/wp\/v2\/types\/page"}],"author":[{"embeddable":true,"href":"https:\/\/kecheslaw.com\/es\/wp-json\/wp\/v2\/users\/2"}],"replies":[{"embeddable":true,"href":"https:\/\/kecheslaw.com\/es\/wp-json\/wp\/v2\/comments?post=2044"}],"version-history":[{"count":0,"href":"https:\/\/kecheslaw.com\/es\/wp-json\/wp\/v2\/pages\/2044\/revisions"}],"wp:attachment":[{"href":"https:\/\/kecheslaw.com\/es\/wp-json\/wp\/v2\/media?parent=2044"}],"curies":[{"name":"wp","href":"https:\/\/api.w.org\/{rel}","templated":true}]}}